{"id":2082,"date":"2020-06-24T06:57:23","date_gmt":"2020-06-24T06:57:23","guid":{"rendered":"https:\/\/adminfo.umfst.ro\/?page_id=2082"},"modified":"2020-06-30T05:48:02","modified_gmt":"2020-06-30T05:48:02","slug":"felveteli-tajekoztato-2020","status":"publish","type":"page","link":"https:\/\/adminfo.umfst.ro\/hu\/felveteli-tajekoztato-2020\/","title":{"rendered":"Felv\u00e9telivel kapcsolatos  tudnival\u00f3k 2020  &#8211; MG"},"content":{"rendered":"\n<p><strong>Felv\u00e9teli felt\u00e9telek &#8211; alapk\u00e9pz\u00e9s<\/strong><\/p>\n\n\n\n<p>A beiratkoz\u00e1ssal kapcsolatos tudnival\u00f3kat, tov\u00e1bb\u00e1 az egyes szakok \u00edr\u00e1sbeli vagy gyakorlati vizsgaid\u0151pontj\u00e1t \u00e9s hely\u00e9t az egyetem honlapj\u00e1n hirdetj\u00fck.<\/p>\n\n\n\n<p>Javasoljuk, hogy naprak\u00e9sz, hivatalos inform\u00e1ci\u00f3k\u00e9rt rendszeresen k\u00f6vesse az egyetem honlapj\u00e1n magyarul \u00e9s rom\u00e1nul k\u00f6zz\u00e9tett tudnival\u00f3kat.<\/p>\n\n\n\n<p>2020-ban a felv\u00e9telire j\u00faliusi 26-\u00e1n ker\u00fcl sor, a felv\u00e9teliz\u0151k egyetlen szakra jelentkezhetnek. A felv\u00e9teli vizsg\u00e1ra val\u00f3 beiratkoz\u00e1s kiz\u00e1r\u00f3lag online regisztr\u00e1ci\u00f3s port\u00e1l seg\u00edts\u00e9g\u00e9vel t\u00f6rt\u00e9nik, amely napi 24 \u00f3r\u00e1ban el\u00e9rhet\u0151.<\/p>\n\n\n\n<p>A beiratkoz\u00e1s felt\u00e9tele az \u00e9rv\u00e9nyes \u00e9retts\u00e9gi diploma, vagy azzal ekvivalens igazol\u00e1s.<\/p>\n\n\n\n<p>B\u00e1rmely szakon a rom\u00e1n \u00e1llampolg\u00e1rs\u00e1g\u00fa szem\u00e9lyekkel azonos felt\u00e9telek mellett felv\u00e9telire jelentkezhetnek azon nem rom\u00e1n \u00e1llampolg\u00e1rs\u00e1g\u00fa szem\u00e9lyek, akik az Eur\u00f3pai Uni\u00f3 tagorsz\u00e1gainak, az Eur\u00f3pai Gazdas\u00e1gi T\u00e9rs\u00e9g orsz\u00e1gainak vagy a Sv\u00e1jci Konf\u00f6der\u00e1ci\u00f3nak az \u00e1llampolg\u00e1rai, bele\u00e9rtve a tand\u00edj m\u00e9rt\u00e9k\u00e9t is. Sz\u00e1mukra sz\u00fcks\u00e9ges a Rom\u00e1ni\u00e1n k\u00edv\u00fcli tanulm\u00e1nyok elismertet\u00e9se, amit egy erre a c\u00e9lre l\u00e9trehozott bizotts\u00e1g v\u00e9gez a tan\u00fcgyminiszt\u00e9rium keret\u00e9ben (Centrul Na\u0163ional pentru Recunoa\u015fterea \u015fi Echivalarea Diplomelor). A diploma elismer\u00e9s\u00e9t igazol\u00f3 irat bemutat\u00e1sa sz\u00e1mukra a felv\u00e9teli vizsga felt\u00e9tele.<\/p>\n\n\n\n<p>B\u0151vebb inform\u00e1ci\u00f3t tartalmaz az Iratkoz\u00e1si t\u00e1j\u00e9koztat\u00f3 minden jelentkez\u0151 sz\u00e1m\u00e1ra.<\/p>\n\n\n\n<p><strong>Kiv\u00e1laszt\u00e1si ism\u00e9rvek \u2013 alapk\u00e9pz\u00e9s<\/strong><\/p>\n\n\n\n<p><strong>I. Orvosi szak<\/strong><\/p>\n\n\n\n<p>A felv\u00e9teli vizsga id\u0151pontja 2020. j\u00falius 26., lebonyol\u00edt\u00e1sa hagyom\u00e1nyos (on-site) rendszerben t\u00f6rt\u00e9nik a fizikai t\u00e1vols\u00e1gtart\u00e1s szab\u00e1lyainak valamint a jelentkez\u0151k eg\u00e9szs\u00e9g\u00e9nek v\u00e9delm\u00e9re vonatkoz\u00f3 int\u00e9zked\u00e9sek szigor\u00fa betart\u00e1s\u00e1val.<\/p>\n\n\n\n<p>A felv\u00e9teliz\u0151k rangsorol\u00e1sa az el\u00e9rt \u00e1tlageredm\u00e9nyek cs\u00f6kken\u0151 sorrendj\u00e9ben t\u00f6rt\u00e9nik. A v\u00e9gs\u0151 felv\u00e9teli jegy 90%-\u00e1t az \u00edr\u00e1sbeli vizsg\u00e1n el\u00e9rt eredm\u00e9ny, m\u00edg 10%-\u00e1t az \u00e9retts\u00e9gi jegyek \u00e1tlaga k\u00e9pezi.<\/p>\n\n\n\n<p>Az \u00edr\u00e1sbeli vizsg\u00e1t r\u00e1csteszt k\u00e9pezi, v\u00e1laszt\u00e1s szerint a k\u00f6vetkez\u0151 t\u00e1rgyak egyik\u00e9b\u0151l: biol\u00f3gia vagy k\u00e9mia.<\/p>\n\n\n\n<p>Adott szak eset\u00e9ben, a jelentkez\u0151 v\u00e1laszt\u00e1sa szerint biol\u00f3gi\u00e1b\u00f3l vagy k\u00e9mi\u00e1b\u00f3l szerzett jegyek azonos \u00e9rt\u00e9k\u0171ek a v\u00e9gs\u0151 felv\u00e9teli rangsor meg\u00e1llap\u00edt\u00e1sakor.<\/p>\n\n\n\n<p><strong>1. Biol\u00f3gia <\/strong>eset\u00e9n a r\u00e1csteszt 100 \u201cFeleletv\u00e1laszt\u00f3s\u201d k\u00e9rd\u00e9sb\u0151l \u00e1ll. Minden k\u00e9rd\u00e9s eset\u00e9ben 4 lehets\u00e9ges v\u00e1lasz lesz. Mind a 100 k\u00e9rd\u00e9s &#8222;feleletv\u00e1laszt\u00f3s&#8221; t\u00edpus\u00fa lesz, \u00e9s a felv\u00e9teli bizotts\u00e1g &#8222;helyben&#8221;, a vizsga el\u0151tt \u00e1ll\u00edtja \u00f6ssze.<\/p>\n\n\n\n<p>A k\u00e9rd\u00e9sekre 1 vagy 2 helyes v\u00e1lasz l\u00e9tezhet, arra vonatkoz\u00f3 pontos\u00edt\u00e1s n\u00e9lk\u00fcl, hogy egy adott k\u00e9rd\u00e9s 1 vagy 2 helyes v\u00e1laszos.<\/p>\n\n\n\n<p><strong>2. K\u00e9mia<\/strong> eset\u00e9n a r\u00e1csteszt 100 \u201cFeleletv\u00e1laszt\u00f3s\u201d k\u00e9rd\u00e9sb\u0151l \u00e1ll. Minden k\u00e9rd\u00e9s eset\u00e9ben 4 lehets\u00e9ges v\u00e1lasz lesz. Mind a 100 k\u00e9rd\u00e9s &#8222;feleletv\u00e1laszt\u00f3s&#8221; t\u00edpus\u00fa lesz, \u00e9s a felv\u00e9teli bizotts\u00e1g &#8222;helyben&#8221;, a vizsga el\u0151tt \u00e1ll\u00edtja \u00f6ssze.<\/p>\n\n\n\n<p>A k\u00e9rd\u00e9sekre 1 vagy 2 helyes v\u00e1lasz l\u00e9tezhet, arra vonatkoz\u00f3 pontos\u00edt\u00e1s n\u00e9lk\u00fcl, hogy egy adott k\u00e9rd\u00e9s 1 vagy 2 helyes v\u00e1laszos.<\/p>\n\n\n\n<p><strong>II. \u00c1ltal\u00e1nos asszisztensi szak<\/strong><\/p>\n\n\n\n<p>A j\u00e1rv\u00e1ny\u00fcgyi helyzetre val\u00f3 tekintettel az egyetemi szen\u00e1tus d\u00f6nt\u00e9se \u00e9rtelm\u00e9ben id\u00e9n nem szerveznek \u00edr\u00e1sbeli vizsg\u00e1t, \u00e9s a felv\u00e9teliz\u0151k rangsorol\u00e1sa kiz\u00e1r\u00f3lag az \u00e9retts\u00e9gi jegyek \u00e1tlaga cs\u00f6kken\u0151 sorrendj\u00e9ben t\u00f6rt\u00e9nik. Ugyanazzal az \u00e9retts\u00e9gi \u00e1tlaggal rendelkez\u0151 jelentkez\u0151k eset\u00e9ben a rangsorol\u00e1sban a k\u00f6z\u00e9piskolai \u00e9vek eredm\u00e9nyeinek \u00e1tlag\u00e1t veszik figyelembe.<\/p>\n","protected":false},"excerpt":{"rendered":"<p>Felv\u00e9teli felt\u00e9telek &#8211; alapk\u00e9pz\u00e9s A beiratkoz\u00e1ssal kapcsolatos tudnival\u00f3kat, tov\u00e1bb\u00e1 az egyes szakok \u00edr\u00e1sbeli vagy gyakorlati vizsgaid\u0151pontj\u00e1t \u00e9s hely\u00e9t az egyetem honlapj\u00e1n hirdetj\u00fck. Javasoljuk, hogy naprak\u00e9sz, hivatalos inform\u00e1ci\u00f3k\u00e9rt rendszeresen k\u00f6vesse az egyetem honlapj\u00e1n magyarul \u00e9s rom\u00e1nul k\u00f6zz\u00e9tett tudnival\u00f3kat. 2020-ban a felv\u00e9telire j\u00faliusi 26-\u00e1n ker\u00fcl sor, a felv\u00e9teliz\u0151k egyetlen szakra jelentkezhetnek. A felv\u00e9teli vizsg\u00e1ra val\u00f3 beiratkoz\u00e1s kiz\u00e1r\u00f3lag&hellip; <br \/> <a class=\"read-more\" href=\"https:\/\/adminfo.umfst.ro\/hu\/felveteli-tajekoztato-2020\/\">Read more<\/a><\/p>\n","protected":false},"author":1,"featured_media":0,"parent":0,"menu_order":0,"comment_status":"closed","ping_status":"closed","template":"","meta":{"_exactmetrics_skip_tracking":false,"_exactmetrics_sitenote_active":false,"_exactmetrics_sitenote_note":"","_exactmetrics_sitenote_category":0,"_monsterinsights_skip_tracking":false,"_monsterinsights_sitenote_active":false,"_monsterinsights_sitenote_note":"","_monsterinsights_sitenote_category":0,"footnotes":""},"class_list":["post-2082","page","type-page","status-publish","hentry"],"_links":{"self":[{"href":"https:\/\/adminfo.umfst.ro\/hu\/wp-json\/wp\/v2\/pages\/2082","targetHints":{"allow":["GET"]}}],"collection":[{"href":"https:\/\/adminfo.umfst.ro\/hu\/wp-json\/wp\/v2\/pages"}],"about":[{"href":"https:\/\/adminfo.umfst.ro\/hu\/wp-json\/wp\/v2\/types\/page"}],"author":[{"embeddable":true,"href":"https:\/\/adminfo.umfst.ro\/hu\/wp-json\/wp\/v2\/users\/1"}],"replies":[{"embeddable":true,"href":"https:\/\/adminfo.umfst.ro\/hu\/wp-json\/wp\/v2\/comments?post=2082"}],"version-history":[{"count":3,"href":"https:\/\/adminfo.umfst.ro\/hu\/wp-json\/wp\/v2\/pages\/2082\/revisions"}],"predecessor-version":[{"id":2282,"href":"https:\/\/adminfo.umfst.ro\/hu\/wp-json\/wp\/v2\/pages\/2082\/revisions\/2282"}],"wp:attachment":[{"href":"https:\/\/adminfo.umfst.ro\/hu\/wp-json\/wp\/v2\/media?parent=2082"}],"curies":[{"name":"wp","href":"https:\/\/api.w.org\/{rel}","templated":true}]}}