{"id":2080,"date":"2020-06-24T06:56:08","date_gmt":"2020-06-24T06:56:08","guid":{"rendered":"https:\/\/adminfo.umfst.ro\/?page_id=2080"},"modified":"2020-06-24T06:56:09","modified_gmt":"2020-06-24T06:56:09","slug":"tematika-es-konyveszet-alapkepzes","status":"publish","type":"page","link":"https:\/\/adminfo.umfst.ro\/hu\/tematika-es-konyveszet-alapkepzes\/","title":{"rendered":"Tematika \u00e9s k\u00f6nyv\u00e9szet \u2013 alapk\u00e9pz\u00e9s"},"content":{"rendered":"\n<p><strong>I. ORVOSI SZAK<\/strong><\/p>\n\n\n\n<p><strong>1. Biol\u00f3gia<\/strong><\/p>\n\n\n\n<p><strong>K\u00f6nyv\u00e9szet:<\/strong> <em>Anatomie \u015fi Fiziologie pentru admitere la facult\u0103\u0163ile de medicin\u0103 &#8211; Barron\u2019s <\/em>\u2013 rom\u00e1n nyelv\u0171 kiad\u00e1s, Editura University Press, 2014, illetve <em>Anat\u00f3mia \u00e9s \u00e9lettan az orvosi szakokra val\u00f3 felv\u00e9teli vizsg\u00e1hoz<\/em> \u2013 magyar nyelv\u0171 kiad\u00e1s, University Press Kiad\u00f3, 2014, valamint a <a href=\"https:\/\/www.umfst.ro\/fileadmin\/admitere\/admitere2015\/pontositasok.pdf\">Pontos\u00edt\u00e1sok Az ember anat\u00f3mi\u00e1ja \u00e9s \u00e9lettana az orvosi szakokra val\u00f3 felv\u00e9teli vizsg\u00e1hoz c\u00edm\u0171 tank\u00f6nyvh\u00f6z <\/a>.<\/p>\n\n\n\n<p><a href=\"https:\/\/librarie.umftgm.ro\/az-ember-anatomiaja-es-elettana-az-orvosi-szakokra-valo-felveteli-vizsgahoz.html\">A tank\u00f6nyv az egyetemi k\u00f6nyvesboltban online is megrendelhet\u0151.<\/a><\/p>\n\n\n\n<p>A k\u00f6vetkez\u0151 k\u00e9t fejezet nem k\u00e9pezi a felv\u00e9teli k\u00f6nyv\u00e9szet r\u00e9sz\u00e9t: 7. fejezet (Csontrendszer) \u00e9s 9. fejezet (Izomrendszer).<\/p>\n\n\n\n<p><strong>2. K\u00e9mia<\/strong><\/p>\n\n\n\n<p><strong>Tematika:<\/strong><\/p>\n\n\n\n<p>I. \u00c1ltal\u00e1nos k\u00e9miai ismeretek. Oldatok. Oldhat\u00f3s\u00e1g. Sav-b\u00e1zis jelleg. pH. Sav-b\u00e1zis reakci\u00f3k. Sav-b\u00e1zis egyens\u00faly. Pufferoldatok. Redoxi reakci\u00f3k. Az energia \u00e9s a k\u00e9miai reakci\u00f3k.<\/p>\n\n\n\n<p>II. A szerves vegy\u00fcletek szerkezete \u00e9s reakci\u00f3k\u00e9szs\u00e9ge. A szerves vegy\u00fcletek szerkezete \u00e9s a tel\u00edtetlens\u00e9gi egyen\u00e9rt\u00e9k. A kovalens k\u00f6t\u00e9sek kialakul\u00e1sa, szigma- \u00e9s pi-k\u00f6t\u00e9sek, egyszeres \u00e9s t\u00f6bbsz\u00f6r\u00f6s kovalens k\u00f6t\u00e9sek, a k\u00f6t\u00e9sek t\u00e9rbeli ir\u00e1ny\u00edtotts\u00e1ga. Sz\u00e9natomt\u00edpusok, sz\u00e9natoml\u00e1ncok. Hibridiz\u00e1ci\u00f3. Homog\u00e9n \u00e9s heterog\u00e9n kovalens k\u00f6t\u00e9sek. Az ionos \u00e9s koordinat\u00edv k\u00f6t\u00e9s. Pol\u00e1ros \u00e9s apol\u00e1ros kovalens k\u00f6t\u00e9s, a molekul\u00e1k polarit\u00e1sa. Intermolekul\u00e1ris k\u00f6t\u00e9sek. Izom\u00e9ria (konstit\u00faci\u00f3s \u00e9s sztereoizom\u00e9ria \u2013 enantiom\u00e9ria \u00e9s diasztereoizom\u00e9ria). A szerves vegy\u00fcletek reakci\u00f3t\u00edpusai (szubsztit\u00faci\u00f3, add\u00edci\u00f3, elimin\u00e1ci\u00f3, transzpoz\u00edci\u00f3, redoxi reakci\u00f3k a szerves k\u00e9mi\u00e1ban). Funkci\u00f3s csoportok \u00e9s a szerves vegy\u00fcletek funkci\u00f3s csoport szerinti oszt\u00e1lyoz\u00e1sa.<\/p>\n\n\n\n<p>III. Szerves vegy\u00fcletoszt\u00e1lyok. Sz\u00e9nhidrog\u00e9nek, halog\u00e9nsz\u00e1rmaz\u00e9kok, alkoholok, fenolok, aminok, aldehidek \u00e9s ketonok, karbonsavak, a karbonsavak funkci\u00f3s sz\u00e1rmaz\u00e9kai, nitrovegy\u00fcletek, szappanok \u00e9s detergensek.<\/p>\n\n\n\n<p>IV. Biol\u00f3giai fontoss\u00e1g\u00fa vegy\u00fcletek \u00e9s biok\u00e9miai alapfogalmak. Zaharidok, aminosavak, peptidek, feh\u00e9rj\u00e9k, zs\u00edrok, nukleinsavak, enzimek, hormonok, hidroxisavak \u00e9s ketosavak, metabolizmus, a biol\u00f3giai rendszerek energi\u00e1ja.<\/p>\n\n\n\n<p>V. M\u00e1s vegy\u00fcletoszt\u00e1lyok. Gy\u00f3gyszerek, sz\u00ednez\u00e9kek.<\/p>\n\n\n\n<p>VI. Sz\u00e1m\u00edt\u00e1sos alkalmaz\u00e1sok. A sz\u00e1m\u00edt\u00e1sos alkalmaz\u00e1sok magukban foglalj\u00e1k a koncentr\u00e1ci\u00f3- \u00e9s h\u00edg\u00edt\u00e1s-sz\u00e1mol\u00e1st, a m\u00e9rt\u00e9kegys\u00e9gek \u00e1talak\u00edt\u00e1s\u00e1t, hozamsz\u00e1m\u00edt\u00e1st.<\/p>\n\n\n\n<p><strong>K\u00f6nyv\u00e9szet:<\/strong><\/p>\n\n\n\n<figure class=\"wp-block-table\"><table><thead><tr><td><\/td><td><strong>Rom\u00e1n nyelv\u0171 tank\u00f6nyvek<\/strong><\/td><td><strong>Magyar nyelv\u0171 tank\u00f6nyvek<\/strong><\/td><\/tr><\/thead><tbody><tr><td>1<\/td><td>Sanda F\u0103tu, Cornelia Grecescu, Veronica David, Chimie clasa a XI-a, C1, Editura ALL, Bucure\u0219ti, 2001. ISBN 973-684-405-6<\/td><td>Sanda F\u0103tu, Cornelia Grecescu, Veronica David: K\u00e9mia C1 Tank\u00f6nyv a XI. oszt\u00e1ly sz\u00e1m\u00e1ra, \u00c1bel Kiad\u00f3, 2003. ISBN: 973-8239-36-2<\/td><\/tr><tr><td>2<\/td><td>Elena Alexandrescu, Viorica Zaharia, Mariana Nedelcu, Chimie X, Editura LVS Crepuscul, 2005. ISBN 973-8265-47-9<\/td><td>Elena Alexandrescu, Viorica Zaharia, Mariana Nedelcu: K\u00e9mia X. oszt\u00e1ly, LVS Crepuscul Kiad\u00f3, 2005. ISBN: 973-8265-62-2<\/td><\/tr><tr><td>3<\/td><td>Lumini\u021ba Vl\u0103descu, Corneliu T\u0103b\u0103r\u0103\u0219anu-Mih\u0103il\u0103, Lumini\u021ba Irinel Doicin: Chimie clasa a X-a, Grup editorial Art, Bucure\u0219ti, 2010. (Manual aprobat \u00een 2005) ISBN 978-973-124-240-8<\/td><td>Lumini\u0163a Vl\u0103descu, Corneliu T\u0103b\u0103r\u0103\u015fanu-Mih\u0103il\u0103, Lumini\u0163a Irinel Doicin: K\u00e9mia Tank\u00f6ny a X. oszt\u00e1ly sz\u00e1m\u00e1ra, Grup Editorial Art, 2005. ISBN: 978-973-124-111-1<\/td><\/tr><tr><td>4<\/td><td>Sanda F\u0103tu, Veronica David, Cornelia Grecescu: Chimie clasa a-XII-a, C1, Editura ALL, Bucure\u0219ti, 2002. ISBN 973-571-414-0<\/td><td>Sanda F\u0103tu, Veronica David, Cornelia Grecescu: K\u00e9mia C1 Tank\u00f6nyv a XII. oszt\u00e1ly sz\u00e1m\u00e1ra, \u00c1bel Kiad\u00f3, 2003. ISBN: 973-8239-59-1<\/td><\/tr><tr><td>5<\/td><td>Georgeta T\u0103n\u0103sescu, Adalgiza Ciobanu, Chimie C1, Manual pentru clasa a XI-a, Editura Corint, 2008. ISBN 978-973-135-354-8<\/td><td>Georgeta T\u0103n\u0103sescu, Adalgiza Ciobanu: K\u00e9mia C1 Tank\u00f6nyv a XI. oszt\u00e1ly sz\u00e1m\u00e1ra, Corint, Corvin Kiad\u00f3, 2007. ISBN: 978-973-622-383-9<\/td><\/tr><tr><td>6<\/td><td>Ion Baciu, Daniela Bogdan, Stefan Tomas, CHIMIE. Manual pentru clasa a XI-a, C1, Editura Mistral, 2006. ISBN 973-86291-9-5<\/td><td>Ion Baciu, Daniela Bogdan, \u0218tefan Tomas: K\u00e9mia tank\u00f6nyv a XI. oszt\u00e1ly sz\u00e1m\u00e1ra, Elm\u00e9leti vonal, Re\u00e1l tagozat, C1, Editura Mistral, 2006. ISBN: 987-973-88418-1-9<\/td><\/tr><tr><td>7<\/td><td>Mircea Iovu, Maria-Luiza Popescu, Teodor Octavian Nicolescu, Chimie C1 manual pentru clasa a XI-a Editura Akademos Art, 2006. ISBN 973-87549-6-8<\/td><td>Mircea Iovu, Maria-Luiza Popescu, Teodor Octavian Nicolescu: K\u00e9mia C1 Tank\u00f6nyv a XI. oszt\u00e1ly sz\u00e1m\u00e1ra, \u00c1bel, Akademos Art Kiad\u00f3, 2006. ISBN: 973-114-017-4<\/td><\/tr><tr><td>8<\/td><td>Capitolele\/subcapitolele: 3, 5, 6, 7, 8.1, 8.2 \u0219i 8,3 \u00een: Elena Alexandrescu, Viorica Zaharia, Chimie, manual pentru clasa a IX-a, Editura LVS Crepuscul, 2004. ISBN 973-8265-25-8<\/td><td>A 3, 5, 6, 7, 8.1, 8.2 \u00e9s 8.3 fejezetek\/alfejezetek: Elena Alexandrescu, Viorica Zaharia, ford\u00edt\u00e1s: Szilveszter Mih\u00e1lycsa: K\u00e9mia, tank\u00f6nyv a IX. oszt\u00e1ly sz\u00e1m\u00e1ra, LVS Crepuscul Kiad\u00f3, 2004.<\/td><\/tr><tr><td>9<\/td><td>Capitolele\/subcapitolele: 1, 2.1, 2.2, 2.3, 2.4, 2.10 \u0219i 4.1 \u00een: Sanda Fatu, Cornelia Grecescu, Lia Cojocaru, Veronica David, Chimie C1 clasa a XII-a, Editura ALL, 2007, ISBN 978-973-684-666-3<\/td><td>Az 1, 2.1, 2.2, 2.3, 2.4, 2.10 \u00e9s 4.1 fejezetek\/alfejezetek: Sanda F\u0103tu, Cornelia Grecescu, Lia Cojocaru, Veronica David: K\u00e9mia C1 Tank\u00f6nyv a XII. oszt\u00e1ly sz\u00e1m\u00e1ra, \u00c1bel Kiad\u00f3, 2008. ISBN: 978-973-114-046-9<\/td><\/tr><tr><td>10<\/td><td>Capitolele: 1 \u0219i 4 \u00een: Marius Andruh, Ion Baciu, Daniela Bogdan, Chimie. Manual pentru clasa a XII-a, C1, Editura Mistral, 2007, ISBN 978-973-88418-0-2<\/td><td>Az 1 \u00e9s 4 fejezetek: Marius Andruh, Ion Baciu, Daniela Bogdan: K\u00e9mia tank\u00f6nyv a XII. oszt\u00e1ly sz\u00e1m\u00e1ra, C1, Elm\u00e9leti vonal, re\u00e1l tagozat, Editura Mistral, 2007. ISBN: 987-973-88418-8-8<\/td><\/tr><\/tbody><\/table><\/figure>\n\n\n\n<p><strong>II. \u00c1LTAL\u00c1NOS ASSZISZTENSI SZAK<\/strong><\/p>\n\n\n\n<p><strong>Biol\u00f3gia<\/strong><\/p>\n\n\n\n<p>Az \u00edr\u00e1sbeli vizsga kiz\u00e1r\u00f3lag biol\u00f3gi\u00e1b\u00f3l lesz.<\/p>\n\n\n\n<p><strong>A k\u00f6nyv\u00e9szetet<\/strong> az al\u00e1bbi k\u00f6nyvek 5 fejezete k\u00e9pezi: <em>Anatomie \u015fi Fiziologie pentru admitere la facult\u0103\u0163ile de medicin\u0103 &#8211; Barron\u2019s <\/em>\u2013 rom\u00e1n nyelv\u0171 kiad\u00e1sa, Editura University Press, 2014, illetve <em>Anat\u00f3mia \u00e9s \u00e9lettan az orvosi szakokra val\u00f3 felv\u00e9teli vizsg\u00e1hoz<\/em> \u2013 magyar nyelv\u0171 kiad\u00e1sa, University Press Kiad\u00f3, 2014, valamint a <a href=\"https:\/\/www.umfst.ro\/fileadmin\/admitere\/admitere2015\/pontositasok.pdf\"><em>Pontos\u00edt\u00e1sok Az ember anat\u00f3mi\u00e1ja \u00e9s \u00e9lettana az orvosi szakokra val\u00f3 felv\u00e9teli vizsg\u00e1hoz c\u00edm\u0171 tank\u00f6nyvh\u00f6z <\/em><\/a><em>.<\/em><\/p>\n\n\n\n<p>A vizsg\u00e1n a k\u00f6vetkez\u0151 5 fejezetb\u0151l lesznek t\u00e9telek:<\/p>\n\n\n\n<p>15. fejezet. A sz\u00edv \u00e9s \u00e9rrendszer<br>17. fejezet. L\u00e9gz\u0151rendszer<br>18. fejezet. Az em\u00e9szt\u0151rendszer<br>20. fejezet. A kiv\u00e1laszt\u00f3 rendszer<br>23. fejezet. N\u0151i nemi szervek.<\/p>\n","protected":false},"excerpt":{"rendered":"<p>I. ORVOSI SZAK 1. Biol\u00f3gia K\u00f6nyv\u00e9szet: Anatomie \u015fi Fiziologie pentru admitere la facult\u0103\u0163ile de medicin\u0103 &#8211; Barron\u2019s \u2013 rom\u00e1n nyelv\u0171 kiad\u00e1s, Editura University Press, 2014, illetve Anat\u00f3mia \u00e9s \u00e9lettan az orvosi szakokra val\u00f3 felv\u00e9teli vizsg\u00e1hoz \u2013 magyar nyelv\u0171 kiad\u00e1s, University Press Kiad\u00f3, 2014, valamint a Pontos\u00edt\u00e1sok Az ember anat\u00f3mi\u00e1ja \u00e9s \u00e9lettana az orvosi szakokra val\u00f3&hellip; <br \/> <a class=\"read-more\" href=\"https:\/\/adminfo.umfst.ro\/hu\/tematika-es-konyveszet-alapkepzes\/\">Read more<\/a><\/p>\n","protected":false},"author":1,"featured_media":0,"parent":0,"menu_order":0,"comment_status":"closed","ping_status":"closed","template":"","meta":{"_exactmetrics_skip_tracking":false,"_exactmetrics_sitenote_active":false,"_exactmetrics_sitenote_note":"","_exactmetrics_sitenote_category":0,"_monsterinsights_skip_tracking":false,"_monsterinsights_sitenote_active":false,"_monsterinsights_sitenote_note":"","_monsterinsights_sitenote_category":0,"footnotes":""},"class_list":["post-2080","page","type-page","status-publish","hentry"],"_links":{"self":[{"href":"https:\/\/adminfo.umfst.ro\/hu\/wp-json\/wp\/v2\/pages\/2080","targetHints":{"allow":["GET"]}}],"collection":[{"href":"https:\/\/adminfo.umfst.ro\/hu\/wp-json\/wp\/v2\/pages"}],"about":[{"href":"https:\/\/adminfo.umfst.ro\/hu\/wp-json\/wp\/v2\/types\/page"}],"author":[{"embeddable":true,"href":"https:\/\/adminfo.umfst.ro\/hu\/wp-json\/wp\/v2\/users\/1"}],"replies":[{"embeddable":true,"href":"https:\/\/adminfo.umfst.ro\/hu\/wp-json\/wp\/v2\/comments?post=2080"}],"version-history":[{"count":1,"href":"https:\/\/adminfo.umfst.ro\/hu\/wp-json\/wp\/v2\/pages\/2080\/revisions"}],"predecessor-version":[{"id":2081,"href":"https:\/\/adminfo.umfst.ro\/hu\/wp-json\/wp\/v2\/pages\/2080\/revisions\/2081"}],"wp:attachment":[{"href":"https:\/\/adminfo.umfst.ro\/hu\/wp-json\/wp\/v2\/media?parent=2080"}],"curies":[{"name":"wp","href":"https:\/\/api.w.org\/{rel}","templated":true}]}}