{"id":2038,"date":"2020-06-19T06:45:47","date_gmt":"2020-06-19T06:45:47","guid":{"rendered":"https:\/\/adminfo.umfst.ro\/?page_id=2038"},"modified":"2020-06-30T07:05:34","modified_gmt":"2020-06-30T07:05:34","slug":"competente-dobandite-2","status":"publish","type":"page","link":"https:\/\/adminfo.umfst.ro\/hu\/competente-dobandite-2\/","title":{"rendered":"Szerzett kompetenci\u00e1k"},"content":{"rendered":"\t\t<div data-elementor-type=\"wp-page\" data-elementor-id=\"2038\" class=\"elementor elementor-2038 elementor-502\" data-elementor-post-type=\"page\">\n\t\t\t\t\t\t<section class=\"elementor-section elementor-top-section elementor-element elementor-element-7fb843b2 elementor-section-boxed elementor-section-height-default elementor-section-height-default\" data-id=\"7fb843b2\" data-element_type=\"section\">\n\t\t\t\t\t\t<div class=\"elementor-container elementor-column-gap-default\">\n\t\t\t\t\t<div class=\"elementor-column elementor-col-100 elementor-top-column elementor-element elementor-element-ddf857e\" data-id=\"ddf857e\" data-element_type=\"column\">\n\t\t\t<div class=\"elementor-widget-wrap elementor-element-populated\">\n\t\t\t\t\t\t<div class=\"elementor-element elementor-element-a89a1c6 elementor-widget elementor-widget-text-editor\" data-id=\"a89a1c6\" data-element_type=\"widget\" data-widget_type=\"text-editor.default\">\n\t\t\t\t<div class=\"elementor-widget-container\">\n\t\t\t\t\t\t\t\t\t<p>\u00a0<\/p>\n<p class=\"MsoNormal\" style=\"text-align: justify;\"><b><i>A fogorvos szerzett kompetenci\u00e1i<\/i><\/b><\/p>\n<p class=\"MsoNormal\" style=\"text-align: justify;\"><b><i>\u00a0<\/i><\/b><\/p>\n<p class=\"MsoNormal\" style=\"text-align: justify;\">Fogorvosi egyetem elv\u00e9gz\u00e9se ut\u00e1n, alapell\u00e1t\u00e1sban tev\u00e9kenyked\u0151 fogorvos szakmai kompetenci\u00e1ja, k\u00e9pess\u00e9gei:<\/p>\n<p class=\"MsoListParagraphCxSpFirst\" style=\"text-align: justify; text-indent: -.25in; mso-list: l0 level1 lfo1;\"><!-- [if !supportLists]--><span style=\"font-family: Symbol; mso-fareast-font-family: Symbol; mso-bidi-font-family: Symbol;\">\u00b7<span style=\"font-variant-numeric: normal; font-variant-east-asian: normal; font-stretch: normal; font-size: 7pt; line-height: normal; font-family: 'Times New Roman';\">\u00a0\u00a0\u00a0\u00a0\u00a0\u00a0\u00a0\u00a0 <\/span><\/span><!--[endif]-->A fogszuvasod\u00e1s felismer\u00e9se, diagnosztiz\u00e1l\u00e1sa \u00e9s kezel\u00e9se, a fog morfol\u00f3gi\u00e1j\u00e1nak \u00e9s funkci\u00f3j\u00e1nak helyre\u00e1ll\u00edt\u00e1sa.<\/p>\n<p class=\"MsoListParagraphCxSpMiddle\" style=\"text-align: justify; text-indent: -.25in; mso-list: l0 level1 lfo1;\"><!-- [if !supportLists]--><span style=\"font-family: Symbol; mso-fareast-font-family: Symbol; mso-bidi-font-family: Symbol;\">\u00b7<span style=\"font-variant-numeric: normal; font-variant-east-asian: normal; font-stretch: normal; font-size: 7pt; line-height: normal; font-family: 'Times New Roman';\">\u00a0\u00a0\u00a0\u00a0\u00a0\u00a0\u00a0\u00a0 <\/span><\/span><!--[endif]-->A fog\u00e1gy betegs\u00e9geinek felismer\u00e9se, diagnosztiz\u00e1l\u00e1s\u00e1ra \u00e9s konzervat\u00edv (nem m\u0171t\u00e9ti) kezel\u00e9se.<\/p>\n<p class=\"MsoListParagraphCxSpMiddle\" style=\"text-align: justify; text-indent: -.25in; mso-list: l0 level1 lfo1;\"><!-- [if !supportLists]--><span style=\"font-family: Symbol; mso-fareast-font-family: Symbol; mso-bidi-font-family: Symbol;\">\u00b7<span style=\"font-variant-numeric: normal; font-variant-east-asian: normal; font-stretch: normal; font-size: 7pt; line-height: normal; font-family: 'Times New Roman';\">\u00a0\u00a0\u00a0\u00a0\u00a0\u00a0\u00a0\u00a0 <\/span><\/span><!--[endif]-->S\u00e9r\u00fclt vagy hi\u00e1nyos fogak, fogazat vagy teljesen fogatlan \u00e1llcsontok kezel\u00e9se konzervat\u00edv (nem implant\u00e1ci\u00f3s) fogp\u00f3tl\u00e1stani m\u00f3dszerekkel, a fogazat \u00e9s a r\u00e1g\u00f3k\u00e9sz\u00fcl\u00e9k formai, funkcion\u00e1lis \u00e9s eszt\u00e9tikai helyre\u00e1ll\u00edt\u00e1sa minden \u00e9letkorban.<\/p>\n<p class=\"MsoListParagraphCxSpMiddle\" style=\"text-align: justify; text-indent: -.25in; mso-list: l0 level1 lfo1;\"><!-- [if !supportLists]--><span style=\"font-family: Symbol; mso-fareast-font-family: Symbol; mso-bidi-font-family: Symbol;\">\u00b7<span style=\"font-variant-numeric: normal; font-variant-east-asian: normal; font-stretch: normal; font-size: 7pt; line-height: normal; font-family: 'Times New Roman';\">\u00a0\u00a0\u00a0\u00a0\u00a0\u00a0\u00a0\u00a0 <\/span><\/span><!--[endif]-->A r\u00e1g\u00f3k\u00e9sz\u00fcl\u00e9k fejl\u0151d\u00e9si rendelleness\u00e9geinek, funkcion\u00e1lis hi\u00e1nyoss\u00e1gainak \u00e9s a gyermekkori rossz szok\u00e1sok felismer\u00e9se.<\/p>\n<p class=\"MsoListParagraphCxSpMiddle\" style=\"text-align: justify; text-indent: -.25in; mso-list: l0 level1 lfo1;\"><!-- [if !supportLists]--><span style=\"font-family: Symbol; mso-fareast-font-family: Symbol; mso-bidi-font-family: Symbol;\">\u00b7<span style=\"font-variant-numeric: normal; font-variant-east-asian: normal; font-stretch: normal; font-size: 7pt; line-height: normal; font-family: 'Times New Roman';\">\u00a0\u00a0\u00a0\u00a0\u00a0\u00a0\u00a0\u00a0 <\/span><\/span><!--[endif]-->Egyszer\u0171 l\u00e1gy- \u00e9s kem\u00e9nysz\u00f6veten elv\u00e9gzett seb\u00e9szi beavatkoz\u00e1sok elv\u00e9gz\u00e9se, a<span lang=\"HU\">z esetleges sz\u00f6v\u0151dm\u00e9nyek<\/span> elh\u00e1r\u00edt\u00e1sa.<\/p>\n<p class=\"MsoListParagraphCxSpMiddle\" style=\"text-align: justify; text-indent: -.25in; mso-list: l0 level1 lfo1;\"><!-- [if !supportLists]--><span style=\"font-family: Symbol; mso-fareast-font-family: Symbol; mso-bidi-font-family: Symbol;\">\u00b7<span style=\"font-variant-numeric: normal; font-variant-east-asian: normal; font-stretch: normal; font-size: 7pt; line-height: normal; font-family: 'Times New Roman';\">\u00a0\u00a0\u00a0\u00a0\u00a0\u00a0\u00a0\u00a0 <\/span><\/span><!--[endif]-->Precancerosus \u00e1llapotok, a sz\u00e1j\u00fcregben megl\u00e9v\u0151 g\u00f3cbetegs\u00e9gek felismer\u00e9se.<\/p>\n<p class=\"MsoListParagraphCxSpMiddle\" style=\"text-align: justify; text-indent: -.25in; mso-list: l0 level1 lfo1;\"><!-- [if !supportLists]--><span style=\"font-family: Symbol; mso-fareast-font-family: Symbol; mso-bidi-font-family: Symbol;\">\u00b7<span style=\"font-variant-numeric: normal; font-variant-east-asian: normal; font-stretch: normal; font-size: 7pt; line-height: normal; font-family: 'Times New Roman';\">\u00a0\u00a0\u00a0\u00a0\u00a0\u00a0\u00a0\u00a0 <\/span><\/span><!--[endif]-->A f\u00e1jdalom \u00e9s a szorong\u00e1s (nem gy\u00f3gyszeres) csillap\u00edt\u00e1sa.<\/p>\n<p class=\"MsoListParagraphCxSpLast\" style=\"text-align: justify;\">\u00a0<\/p>\t\t\t\t\t\t\t\t<\/div>\n\t\t\t\t<\/div>\n\t\t\t\t\t<\/div>\n\t\t<\/div>\n\t\t\t\t\t<\/div>\n\t\t<\/section>\n\t\t\t\t<\/div>\n\t\t","protected":false},"excerpt":{"rendered":"<p>A fogorvos szerzett kompetenci\u00e1i &nbsp; Fogorvosi egyetem elv\u00e9gz\u00e9se ut\u00e1n, alapell\u00e1t\u00e1sban tev\u00e9kenyked\u0151 fogorvos szakmai kompetenci\u00e1ja, k\u00e9pess\u00e9gei: \u00b7&nbsp;&nbsp;&nbsp;&nbsp;&nbsp;&nbsp;&nbsp;&nbsp; A fogszuvasod\u00e1s felismer\u00e9se, diagnosztiz\u00e1l\u00e1sa \u00e9s kezel\u00e9se, a fog morfol\u00f3gi\u00e1j\u00e1nak \u00e9s funkci\u00f3j\u00e1nak helyre\u00e1ll\u00edt\u00e1sa. \u00b7&nbsp;&nbsp;&nbsp;&nbsp;&nbsp;&nbsp;&nbsp;&nbsp; A fog\u00e1gy betegs\u00e9geinek felismer\u00e9se, diagnosztiz\u00e1l\u00e1s\u00e1ra \u00e9s konzervat\u00edv (nem m\u0171t\u00e9ti) kezel\u00e9se. \u00b7&nbsp;&nbsp;&nbsp;&nbsp;&nbsp;&nbsp;&nbsp;&nbsp; S\u00e9r\u00fclt vagy hi\u00e1nyos fogak, fogazat vagy teljesen fogatlan \u00e1llcsontok kezel\u00e9se konzervat\u00edv (nem implant\u00e1ci\u00f3s) fogp\u00f3tl\u00e1stani m\u00f3dszerekkel,&hellip; <br \/> <a class=\"read-more\" href=\"https:\/\/adminfo.umfst.ro\/hu\/competente-dobandite-2\/\">Read more<\/a><\/p>\n","protected":false},"author":1,"featured_media":0,"parent":0,"menu_order":0,"comment_status":"closed","ping_status":"closed","template":"","meta":{"_exactmetrics_skip_tracking":false,"_exactmetrics_sitenote_active":false,"_exactmetrics_sitenote_note":"","_exactmetrics_sitenote_category":0,"_monsterinsights_skip_tracking":false,"_monsterinsights_sitenote_active":false,"_monsterinsights_sitenote_note":"","_monsterinsights_sitenote_category":0,"footnotes":""},"class_list":["post-2038","page","type-page","status-publish","hentry"],"_links":{"self":[{"href":"https:\/\/adminfo.umfst.ro\/hu\/wp-json\/wp\/v2\/pages\/2038","targetHints":{"allow":["GET"]}}],"collection":[{"href":"https:\/\/adminfo.umfst.ro\/hu\/wp-json\/wp\/v2\/pages"}],"about":[{"href":"https:\/\/adminfo.umfst.ro\/hu\/wp-json\/wp\/v2\/types\/page"}],"author":[{"embeddable":true,"href":"https:\/\/adminfo.umfst.ro\/hu\/wp-json\/wp\/v2\/users\/1"}],"replies":[{"embeddable":true,"href":"https:\/\/adminfo.umfst.ro\/hu\/wp-json\/wp\/v2\/comments?post=2038"}],"version-history":[{"count":4,"href":"https:\/\/adminfo.umfst.ro\/hu\/wp-json\/wp\/v2\/pages\/2038\/revisions"}],"predecessor-version":[{"id":2377,"href":"https:\/\/adminfo.umfst.ro\/hu\/wp-json\/wp\/v2\/pages\/2038\/revisions\/2377"}],"wp:attachment":[{"href":"https:\/\/adminfo.umfst.ro\/hu\/wp-json\/wp\/v2\/media?parent=2038"}],"curies":[{"name":"wp","href":"https:\/\/api.w.org\/{rel}","templated":true}]}}