{"id":2036,"date":"2020-06-19T06:44:40","date_gmt":"2020-06-19T06:44:40","guid":{"rendered":"https:\/\/adminfo.umfst.ro\/?page_id=2036"},"modified":"2020-06-30T07:35:07","modified_gmt":"2020-06-30T07:35:07","slug":"caracteristici-generale-viitor-medic-stomatolog","status":"publish","type":"page","link":"https:\/\/adminfo.umfst.ro\/hu\/caracteristici-generale-viitor-medic-stomatolog\/","title":{"rendered":"A fogorvos k\u00e9szs\u00e9gei"},"content":{"rendered":"\n<p><strong><em>A fogorvosl\u00e1s \u00e1ltal\u00e1nos jellemz\u0151i<\/em><\/strong><\/p>\n\n\n\n<p>Mit kell tudnia egy fogorvosnak?<\/p>\n\n\n\n<p>A fogorvos sz\u00e1j\u00fcregen bel\u00fcli elv\u00e1ltoz\u00e1sokat orvosol, mindennapi tev\u00e9kenys\u00e9ge azonban t\u00e1volr\u00f3l sem k\u00f3rl\u00e1toz\u00f3dhat csak egy szuvas l\u00e9zi\u00f3 ell\u00e1t\u00e1s\u00e1ra, hisz t\u00f6bb term\u00e9szettudom\u00e1nyi \u00e1g \u00e9s orvosi szakter\u00fclet hat\u00e1rter\u00fclet\u00e9n dolgozik.<\/p>\n\n\n\n<p>Orvosi szakma gyakorl\u00f3jak\u00e9nt, egy fogorvosnak:<\/p>\n\n\n\n<ul class=\"wp-block-list\"><li>tudnia kell, hogy a fej- \u00e9s nyaki r\u00e9gi\u00f3 anat\u00f3mi\u00e1j\u00e1nak pontos ismerete elengedhetetlen k\u00f6vetelm\u00e9nye a pontos \u00e9s sikeres kezel\u00e9snek<\/li><li>ismernie kell a szervek \u00e9s szervrendszerek betegs\u00e9geinek sz\u00e1j\u00fcregi megnyilv\u00e1nul\u00e1sait, ezeket k\u00f3rism\u00e9znie \u00e9s megfelel\u0151k\u00e9ppen, a koll\u00e9g\u00e1ival konzult\u00e1lva kezelnie kell<\/li><li>tiszt\u00e1ban kell lennie minden \u00e1ltala alkalmazott anyag, gy\u00f3gyszer \u00e9s kezel\u00e9si m\u00f3dszer eg\u00e9sz szervezetre kifejtett hat\u00e1s\u00e1val \u00e9s k\u00f6lcs\u00f6nhat\u00e1s\u00e1val<\/li><li>t\u00e9rben val\u00f3 l\u00e1t\u00e1s, m\u00e9rtani idomok, mechanikai t\u00f6rv\u00e9nyek \u00e9s anyagok fizikai-k\u00e9miai param\u00e9tereinek ismeret\u00e9vel kell rendelkeznie<\/li><li>tudnia kell csapatban gondolkoznia \u00e9s dolgoznia: mindennapi tev\u00e9kenys\u00e9g\u00e9nek r\u00e9sze koll\u00e9g\u00e1ival, technikussal \u00e9s asszisztens\u00e9vel val\u00f3 kommunik\u00e1ci\u00f3<\/li><li>verb\u00e1lis \u00e9s vizu\u00e1lis kommunik\u00e1ci\u00f3ban j\u00e1rtasnak kell lennie egy bizalmon alapul\u00f3, eg\u00e9szs\u00e9ges beteg-orvos kapcsolat kialak\u00edt\u00e1sa v\u00e9gett<\/li><li>\u00e1lland\u00f3an tanulnia \u00e9s k\u00e9peznie kell mag\u00e1t \u00faj m\u00f3dszerek \u00e9s anyagok haszn\u00e1lat\u00e1t illet\u0151en, mert egy rendk\u00edv\u00fcl dinamikusan fejl\u0151d\u0151 \u00e9s \u00e1lland\u00f3an meg\u00fajul\u00f3 anyag- \u00e9s eszk\u00f6zt\u00e1r haszn\u00e1l\u00f3ja<\/li><li>k\u00e9z\u00fcgyess\u00e9g\u00e9t, technikai tud\u00e1s\u00e1t \u00e9s szervez\u0151i k\u00e9szs\u00e9geit \u00e1lland\u00f3an fejlesztve, a gyors \u00e9s pontos k\u00f3risme \u00e9s egy\u00e9nre szabott ter\u00e1pia k\u00f6vetelm\u00e9nyeinek kell eleget tennie<\/li><li>pontosnak, prec\u00edznek \u00e9s v\u00e1llalkoz\u00f3 szellem\u0171nek kell lennie mag\u00e1nv\u00e1llalkoz\u00e1sa megszervez\u00e9s\u00e9ben<\/li><\/ul>\n\n\n\n<p>A fogorvosl\u00e1s ma m\u00e1r nem csak az egy-egy fogra kiterjed\u0151 ter\u00e1pi\u00e1s aktust felt\u00e9telez. Az eg\u00e9szs\u00e9ges, \u00e1polt fogazat \u00e9s sz\u00e1j\u00fcreg a harm\u00f3nikus mosoly alapk\u00f6vetelm\u00e9nye, ut\u00f3bbi pedig a t\u00e1rsadalmi meg\u00edt\u00e9l\u00e9st, valamint az integr\u00e1ci\u00f3t hat\u00e1rozza meg.<\/p>\n\n\n\n<p>Funkci\u00f3ival, a sz\u00e1j\u00fcreg \u00e9s r\u00e9gi\u00f3ja az emberi test \u201cm\u0171k\u00f6d\u00e9s\u00e9ben\u201d is kiveszi r\u00e9sz\u00e9t. A fogorvosl\u00e1s nem csak egy anat\u00f3miai r\u00e9gi\u00f3ra korl\u00e1tozott ter\u00fcleten v\u00e9gezend\u0151 munka, hanem egy \u00f6sszehangolt tev\u00e9kenys\u00e9g, amely \u00f6sszess\u00e9g\u00e9ben \u00e9rt\u00e9keli a fogak, a fog\u00e1gy, az \u00e1llcsontok, az iz\u00fclet \u00e9s a sz\u00e1j izmainak szerep\u00e9t az emberi szervezet m\u0171k\u00f6d\u00e9s\u00e9ben.<\/p>\n","protected":false},"excerpt":{"rendered":"<p>A fogorvosl\u00e1s \u00e1ltal\u00e1nos jellemz\u0151i Mit kell tudnia egy fogorvosnak? A fogorvos sz\u00e1j\u00fcregen bel\u00fcli elv\u00e1ltoz\u00e1sokat orvosol, mindennapi tev\u00e9kenys\u00e9ge azonban t\u00e1volr\u00f3l sem k\u00f3rl\u00e1toz\u00f3dhat csak egy szuvas l\u00e9zi\u00f3 ell\u00e1t\u00e1s\u00e1ra, hisz t\u00f6bb term\u00e9szettudom\u00e1nyi \u00e1g \u00e9s orvosi szakter\u00fclet hat\u00e1rter\u00fclet\u00e9n dolgozik. Orvosi szakma gyakorl\u00f3jak\u00e9nt, egy fogorvosnak: tudnia kell, hogy a fej- \u00e9s nyaki r\u00e9gi\u00f3 anat\u00f3mi\u00e1j\u00e1nak pontos ismerete elengedhetetlen k\u00f6vetelm\u00e9nye a pontos&hellip; <br \/> <a class=\"read-more\" href=\"https:\/\/adminfo.umfst.ro\/hu\/caracteristici-generale-viitor-medic-stomatolog\/\">Read more<\/a><\/p>\n","protected":false},"author":1,"featured_media":0,"parent":0,"menu_order":0,"comment_status":"closed","ping_status":"closed","template":"","meta":{"_exactmetrics_skip_tracking":false,"_exactmetrics_sitenote_active":false,"_exactmetrics_sitenote_note":"","_exactmetrics_sitenote_category":0,"_monsterinsights_skip_tracking":false,"_monsterinsights_sitenote_active":false,"_monsterinsights_sitenote_note":"","_monsterinsights_sitenote_category":0,"footnotes":""},"class_list":["post-2036","page","type-page","status-publish","hentry"],"_links":{"self":[{"href":"https:\/\/adminfo.umfst.ro\/hu\/wp-json\/wp\/v2\/pages\/2036","targetHints":{"allow":["GET"]}}],"collection":[{"href":"https:\/\/adminfo.umfst.ro\/hu\/wp-json\/wp\/v2\/pages"}],"about":[{"href":"https:\/\/adminfo.umfst.ro\/hu\/wp-json\/wp\/v2\/types\/page"}],"author":[{"embeddable":true,"href":"https:\/\/adminfo.umfst.ro\/hu\/wp-json\/wp\/v2\/users\/1"}],"replies":[{"embeddable":true,"href":"https:\/\/adminfo.umfst.ro\/hu\/wp-json\/wp\/v2\/comments?post=2036"}],"version-history":[{"count":2,"href":"https:\/\/adminfo.umfst.ro\/hu\/wp-json\/wp\/v2\/pages\/2036\/revisions"}],"predecessor-version":[{"id":2379,"href":"https:\/\/adminfo.umfst.ro\/hu\/wp-json\/wp\/v2\/pages\/2036\/revisions\/2379"}],"wp:attachment":[{"href":"https:\/\/adminfo.umfst.ro\/hu\/wp-json\/wp\/v2\/media?parent=2036"}],"curies":[{"name":"wp","href":"https:\/\/api.w.org\/{rel}","templated":true}]}}