{"id":2033,"date":"2020-06-19T06:39:39","date_gmt":"2020-06-19T06:39:39","guid":{"rendered":"https:\/\/adminfo.umfst.ro\/?page_id=2033"},"modified":"2020-06-30T07:08:30","modified_gmt":"2020-06-30T07:08:30","slug":"atributii-medic-stomatolog","status":"publish","type":"page","link":"https:\/\/adminfo.umfst.ro\/hu\/atributii-medic-stomatolog\/","title":{"rendered":"A fogorvos feladatk\u00f6rei"},"content":{"rendered":"\n<p><strong><em>A fogorvos feladatk\u00f6rei<\/em><\/strong><\/p>\n\n\n\n<p>A fogorvos a sz\u00e1j\u00fcregi megbeteged\u00e9sek k\u00f3rism\u00e9z\u00e9s\u00e9vel, kezel\u00e9s\u00e9vel \u00e9s megel\u0151z\u00e9s\u00e9vel foglalkozik. P\u00e1ciensei gyerekek, fiatalok \u00e9s id\u0151sek, eg\u00e9szs\u00e9gesek, vagy t\u00e1rs-megbeteged\u00e9sben szenved\u0151k b\u00e1rmely kateg\u00f3ri\u00e1j\u00e1b\u00f3l sz\u00e1rmazhatnak, \u00e9ppen ez\u00e9rt sokr\u00e9t\u0171 elm\u00e9leti \u00e9s gyakorlati tud\u00e1ssal kell rendelkeznie.<\/p>\n\n\n\n<p>Felel\u0151ss\u00e9ge nagy, \u00e9s ez nem csak a ter\u00e1pi\u00e1s beavatkoz\u00e1s kivitelez\u00e9s\u00e9ben mer\u00fcl ki. K\u00f6z\u00f6ss\u00e9gben \u00e9s csapatban kell dolgoznia, v\u00e9lem\u00e9nyform\u00e1l\u00f3nak \u00e9s k\u00f6z\u00f6ss\u00e9ge sz\u00e1m\u00e1ra meghat\u00e1roz\u00f3nak kell lennie.<\/p>\n\n\n\n<p>Mivel is foglalkozik egy fogorvos a mindennapi gyakorlatban?<\/p>\n\n\n\n<ol class=\"wp-block-list\" type=\"1\"><li>Hangs\u00falyt fektet a megel\u0151z\u00e9sre, minden p\u00e1ciens\u00e9t megtan\u00edtja a helyes sz\u00e1j- \u00e9s fog\u00e1pol\u00e1sra<\/li><li>Helyesen \u00e9s megfontoltan alkalmazza a rendelkez\u00e9s\u00e9re \u00e1ll\u00f3 kivizsg\u00e1l\u00e1si m\u00f3dszereket<\/li><li>Minden p\u00e1ciens\u00e9nek egy\u00e9nre szabott kezel\u00e9si tervet gondol ki<\/li><li>A kezel\u00e9s minden f\u00e1zis\u00e1ban \u00e9s minden ter\u00e1pia eset\u00e9n tud\u00e1sa legjav\u00e1t adva, a beteg sz\u00e1m\u00e1ra legmegfelel\u0151bb megold\u00e1st r\u00e9szes\u00edti el\u0151nybe<\/li><li>Mag\u00e1t \u00e9s munkat\u00e1rsait \u00e1lland\u00f3an k\u00e9pezi, a klasszikus \u00e9s j\u00f3l bev\u00e1llt kezel\u00e9sekr\u0151l el nem feledkezve, nyitott az \u00faj \u00e9s fejlettebb technol\u00f3gi\u00e1k \u00e9s anyagt\u00e1r alkalmaz\u00e1s\u00e1ban<\/li><\/ol>\n\n\n\n<p><\/p>\n","protected":false},"excerpt":{"rendered":"<p>A fogorvos feladatk\u00f6rei A fogorvos a sz\u00e1j\u00fcregi megbeteged\u00e9sek k\u00f3rism\u00e9z\u00e9s\u00e9vel, kezel\u00e9s\u00e9vel \u00e9s megel\u0151z\u00e9s\u00e9vel foglalkozik. P\u00e1ciensei gyerekek, fiatalok \u00e9s id\u0151sek, eg\u00e9szs\u00e9gesek, vagy t\u00e1rs-megbeteged\u00e9sben szenved\u0151k b\u00e1rmely kateg\u00f3ri\u00e1j\u00e1b\u00f3l sz\u00e1rmazhatnak, \u00e9ppen ez\u00e9rt sokr\u00e9t\u0171 elm\u00e9leti \u00e9s gyakorlati tud\u00e1ssal kell rendelkeznie. Felel\u0151ss\u00e9ge nagy, \u00e9s ez nem csak a ter\u00e1pi\u00e1s beavatkoz\u00e1s kivitelez\u00e9s\u00e9ben mer\u00fcl ki. K\u00f6z\u00f6ss\u00e9gben \u00e9s csapatban kell dolgoznia, v\u00e9lem\u00e9nyform\u00e1l\u00f3nak \u00e9s k\u00f6z\u00f6ss\u00e9ge sz\u00e1m\u00e1ra&hellip; <br \/> <a class=\"read-more\" href=\"https:\/\/adminfo.umfst.ro\/hu\/atributii-medic-stomatolog\/\">Read more<\/a><\/p>\n","protected":false},"author":1,"featured_media":0,"parent":0,"menu_order":0,"comment_status":"closed","ping_status":"closed","template":"","meta":{"_exactmetrics_skip_tracking":false,"_exactmetrics_sitenote_active":false,"_exactmetrics_sitenote_note":"","_exactmetrics_sitenote_category":0,"_monsterinsights_skip_tracking":false,"_monsterinsights_sitenote_active":false,"_monsterinsights_sitenote_note":"","_monsterinsights_sitenote_category":0,"footnotes":""},"class_list":["post-2033","page","type-page","status-publish","hentry"],"_links":{"self":[{"href":"https:\/\/adminfo.umfst.ro\/hu\/wp-json\/wp\/v2\/pages\/2033","targetHints":{"allow":["GET"]}}],"collection":[{"href":"https:\/\/adminfo.umfst.ro\/hu\/wp-json\/wp\/v2\/pages"}],"about":[{"href":"https:\/\/adminfo.umfst.ro\/hu\/wp-json\/wp\/v2\/types\/page"}],"author":[{"embeddable":true,"href":"https:\/\/adminfo.umfst.ro\/hu\/wp-json\/wp\/v2\/users\/1"}],"replies":[{"embeddable":true,"href":"https:\/\/adminfo.umfst.ro\/hu\/wp-json\/wp\/v2\/comments?post=2033"}],"version-history":[{"count":2,"href":"https:\/\/adminfo.umfst.ro\/hu\/wp-json\/wp\/v2\/pages\/2033\/revisions"}],"predecessor-version":[{"id":2378,"href":"https:\/\/adminfo.umfst.ro\/hu\/wp-json\/wp\/v2\/pages\/2033\/revisions\/2378"}],"wp:attachment":[{"href":"https:\/\/adminfo.umfst.ro\/hu\/wp-json\/wp\/v2\/media?parent=2033"}],"curies":[{"name":"wp","href":"https:\/\/api.w.org\/{rel}","templated":true}]}}