{"id":2029,"date":"2020-06-19T06:35:32","date_gmt":"2020-06-19T06:35:32","guid":{"rendered":"https:\/\/adminfo.umfst.ro\/?page_id=2029"},"modified":"2020-06-30T07:05:09","modified_gmt":"2020-06-30T07:05:09","slug":"competente-dobandite","status":"publish","type":"page","link":"https:\/\/adminfo.umfst.ro\/hu\/competente-dobandite\/","title":{"rendered":"Szerzett kompetenci\u00e1k"},"content":{"rendered":"\n<p>Az \u00f6t\u00e9ves oktat\u00e1s c\u00e9lja olyan gy\u00f3gyszer\u00e9szek k\u00e9pz\u00e9se, akik sz\u00e9lesk\u00f6r\u0171 term\u00e9szettudom\u00e1nyi ismereteik alapj\u00e1n r\u00e9szt vesznek a k\u00f6zvetlen lakoss\u00e1gi gy\u00f3gyszerell\u00e1t\u00e1sban, a k\u00f3rh\u00e1zi gy\u00f3gyszerell\u00e1t\u00e1sban, az eg\u00e9szs\u00e9g\u00fcgyi ell\u00e1t\u00e1sban, a gy\u00f3gyszergy\u00e1rt\u00e1sban, a gy\u00f3gyszer-nagykereskedelemben, gy\u00f3gyszerkutat\u00e1sban vagy m\u00e1s term\u00e9szettudom\u00e1nyi \u00e9rdekelts\u00e9g\u0171 kutat\u00e1sban, a gy\u00f3gyszerfejleszt\u00e9sben, a klinikai laborat\u00f3riumok munk\u00e1j\u00e1ban \u00e9s k\u00fcl\u00f6nb\u00f6z\u0151 eg\u00e9szs\u00e9g\u00fcgyi hat\u00f3s\u00e1gi munk\u00e1kban. A folyamatosan b\u0151v\u00fcl\u0151 gy\u00f3gyszer\u00e9szi szerepk\u00f6r\u00f6k k\u00f6z\u00fcl kiemelend\u0151 a gy\u00f3gyszer\u00e9szhez fordul\u00f3k megfelel\u0151 t\u00e1j\u00e9koztat\u00e1sa, az eg\u00e9szs\u00e9g\u00fcgyi tan\u00e1csad\u00e1s \u00e9s k\u00fcl\u00f6nb\u00f6z\u0151 n\u00e9peg\u00e9szs\u00e9g\u00fcgyi programokban val\u00f3 r\u00e9szv\u00e9tel.<\/p>\n\n\n\n<p><strong>Gy\u00f3gyszer\u00e9szi feladatok \u00e9s kompetenci\u00e1k<\/strong><\/p>\n\n\n\n<ol class=\"wp-block-list\" type=\"1\"><li>Ismeri a az emberi szervezet m\u0171k\u00f6d\u00e9s\u00e9t \u00e9s fel\u00e9p\u00edt\u00e9s\u00e9t.<\/li><li>Ismeri az emberi szervezet k\u00fcl\u00f6nb\u00f6z\u0151 \u00e9letfolyamatait, a gy\u00f3gyszerek tulajdons\u00e1gait, \u00e9l\u0151 szervezetre gyakorolt hat\u00e1sait, k\u00f6lcs\u00f6nhat\u00e1sait.<\/li><li>Gy\u00f3gyszer, gy\u00f3gyszerforma, gy\u00f3gyszerek alkalmaz\u00e1si m\u00f3dja, magisztr\u00e1lis gy\u00f3gyszerk\u00e9sz\u00edt\u00e9s, gy\u00f3gyszergy\u00e1rt\u00e1s elm\u00e9lete \u00e9s gyakorlata, gy\u00f3gyszerek els\u0151dleges \u00e9s m\u00e1sodlagos csomagol\u00e1sa alapfogalmainak az ismerete.<\/li><li>Ismeri a gy\u00f3gyszerek, kozmetikumok k\u00e9miai analitikai, fiziko-k\u00e9miai, biol\u00f3giai \u00e9s a mikrobiol\u00f3giai ellen\u0151rz\u00e9si m\u00f3dszerek elm\u00e9let\u00e9t \u00e9s gyakorlat\u00e1t.<\/li><li>Ismeri a gy\u00f3gyszerek, kozmetikumok \u00e9s t\u00e1pl\u00e1l\u00e9kkieg\u00e9sz\u00edt\u0151k formul\u00e1l\u00e1si, el\u0151\u00e1ll\u00edt\u00e1si, t\u00e1rol\u00e1si m\u00f3dszerek elm\u00e9let\u00e9t \u00e9s gyakorlat\u00e1t.<\/li><li>Ismeri a gy\u00f3gyszerek k\u00fcl\u00f6nb\u00f6z\u0151 alkalmaz\u00e1si m\u00f3dozatait \u00e9s a gy\u00f3gy\u00e1szati seg\u00e9deszk\u00f6z\u00f6k alkalmaz\u00e1s\u00e1t.<\/li><li>Ismeri a gy\u00f3gyszerekre, kozmetikumokra \u00e9s t\u00e1pl\u00e1l\u00e9kkieg\u00e9sz\u00edt\u00fckre vonatkoz\u00f3 min\u0151s\u00e9gbiztos\u00edt\u00e1si m\u00f3dszerek elm\u00e9let\u00e9t \u00e9s gyakorlat\u00e1t; biok\u00e9miai-, toxikol\u00f3gai- \u00e9s k\u00f6rnyezetk\u00e9miai laborat\u00f3riumi technik\u00e1kat.<\/li><li>Ismeri a gy\u00f3gyszerkiad\u00e1s \u00e9s gy\u00f3gyszer\u00e9szi gondoz\u00e1s alapelveit.<\/li><li>A gy\u00f3gyszerk\u00e9sz\u00edt\u00e9shez \u00e9s t\u00e1rol\u00e1shoz haszn\u00e1lt eszk\u00f6z\u00f6k \u00e9s anyagok ismerete.<\/li><li>Ismeri a gy\u00f3gyszerek, kozmetikumok, gy\u00f3gy\u00e1szati seg\u00e9deszk\u00f6z\u00f6k t\u00e1rol\u00e1s\u00e1ra, forgalmaz\u00e1s\u00e1ra vonatkoz\u00f3 szab\u00e1lyokat.<\/li><li>Ismeri a gy\u00f3gyszert\u00e1r m\u0171k\u00f6d\u00e9s\u00e9t \u00e9s fel\u00e9p\u00edt\u00e9s\u00e9t, a gy\u00f3gyszerell\u00e1t\u00e1s int\u00e9zm\u00e9nyrendszer\u00e9t.<\/li><li>Ismeri a gy\u00f3gyszer- \u00e9s betegbiztons\u00e1g, valamint a farmakovigilancia alapjait.<\/li><li>Ismeri a gy\u00f3gyszerell\u00e1t\u00e1sra vonatkoz\u00f3 jogszab\u00e1lyokat \u00e9s a gy\u00f3gyszergazd\u00e1lkod\u00e1s alapelveit.<\/li><\/ol>\n","protected":false},"excerpt":{"rendered":"<p>Az \u00f6t\u00e9ves oktat\u00e1s c\u00e9lja olyan gy\u00f3gyszer\u00e9szek k\u00e9pz\u00e9se, akik sz\u00e9lesk\u00f6r\u0171 term\u00e9szettudom\u00e1nyi ismereteik alapj\u00e1n r\u00e9szt vesznek a k\u00f6zvetlen lakoss\u00e1gi gy\u00f3gyszerell\u00e1t\u00e1sban, a k\u00f3rh\u00e1zi gy\u00f3gyszerell\u00e1t\u00e1sban, az eg\u00e9szs\u00e9g\u00fcgyi ell\u00e1t\u00e1sban, a gy\u00f3gyszergy\u00e1rt\u00e1sban, a gy\u00f3gyszer-nagykereskedelemben, gy\u00f3gyszerkutat\u00e1sban vagy m\u00e1s term\u00e9szettudom\u00e1nyi \u00e9rdekelts\u00e9g\u0171 kutat\u00e1sban, a gy\u00f3gyszerfejleszt\u00e9sben, a klinikai laborat\u00f3riumok munk\u00e1j\u00e1ban \u00e9s k\u00fcl\u00f6nb\u00f6z\u0151 eg\u00e9szs\u00e9g\u00fcgyi hat\u00f3s\u00e1gi munk\u00e1kban. A folyamatosan b\u0151v\u00fcl\u0151 gy\u00f3gyszer\u00e9szi szerepk\u00f6r\u00f6k k\u00f6z\u00fcl kiemelend\u0151 a gy\u00f3gyszer\u00e9szhez fordul\u00f3k&hellip; <br \/> <a class=\"read-more\" href=\"https:\/\/adminfo.umfst.ro\/hu\/competente-dobandite\/\">Read more<\/a><\/p>\n","protected":false},"author":1,"featured_media":0,"parent":0,"menu_order":0,"comment_status":"closed","ping_status":"closed","template":"","meta":{"_exactmetrics_skip_tracking":false,"_exactmetrics_sitenote_active":false,"_exactmetrics_sitenote_note":"","_exactmetrics_sitenote_category":0,"_monsterinsights_skip_tracking":false,"_monsterinsights_sitenote_active":false,"_monsterinsights_sitenote_note":"","_monsterinsights_sitenote_category":0,"footnotes":""},"class_list":["post-2029","page","type-page","status-publish","hentry"],"_links":{"self":[{"href":"https:\/\/adminfo.umfst.ro\/hu\/wp-json\/wp\/v2\/pages\/2029","targetHints":{"allow":["GET"]}}],"collection":[{"href":"https:\/\/adminfo.umfst.ro\/hu\/wp-json\/wp\/v2\/pages"}],"about":[{"href":"https:\/\/adminfo.umfst.ro\/hu\/wp-json\/wp\/v2\/types\/page"}],"author":[{"embeddable":true,"href":"https:\/\/adminfo.umfst.ro\/hu\/wp-json\/wp\/v2\/users\/1"}],"replies":[{"embeddable":true,"href":"https:\/\/adminfo.umfst.ro\/hu\/wp-json\/wp\/v2\/comments?post=2029"}],"version-history":[{"count":2,"href":"https:\/\/adminfo.umfst.ro\/hu\/wp-json\/wp\/v2\/pages\/2029\/revisions"}],"predecessor-version":[{"id":2376,"href":"https:\/\/adminfo.umfst.ro\/hu\/wp-json\/wp\/v2\/pages\/2029\/revisions\/2376"}],"wp:attachment":[{"href":"https:\/\/adminfo.umfst.ro\/hu\/wp-json\/wp\/v2\/media?parent=2029"}],"curies":[{"name":"wp","href":"https:\/\/api.w.org\/{rel}","templated":true}]}}