{"id":2026,"date":"2020-06-19T06:33:34","date_gmt":"2020-06-19T06:33:34","guid":{"rendered":"https:\/\/adminfo.umfst.ro\/?page_id=2026"},"modified":"2020-06-30T07:04:43","modified_gmt":"2020-06-30T07:04:43","slug":"caracteristici-generale-viitor-farmacist","status":"publish","type":"page","link":"https:\/\/adminfo.umfst.ro\/hu\/caracteristici-generale-viitor-farmacist\/","title":{"rendered":"A gy\u00f3gyszer\u00e9sz k\u00e9szs\u00e9gei"},"content":{"rendered":"\n<p><strong>A gy\u00f3gyszer\u00e9szi hivat\u00e1s gyakorl\u00e1s\u00e1hoz n\u00e9lk\u00fcl\u00f6zhetetlen:<\/strong><\/p>\n\n\n\n<ul class=\"wp-block-list\"><li>az elk\u00f6telezetts\u00e9g \u00e9s a hivat\u00e1studat, melyet a szab\u00e1lyok szigor\u00fa k\u00f6vet\u00e9se \u00e9s a szakma ir\u00e1nti szeretet t\u00e1pl\u00e1l<\/li><li>a seg\u00edt\u0151k\u00e9szs\u00e9g \u00e9s az emp\u00e1tia, mert ezek elengedhetetlen felt\u00e9telek a betegek bizalm\u00e1nak megszerz\u00e9s\u00e9hez<\/li><li>a felel\u0151ss\u00e9gteljess\u00e9g \u00e9s a d\u00f6nt\u00e9sk\u00e9pess\u00e9g a kritikus helyzetekben<\/li><li>a megfontolts\u00e1g \u00e9s a k\u00f6vetkezetess\u00e9g<\/li><li>a precizit\u00e1s \u00e9s a &nbsp;rendszeretet a gy\u00f3gyszerk\u00e9sz\u00edt\u00e9s (prepar\u00e1ci\u00f3) \u00e9s gy\u00f3gyszerkiad\u00e1s (expedi\u00e1l\u00e1s) minden f\u00e1zis\u00e1ban<\/li><li>az innovativit\u00e1s \u00e9s a kreativit\u00e1s &#8211; elengedhetetlen felt\u00e9telek az egyes tev\u00e9kenys\u00e9gi ter\u00fcleteken jelentkez\u0151 probl\u00e9m\u00e1k gyors megold\u00e1s\u00e1ra<\/li><li>a magabiztoss\u00e1g \u00e9s a j\u00f3 kommunik\u00e1ci\u00f3s k\u00e9szs\u00e9g<\/li><li>az etikus magatart\u00e1s, a lelkiismeretess\u00e9g<\/li><\/ul>\n","protected":false},"excerpt":{"rendered":"<p>A gy\u00f3gyszer\u00e9szi hivat\u00e1s gyakorl\u00e1s\u00e1hoz n\u00e9lk\u00fcl\u00f6zhetetlen: az elk\u00f6telezetts\u00e9g \u00e9s a hivat\u00e1studat, melyet a szab\u00e1lyok szigor\u00fa k\u00f6vet\u00e9se \u00e9s a szakma ir\u00e1nti szeretet t\u00e1pl\u00e1l a seg\u00edt\u0151k\u00e9szs\u00e9g \u00e9s az emp\u00e1tia, mert ezek elengedhetetlen felt\u00e9telek a betegek bizalm\u00e1nak megszerz\u00e9s\u00e9hez a felel\u0151ss\u00e9gteljess\u00e9g \u00e9s a d\u00f6nt\u00e9sk\u00e9pess\u00e9g a kritikus helyzetekben a megfontolts\u00e1g \u00e9s a k\u00f6vetkezetess\u00e9g a precizit\u00e1s \u00e9s a &nbsp;rendszeretet a gy\u00f3gyszerk\u00e9sz\u00edt\u00e9s (prepar\u00e1ci\u00f3)&hellip; <br \/> <a class=\"read-more\" href=\"https:\/\/adminfo.umfst.ro\/hu\/caracteristici-generale-viitor-farmacist\/\">Read more<\/a><\/p>\n","protected":false},"author":1,"featured_media":0,"parent":0,"menu_order":0,"comment_status":"closed","ping_status":"closed","template":"","meta":{"_exactmetrics_skip_tracking":false,"_exactmetrics_sitenote_active":false,"_exactmetrics_sitenote_note":"","_exactmetrics_sitenote_category":0,"_monsterinsights_skip_tracking":false,"_monsterinsights_sitenote_active":false,"_monsterinsights_sitenote_note":"","_monsterinsights_sitenote_category":0,"footnotes":""},"class_list":["post-2026","page","type-page","status-publish","hentry"],"_links":{"self":[{"href":"https:\/\/adminfo.umfst.ro\/hu\/wp-json\/wp\/v2\/pages\/2026","targetHints":{"allow":["GET"]}}],"collection":[{"href":"https:\/\/adminfo.umfst.ro\/hu\/wp-json\/wp\/v2\/pages"}],"about":[{"href":"https:\/\/adminfo.umfst.ro\/hu\/wp-json\/wp\/v2\/types\/page"}],"author":[{"embeddable":true,"href":"https:\/\/adminfo.umfst.ro\/hu\/wp-json\/wp\/v2\/users\/1"}],"replies":[{"embeddable":true,"href":"https:\/\/adminfo.umfst.ro\/hu\/wp-json\/wp\/v2\/comments?post=2026"}],"version-history":[{"count":3,"href":"https:\/\/adminfo.umfst.ro\/hu\/wp-json\/wp\/v2\/pages\/2026\/revisions"}],"predecessor-version":[{"id":2375,"href":"https:\/\/adminfo.umfst.ro\/hu\/wp-json\/wp\/v2\/pages\/2026\/revisions\/2375"}],"wp:attachment":[{"href":"https:\/\/adminfo.umfst.ro\/hu\/wp-json\/wp\/v2\/media?parent=2026"}],"curies":[{"name":"wp","href":"https:\/\/api.w.org\/{rel}","templated":true}]}}