{"id":2024,"date":"2020-06-19T05:45:22","date_gmt":"2020-06-19T05:45:22","guid":{"rendered":"https:\/\/adminfo.umfst.ro\/?page_id=2024"},"modified":"2020-06-19T05:45:23","modified_gmt":"2020-06-19T05:45:23","slug":"a-gyogyszeresz-feladatkorei","status":"publish","type":"page","link":"https:\/\/adminfo.umfst.ro\/hu\/a-gyogyszeresz-feladatkorei\/","title":{"rendered":"A gy\u00f3gyszer\u00e9sz feladatk\u00f6rei"},"content":{"rendered":"\n<p><\/p>\n\n\n\n<p>Gy\u00f3gyszert\u00e1rban \u00e9s a klinikai tev\u00e9kenys\u00e9gben:<\/p>\n\n\n\n<p>A legt\u00f6bb gy\u00f3gyszer\u00e9sz patik\u00e1kban dolgozik, akik a lakoss\u00e1g gy\u00f3gyszerell\u00e1t\u00e1s\u00e1n t\u00fal az eg\u00e9szs\u00e9ggondoz\u00e1sban \u00e9s a betegs\u00e9gek megel\u0151z\u00e9s\u00e9ben is fontos szerepet j\u00e1tszanak. Ennek \u00e9rdek\u00e9ben ismerni\u00fck kell:<\/p>\n\n\n\n<p>&#8211; a ter\u00e1pi\u00e1ban \u00e9s a diagnosztik\u00e1ban haszn\u00e1latos gy\u00f3gyszereket \u00e9s orvostechnikai eszk\u00f6z\u00f6ket \u00e9s ezek alkalmaz\u00e1si ter\u00fcleteit<\/p>\n\n\n\n<p>&#8211; a gy\u00f3gyszerek hat\u00e1sait \u00e9s mell\u00e9khat\u00e1sait az \u00e9l\u0151 szervezetre<\/p>\n\n\n\n<p>&#8211; a gy\u00f3gyszerek k\u00f6z\u00f6tti k\u00f6lcs\u00f6nhat\u00e1sokat \u00e9s egy\u00fcttalkalmaz\u00e1suk kock\u00e1zatait<\/p>\n\n\n\n<p>&#8211; a leggyakoribb betegs\u00e9gek f\u0151bb t\u00fcneteit \u00e9s ezek gy\u00f3gyszeres kezel\u00e9si lehet\u0151s\u00e9geit<\/p>\n\n\n\n<p>Gy\u00f3gyszeriparban:<\/p>\n\n\n\n<p>A gy\u00f3gyszeripari gy\u00f3gyszer\u00e9sz r\u00e9szt vesz a gy\u00f3gyszerek, \u00e9trend-kieg\u00e9sz\u00edt\u0151k, kozmetikumok \u00e9s egy\u00e9b gy\u00f3gy\u00e1szati term\u00e9kek innov\u00e1ci\u00f3j\u00e1ban, fejleszt\u00e9s\u00e9ben, formul\u00e1l\u00e1s\u00e1ban \u00e9s kiszerel\u00e9s\u00e9ben, vizsg\u00e1lja \u00e9s ellen\u0151rzi ezek min\u0151s\u00e9g\u00e9t \u00e9s hat\u00e9konys\u00e1g\u00e1t. &nbsp;gy\u00f3gyszerek biztons\u00e1goss\u00e1g\u00e1nak folyamatos k\u00f6vet\u00e9s\u00e9vel hozz\u00e1j\u00e1rul a lakoss\u00e1g eg\u00e9szs\u00e9gv\u00e9delm\u00e9hez valamint az eg\u00e9szs\u00e9gtudatos \u00e9letm\u00f3dj\u00e1nak kialak\u00edt\u00e1s\u00e1hoz.<\/p>\n\n\n\n<p>Egy\u00e9b eg\u00e9szs\u00e9g\u00fcgyi ter\u00fcleten:<\/p>\n\n\n\n<p>Biok\u00e9miai-, toxikol\u00f3giai- valamint k\u00f6rnyezetv\u00e9delmi \u00e9s az \u00e9lelmiszerbiztons\u00e1gi laborat\u00f3riumokban ellen\u0151rz\u0151 vizsg\u00e1latokat v\u00e9gez.<\/p>\n","protected":false},"excerpt":{"rendered":"<p>Gy\u00f3gyszert\u00e1rban \u00e9s a klinikai tev\u00e9kenys\u00e9gben: A legt\u00f6bb gy\u00f3gyszer\u00e9sz patik\u00e1kban dolgozik, akik a lakoss\u00e1g gy\u00f3gyszerell\u00e1t\u00e1s\u00e1n t\u00fal az eg\u00e9szs\u00e9ggondoz\u00e1sban \u00e9s a betegs\u00e9gek megel\u0151z\u00e9s\u00e9ben is fontos szerepet j\u00e1tszanak. Ennek \u00e9rdek\u00e9ben ismerni\u00fck kell: &#8211; a ter\u00e1pi\u00e1ban \u00e9s a diagnosztik\u00e1ban haszn\u00e1latos gy\u00f3gyszereket \u00e9s orvostechnikai eszk\u00f6z\u00f6ket \u00e9s ezek alkalmaz\u00e1si ter\u00fcleteit &#8211; a gy\u00f3gyszerek hat\u00e1sait \u00e9s mell\u00e9khat\u00e1sait az \u00e9l\u0151 szervezetre &#8211; a&hellip; <br \/> <a class=\"read-more\" href=\"https:\/\/adminfo.umfst.ro\/hu\/a-gyogyszeresz-feladatkorei\/\">Read more<\/a><\/p>\n","protected":false},"author":1,"featured_media":0,"parent":0,"menu_order":0,"comment_status":"closed","ping_status":"closed","template":"","meta":{"_exactmetrics_skip_tracking":false,"_exactmetrics_sitenote_active":false,"_exactmetrics_sitenote_note":"","_exactmetrics_sitenote_category":0,"_monsterinsights_skip_tracking":false,"_monsterinsights_sitenote_active":false,"_monsterinsights_sitenote_note":"","_monsterinsights_sitenote_category":0,"footnotes":""},"class_list":["post-2024","page","type-page","status-publish","hentry"],"_links":{"self":[{"href":"https:\/\/adminfo.umfst.ro\/hu\/wp-json\/wp\/v2\/pages\/2024","targetHints":{"allow":["GET"]}}],"collection":[{"href":"https:\/\/adminfo.umfst.ro\/hu\/wp-json\/wp\/v2\/pages"}],"about":[{"href":"https:\/\/adminfo.umfst.ro\/hu\/wp-json\/wp\/v2\/types\/page"}],"author":[{"embeddable":true,"href":"https:\/\/adminfo.umfst.ro\/hu\/wp-json\/wp\/v2\/users\/1"}],"replies":[{"embeddable":true,"href":"https:\/\/adminfo.umfst.ro\/hu\/wp-json\/wp\/v2\/comments?post=2024"}],"version-history":[{"count":1,"href":"https:\/\/adminfo.umfst.ro\/hu\/wp-json\/wp\/v2\/pages\/2024\/revisions"}],"predecessor-version":[{"id":2025,"href":"https:\/\/adminfo.umfst.ro\/hu\/wp-json\/wp\/v2\/pages\/2024\/revisions\/2025"}],"wp:attachment":[{"href":"https:\/\/adminfo.umfst.ro\/hu\/wp-json\/wp\/v2\/media?parent=2024"}],"curies":[{"name":"wp","href":"https:\/\/api.w.org\/{rel}","templated":true}]}}