{"id":1848,"date":"2019-04-27T08:20:56","date_gmt":"2019-04-27T08:20:56","guid":{"rendered":"https:\/\/adminfo.umfst.ro\/f-dc\/"},"modified":"2020-06-30T07:03:09","modified_gmt":"2020-06-30T07:03:09","slug":"f-dc","status":"publish","type":"page","link":"https:\/\/adminfo.umfst.ro\/hu\/f-dc\/","title":{"rendered":"Mi\u00e9rt a MOGYTTE?"},"content":{"rendered":"\n<p><strong>Mi\u00e9rt v\u00e1laszd a MOGYTTE Gy\u00f3gyszer\u00e9szeti Kar\u00e1t?<\/strong><\/p>\n\n\n\n<p><strong>Mert a tanulm\u00e1nyi \u00e9veid alatt sz\u00e1mos lehet\u0151s\u00e9g \u00e1ll el\u0151tted<\/strong><\/p>\n\n\n\n<p><strong>Karrierlehet\u0151s\u00e9gek<\/strong><\/p>\n\n\n\n<p>A gy\u00f3gyszer\u00e9szi hivat\u00e1s felel\u0151ss\u00e9gteljes \u00e9s attrakt\u00edv, a szakma folyamatos tov\u00e1bbk\u00e9pz\u00e9st ig\u00e9nyl\u0151 \u00e9letp\u00e1lya modelleket k\u00edn\u00e1l:<\/p>\n\n\n\n<ul class=\"wp-block-list\"><li>A gy\u00f3gyszer\u00e9sz a gy\u00f3gyszerek \u00e9s gy\u00f3gyhat\u00e1s\u00fa k\u00e9sz\u00edtm\u00e9nyek el\u0151\u00e1ll\u00edt\u00e1s\u00e1t\u00f3l, annak ellen\u0151rz\u00e9s\u00e9n \u00e9s \u00e9rt\u00e9kes\u00edt\u00e9s\u00e9n t\u00falmen\u0151en, a betegek gy\u00f3gyszer\u00e9szi gondoz\u00e1s\u00e1ig (eg\u00e9szs\u00e9gnevel\u00e9s, tan\u00e1csad\u00e1s, ismeretterjeszt\u00e9s) sz\u00e1mos feladatk\u00f6rt bet\u00f6lthet. A patik\u00e1kon k\u00edv\u00fcl a k\u00f3rh\u00e1zak, gy\u00f3gyszergy\u00e1rak, kutat\u00f3k\u00f6zpontok \u00e9s akad\u00e9miai int\u00e9zetek is \u00f6r\u00f6mmel fogadj\u00e1k a v\u00e9gz\u0151seinket.<\/li><li>A szakgy\u00f3gyszer\u00e9szek specializ\u00e1l\u00f3dhatnak klinikai tev\u00e9kenys\u00e9gre, gy\u00f3gyszerellen\u0151rz\u00e9sre, kutat\u00e1sra vagy k\u00fcl\u00f6nf\u00e9le ipari \u00e1gazatokban v\u00e9gzett tev\u00e9kenys\u00e9gekre (fejleszt\u00e9s, min\u0151s\u00e9gbiztos\u00edt\u00e1s, t\u00f6rzsk\u00f6nyvez\u00e9s).<\/li><li>Az alapk\u00e9pz\u00e9st k\u00f6vet\u0151en lehet\u0151s\u00e9g van, magyar nyelven, mesterk\u00e9pz\u00e9s keret\u00e9n bel\u00fcl a gy\u00f3gyszer\u00e9szet egyik leggyorsabban fejl\u0151d\u0151 tudom\u00e1nyter\u00fclet\u00e9nek, a biotechnol\u00f3gia fontosabb elj\u00e1r\u00e1sainak az elsaj\u00e1t\u00edt\u00e1s\u00e1ra, valamint a biol\u00f3giai gy\u00f3gyszereknek a megismer\u00e9s\u00e9re.<\/li><\/ul>\n\n\n\n<p><strong>Oktat\u00e1s<\/strong><\/p>\n\n\n\n<ul class=\"wp-block-list\"><li>A marosv\u00e1s\u00e1rhelyi gy\u00f3gyszer\u00e9szk\u00e9pz\u00e9s egyike a legnagyobb m\u00falttal rendelkez\u0151 magyar gy\u00f3gyszer\u00e9szk\u00e9pz\u0151 helyeknek, t\u00f6bb mint 70 \u00e9ves hagyom\u00e1nyokat \u00e1pol.<\/li><li>Az er\u0151s elm\u00e9leti k\u00e9pz\u00e9st kieg\u00e9sz\u00edti a folyamatosan korszer\u0171s\u00f6d\u0151 gyakorlati oktat\u00e1s. A k\u00e9pz\u00e9sben a GYK tapasztalt, szaktekint\u00e9lynek sz\u00e1m\u00edt\u00f3 oktat\u00f3it egy dinamikusan fejl\u0151d\u0151 fiatal oktat\u00f3i csapat eg\u00e9sz\u00edti ki.<\/li><li>Sz\u00e1mos hallgat\u00f3i p\u00e1ly\u00e1zati lehet\u0151s\u00e9geket aj\u00e1nlunk, melyek anyaorsz\u00e1gi \u00e9s m\u00e1s eur\u00f3pai egyetemekre engednek betekint\u00e9st nyerni r\u00e9szk\u00e9pz\u00e9s form\u00e1j\u00e1ban.<\/li><li>Az oktat\u00e1s egy nemr\u00e9giben \u00e1tadott \u00e9s modern berendez\u00e9s\u0171 k\u00f6zpontban zajlik, amelyben amfite\u00e1trumok, el\u0151ad\u00f3termek, szimul\u00e1ci\u00f3s \u00e9s kutat\u00f3laborat\u00f3riumok tal\u00e1lhat\u00f3ak. Az ezt k\u00f6r\u00fclvev\u0151 z\u00f6ld k\u00f6rnyezet (botanikus kert, gy\u00f3gyn\u00f6v\u00e9ny kert) szint\u00e9n a gy\u00f3gyszer\u00e9szhallgat\u00f3kat v\u00e1rja a Somostet\u0151 l\u00e1b\u00e1n\u00e1l.<\/li><\/ul>\n\n\n\n<p><strong>Kutat\u00e1s<\/strong><\/p>\n\n\n\n<ul class=\"wp-block-list\"><li>A GYK oktat\u00f3i n\u00e9gy eur\u00f3pai szint\u0171 infrastrukt\u00far\u00e1val rendelkez\u0151 laborat\u00f3riumban v\u00e9gzik kutat\u00e1si tev\u00e9kenys\u00e9g\u00fcket az alapkutat\u00e1s \u00e9s alkalmazott kutat\u00e1s (gy\u00f3gyn\u00f6v\u00e9nykutat\u00e1s, gy\u00f3gyszerellen\u0151rz\u00e9s) ter\u00fclet\u00e9n.<\/li><li>Elismert kutat\u00f3k seg\u00edts\u00e9g\u00e9vel lehet\u0151s\u00e9g ny\u00edlik a hallgat\u00f3k szakdolgozat\u00e1nak \u00f6ssze\u00e1ll\u00edt\u00e1s\u00e1hoz sz\u00fcks\u00e9ges kutat\u00f3munka elv\u00e9gz\u00e9s\u00e9re is.<\/li><li>&nbsp;A di\u00e1ksz\u00f6vets\u00e9g \u00e1ltal minden \u00e9vben megrendezett Tudom\u00e1nyos Di\u00e1kk\u00f6ri Konferencia kiv\u00e1l\u00f3 lehet\u0151s\u00e9g a hallgat\u00f3ink \u00e1ltal el\u00e9rt kutat\u00e1si eredm\u00e9nyek bemutat\u00e1s\u00e1ra. Ez az esem\u00e9ny a magyar szaknyelv \u00e9s tudom\u00e1nyoss\u00e1g m\u0171vel\u00e9s\u00e9ben, fenntart\u00e1s\u00e1ban kiemelked\u0151 helyet foglal el.<\/li><\/ul>\n\n\n\n<p><strong>Di\u00e1k\u00e9let<\/strong><\/p>\n\n\n\n<ul class=\"wp-block-list\"><li>Marosv\u00e1s\u00e1rhelyen pezsg\u0151 di\u00e1k\u00e9let v\u00e1rja a hallgat\u00f3kat, a Marosv\u00e1rhelyi Magyar Di\u00e1ksz\u00f6vets\u00e9g (MMDSZ) erny\u0151je alatt orvosnak, gy\u00f3gyszer\u00e9sznek, sz\u00edn\u00e9sznek, m\u00e9rn\u00f6knek, informatikusnak, tolm\u00e1csnak tanul\u00f3 di\u00e1kok n\u00e9pes\u00edtik be a v\u00e1rost.<\/li><li>Az MMDSZ k\u00fcl\u00f6nb\u00f6z\u0151 rendezv\u00e9nyei, esem\u00e9nyei (Di\u00e1knapok, Tudom\u00e1nyos \u00dcl\u00e9sszak, G\u00f3lyat\u00e1bor, T\u00e1nch\u00e1zak, Git\u00e1restek, Els\u0151(s)seg\u00e9ly) sz\u00ednes\u00edtik a di\u00e1k\u00e9letet, a kutat\u00e1s \u00e9s r\u00e9szk\u00e9pz\u00e9sek mellett a sz\u00f3rakoz\u00e1st \u00e9s \u00e9lm\u00e9nyszerz\u00e9st ny\u00fajtanak.<\/li><li>Az MMDSZ keret\u00e9n bel\u00fcl m\u0171k\u00f6d\u0151 Gy\u00f3gyszer\u00e9szklub a magyar gy\u00f3gyszer\u00e9szhallgat\u00f3k \u00e9rdekeit k\u00e9pviselik, sz\u00e1mos el\u0151ad\u00e1st, m\u0171helymunk\u00e1t szerveznek.<\/li><\/ul>\n","protected":false},"excerpt":{"rendered":"<p>Mi\u00e9rt v\u00e1laszd a MOGYTTE Gy\u00f3gyszer\u00e9szeti Kar\u00e1t? Mert a tanulm\u00e1nyi \u00e9veid alatt sz\u00e1mos lehet\u0151s\u00e9g \u00e1ll el\u0151tted Karrierlehet\u0151s\u00e9gek A gy\u00f3gyszer\u00e9szi hivat\u00e1s felel\u0151ss\u00e9gteljes \u00e9s attrakt\u00edv, a szakma folyamatos tov\u00e1bbk\u00e9pz\u00e9st ig\u00e9nyl\u0151 \u00e9letp\u00e1lya modelleket k\u00edn\u00e1l: A gy\u00f3gyszer\u00e9sz a gy\u00f3gyszerek \u00e9s gy\u00f3gyhat\u00e1s\u00fa k\u00e9sz\u00edtm\u00e9nyek el\u0151\u00e1ll\u00edt\u00e1s\u00e1t\u00f3l, annak ellen\u0151rz\u00e9s\u00e9n \u00e9s \u00e9rt\u00e9kes\u00edt\u00e9s\u00e9n t\u00falmen\u0151en, a betegek gy\u00f3gyszer\u00e9szi gondoz\u00e1s\u00e1ig (eg\u00e9szs\u00e9gnevel\u00e9s, tan\u00e1csad\u00e1s, ismeretterjeszt\u00e9s) sz\u00e1mos feladatk\u00f6rt bet\u00f6lthet. A patik\u00e1kon&hellip; <br \/> <a class=\"read-more\" href=\"https:\/\/adminfo.umfst.ro\/hu\/f-dc\/\">Read more<\/a><\/p>\n","protected":false},"author":1,"featured_media":0,"parent":0,"menu_order":0,"comment_status":"closed","ping_status":"closed","template":"","meta":{"_exactmetrics_skip_tracking":false,"_exactmetrics_sitenote_active":false,"_exactmetrics_sitenote_note":"","_exactmetrics_sitenote_category":0,"_monsterinsights_skip_tracking":false,"_monsterinsights_sitenote_active":false,"_monsterinsights_sitenote_note":"","_monsterinsights_sitenote_category":0,"footnotes":""},"class_list":["post-1848","page","type-page","status-publish","hentry"],"_links":{"self":[{"href":"https:\/\/adminfo.umfst.ro\/hu\/wp-json\/wp\/v2\/pages\/1848","targetHints":{"allow":["GET"]}}],"collection":[{"href":"https:\/\/adminfo.umfst.ro\/hu\/wp-json\/wp\/v2\/pages"}],"about":[{"href":"https:\/\/adminfo.umfst.ro\/hu\/wp-json\/wp\/v2\/types\/page"}],"author":[{"embeddable":true,"href":"https:\/\/adminfo.umfst.ro\/hu\/wp-json\/wp\/v2\/users\/1"}],"replies":[{"embeddable":true,"href":"https:\/\/adminfo.umfst.ro\/hu\/wp-json\/wp\/v2\/comments?post=1848"}],"version-history":[{"count":2,"href":"https:\/\/adminfo.umfst.ro\/hu\/wp-json\/wp\/v2\/pages\/1848\/revisions"}],"predecessor-version":[{"id":2372,"href":"https:\/\/adminfo.umfst.ro\/hu\/wp-json\/wp\/v2\/pages\/1848\/revisions\/2372"}],"wp:attachment":[{"href":"https:\/\/adminfo.umfst.ro\/hu\/wp-json\/wp\/v2\/media?parent=1848"}],"curies":[{"name":"wp","href":"https:\/\/api.w.org\/{rel}","templated":true}]}}