{"id":1785,"date":"2019-04-27T08:17:52","date_gmt":"2019-04-27T08:17:52","guid":{"rendered":"https:\/\/adminfo.umfst.ro\/f-oe\/"},"modified":"2020-06-09T06:57:04","modified_gmt":"2020-06-09T06:57:04","slug":"f-oe","status":"publish","type":"page","link":"https:\/\/adminfo.umfst.ro\/hu\/f-oe\/","title":{"rendered":"Oferta Educa\u021bional\u0103 Farma"},"content":{"rendered":"\n<p>Kedves Felv\u00e9teliz\u0151k! Kedves \u00c9rdekl\u0151d\u0151k!<\/p>\n\n\n\n<p>A Gy\u00f3gyszer\u00e9szeti Kar (GYK) a k\u00f6vetkez\u0151 a Rom\u00e1niai Fels\u0151oktat\u00e1s Min\u0151s\u00e9g\u00e9t Biztos\u00edt\u00f3 \u00dcgyn\u00f6ks\u00e9g (ARACIS) \u00e1ltal akkredit\u00e1lt vagy ideiglenesen j\u00f3v\u00e1hagyott k\u00e9pz\u00e9si lehet\u0151s\u00e9geket biztos\u00edtja:<\/p>\n\n\n\n<figure class=\"wp-block-table\"><table><tbody><tr><td><strong>K\u00e9pz\u00e9s besorol\u00e1sa<\/strong><\/td><td><strong>K\u00e9pz\u00e9s t\u00edpusa<\/strong><\/td><td><strong>Munkarend<\/strong><\/td><td><strong>K\u00e9pz\u00e9s tartama\/kredit\u00e9rt\u00e9k<\/strong><\/td><td><strong>Oktat\u00e1s nyelve<\/strong><\/td><td><strong>Maxim\u00e1lis beiskol\u00e1z\u00e1si sz\u00e1m<sup>2<\/sup><\/strong><\/td><td><strong>Oklev\u00e9lben szerepl\u0151 szakk\u00e9pzetts\u00e9g megnevez\u00e9se<\/strong><\/td><\/tr><tr><td><strong>Egyetemi k\u00e9pz\u00e9s<\/strong><\/td><td>Gy\u00f3gyszer\u00e9szk\u00e9pz\u00e9s<\/td><td>Nappali<\/td><td>5 \u00e9v \/ 300 ECTS<\/td><td>Rom\u00e1n&nbsp; Magyar<\/td><td>50 50<\/td><td>Gy\u00f3gyszer\u00e9sz<\/td><\/tr><tr><td><\/td><td>Orvosi kozmetika, kozmetikai term\u00e9kek technol\u00f3gi\u00e1ja<sup>1<\/sup><\/td><td>Nappali<\/td><td>3 \u00e9v \/ 180 ECTS<\/td><td>Rom\u00e1n<\/td><td>40<\/td><td>Kozmetikus technikus<sup>2<\/sup><\/td><\/tr><\/tbody><\/table><\/figure>\n\n\n\n<p><sup>1<\/sup> Ideiglenesen j\u00f3v\u00e1hagyott<\/p>\n\n\n\n<p><sup>2<\/sup> A szakk\u00e9pes\u00edt\u00e9s felv\u00e9tele az elismert k\u00e9pes\u00edt\u00e9sek list\u00e1j\u00e1ra (Rom\u00e1niai Foglalkoz\u00e1sok Oszt\u00e1lyoz\u00e1sa, COR) folyamatban van.<\/p>\n\n\n\n<p>A Gy\u00f3gyszer\u00e9szeti Kar (GYK) mesteri k\u00e9pz\u00e9st biztos\u00edt az al\u00e1bbi szakokon:<\/p>\n\n\n\n<figure class=\"wp-block-table\"><table><tbody><tr><td><strong>K\u00e9pz\u00e9s besorol\u00e1sa<\/strong><\/td><td><strong>K\u00e9pz\u00e9s t\u00edpusa<\/strong><\/td><td><strong>Munkarend<\/strong><\/td><td><strong>K\u00e9pz\u00e9s tartama\/kredit\u00e9rt\u00e9k<\/strong><\/td><td><strong>Oktat\u00e1s nyelve<\/strong> <strong>Helyek sz\u00e1ma<\/strong><\/td><\/tr><tr><td><strong>Egyetem ut\u00e1ni k\u00e9pz\u00e9s<\/strong><\/td><td>Orvosi biotechnol\u00f3gia<\/td><td>Nappali<\/td><td>1 \u00e9v \/ 60 ECTS<\/td><td>Magyar 10+20<sup>3<\/sup><\/td><\/tr><tr><td><strong>&nbsp;<\/strong><\/td><td>Gy\u00f3gyszer-, \u00e9lelmiszer- \u00e9s k\u00f6rnyezetmin\u0151s\u00e9g<\/td><td>Nappali<\/td><td>1 \u00e9v \/ 60 ECTS<\/td><td>Rom\u00e1n 10+20<sup>3<\/sup><\/td><\/tr><tr><td><strong>&nbsp;<\/strong><\/td><td>Kozmetol\u00f3gia \u00e9s dermofarm\u00e1cia<\/td><td>Nappali<\/td><td>2 \u00e9v \/ 120 ECTS<\/td><td>Rom\u00e1n 10+25<sup>3<\/sup><\/td><\/tr><\/tbody><\/table><\/figure>\n\n\n\n<p><sup>3<\/sup> Tand\u00edjas helyek<\/p>\n","protected":false},"excerpt":{"rendered":"<p>Kedves Felv\u00e9teliz\u0151k! Kedves \u00c9rdekl\u0151d\u0151k! A Gy\u00f3gyszer\u00e9szeti Kar (GYK) a k\u00f6vetkez\u0151 a Rom\u00e1niai Fels\u0151oktat\u00e1s Min\u0151s\u00e9g\u00e9t Biztos\u00edt\u00f3 \u00dcgyn\u00f6ks\u00e9g (ARACIS) \u00e1ltal akkredit\u00e1lt vagy ideiglenesen j\u00f3v\u00e1hagyott k\u00e9pz\u00e9si lehet\u0151s\u00e9geket biztos\u00edtja: K\u00e9pz\u00e9s besorol\u00e1sa K\u00e9pz\u00e9s t\u00edpusa Munkarend K\u00e9pz\u00e9s tartama\/kredit\u00e9rt\u00e9k Oktat\u00e1s nyelve Maxim\u00e1lis beiskol\u00e1z\u00e1si sz\u00e1m2 Oklev\u00e9lben szerepl\u0151 szakk\u00e9pzetts\u00e9g megnevez\u00e9se Egyetemi k\u00e9pz\u00e9s Gy\u00f3gyszer\u00e9szk\u00e9pz\u00e9s Nappali 5 \u00e9v \/ 300 ECTS Rom\u00e1n&nbsp; Magyar 50 50 Gy\u00f3gyszer\u00e9sz&hellip; <br \/> <a class=\"read-more\" href=\"https:\/\/adminfo.umfst.ro\/hu\/f-oe\/\">Read more<\/a><\/p>\n","protected":false},"author":1,"featured_media":0,"parent":0,"menu_order":0,"comment_status":"closed","ping_status":"closed","template":"","meta":{"_exactmetrics_skip_tracking":false,"_exactmetrics_sitenote_active":false,"_exactmetrics_sitenote_note":"","_exactmetrics_sitenote_category":0,"_monsterinsights_skip_tracking":false,"_monsterinsights_sitenote_active":false,"_monsterinsights_sitenote_note":"","_monsterinsights_sitenote_category":0,"footnotes":""},"class_list":["post-1785","page","type-page","status-publish","hentry"],"_links":{"self":[{"href":"https:\/\/adminfo.umfst.ro\/hu\/wp-json\/wp\/v2\/pages\/1785","targetHints":{"allow":["GET"]}}],"collection":[{"href":"https:\/\/adminfo.umfst.ro\/hu\/wp-json\/wp\/v2\/pages"}],"about":[{"href":"https:\/\/adminfo.umfst.ro\/hu\/wp-json\/wp\/v2\/types\/page"}],"author":[{"embeddable":true,"href":"https:\/\/adminfo.umfst.ro\/hu\/wp-json\/wp\/v2\/users\/1"}],"replies":[{"embeddable":true,"href":"https:\/\/adminfo.umfst.ro\/hu\/wp-json\/wp\/v2\/comments?post=1785"}],"version-history":[{"count":1,"href":"https:\/\/adminfo.umfst.ro\/hu\/wp-json\/wp\/v2\/pages\/1785\/revisions"}],"predecessor-version":[{"id":1786,"href":"https:\/\/adminfo.umfst.ro\/hu\/wp-json\/wp\/v2\/pages\/1785\/revisions\/1786"}],"wp:attachment":[{"href":"https:\/\/adminfo.umfst.ro\/hu\/wp-json\/wp\/v2\/media?parent=1785"}],"curies":[{"name":"wp","href":"https:\/\/api.w.org\/{rel}","templated":true}]}}