{"id":1779,"date":"2019-04-27T07:58:14","date_gmt":"2019-04-27T07:58:14","guid":{"rendered":"https:\/\/adminfo.umfst.ro\/md-dc\/"},"modified":"2020-06-30T07:03:27","modified_gmt":"2020-06-30T07:03:27","slug":"md-dc","status":"publish","type":"page","link":"https:\/\/adminfo.umfst.ro\/hu\/md-dc\/","title":{"rendered":"Mi\u00e9rt a MOGYTTE?"},"content":{"rendered":"\n<p><strong>Kedves Felv\u00e9teliz\u0151 Di\u00e1kok,<\/strong><\/p>\n\n\n\n<p>\u00cdme \u00f6t \u00e9rv, ami\u00e9rt a MOGYTTE Fogorvostudom\u00e1nyi Kar\u00e1nak oktat\u00f3kb\u00f3l \u00e9s di\u00e1kokb\u00f3l \u00e1ll\u00f3 csapata v\u00e1rja jelentkez\u00e9seteket:<\/p>\n\n\n\n<p><strong>1.Anyanyelven hallgathatj\u00e1tok az el\u0151ad\u00e1sokat.<\/strong><\/p>\n\n\n\n<p>Egyetem\u00fcnk \u00e9s karunk az egyed\u00fcli olyan int\u00e9zm\u00e9ny Rom\u00e1ni\u00e1ban, ahol fogorvosnak tanul\u00f3 fiataljaink a Rom\u00e1niai Fels\u0151oktat\u00e1s Min\u0151s\u00e9g\u00e9t Biztos\u00edt\u00f3 \u00dcgyn\u00f6ks\u00e9g &nbsp;(ARACIS) \u00e1ltal akkredit\u00e1lt, magyar nyelv\u0171 k\u00e9pz\u00e9sben r\u00e9szes\u00fclnek.<\/p>\n\n\n\n<p><strong>2.Egyetemistak\u00e9nt m\u00e1r klinikai gyakorlatra tehettek szert.<\/strong><\/p>\n\n\n\n<p>Az Integr\u00e1lt Fogorvosi Centrum (IFC), ahol a di\u00e1kok \u00e9s rezidensek k\u00e9pz\u00e9se t\u00f6rt\u00e9nik, r\u00e9gi\u00f3nk legkorszer\u0171bben felszerelt k\u00f6zpontja. El\u0151ad\u00f3termeink, j\u00f3l felszerelt kezel\u0151i b\u00e1zisunk, \u00e1lland\u00f3 fejleszt\u00e9s alatt \u00e1ll\u00f3 gyakorlati szimul\u00e1ci\u00f3s k\u00f6zpontunk \u00e9s leg\u00fajabb k\u00e9palkot\u00e1si elj\u00e1r\u00e1sok elv\u00e9gz\u00e9s\u00e9re k\u00e9pes imagisztikai rendel\u0151nk lehet\u0151v\u00e9 teszik az \u00e1lland\u00f3an \u00e9s rendkiv\u00fcl dinamikusan fejl\u0151d\u0151 fogorvosl\u00e1s leg\u00fajabb technik\u00e1inak elsaj\u00e1t\u00edt\u00e1s\u00e1t.<\/p>\n\n\n\n<p>Di\u00e1kjaink m\u00e1r negyed\u00e9vt\u0151l kezd\u0151d\u0151en, oktat\u00f3i fel\u00fcgyelet mellett k\u00fcl\u00f6nb\u00f6z\u0151 ter\u00e1pi\u00e1s beavatkoz\u00e1sokat v\u00e9gezhetnek a IFC-hoz fordul\u00f3 p\u00e1cienseken.<\/p>\n\n\n\n<p><strong>3.Lehet\u0151s\u00e9getek van tudom\u00e1nyos tev\u00e9kenys\u00e9get folytatni.<\/strong><\/p>\n\n\n\n<p>Fiatalos \u00f6tleteiteket karunk oktat\u00f3i mindig felkarolj\u00e1k \u00e9s \u00e9vente alkalmatok ad\u00f3dik a di\u00e1kokkkal k\u00f6z\u00f6sen szervezett Tudom\u00e1nyos Di\u00e1kk\u00f6ri Konferenci\u00e1n bemutatni, ismertetni tudom\u00e1nyos munk\u00e1tokat. Az alapk\u00e9pz\u00e9sen t\u00fal, az egyetemi \u00e9veiteket k\u00f6vet\u0151en, magyar doktor\u00e1tus vezet\u0151k ir\u00e1ny\u00edt\u00e1sa alatt v\u00e9gezhetitek PhD tanulm\u00e1nyaitokat.<\/p>\n\n\n\n<p><strong>4.A MOGYTTE pezsg\u0151, tartalmas \u00e9s sokoldal\u00fa di\u00e1k\u00e9let sz\u00ednhelye.<\/strong><\/p>\n\n\n\n<p>A Marosv\u00e1s\u00e1rhelyi Magyar Di\u00e1ksz\u00f6vets\u00e9g k\u00f6tel\u00e9k\u00e9ben m\u0171k\u00f6d\u0151 FOK Platform mindent megtesz a fogorvostanhallgat\u00f3k di\u00e1k\u00e9let\u00e9nek megszervez\u00e9se \u00e9rdek\u00e9ben. Hat pezsg\u0151 \u00e9s tartalmas di\u00e1k\u00e9v, sz\u00e1mos tudom\u00e1nyos, kultur\u00e1lis \u00e9s t\u00e1rsadalmi jelleg\u0171 rendezv\u00e9ny, bulik \u00e9s tal\u00e1lkoz\u00f3k sorozata \u2013 ez v\u00e1r r\u00e1tok Marosv\u00e1s\u00e1rhelyen!<\/p>\n\n\n\n<p>Sz\u00e9p \u00e9s sokoldal\u00fa egyetemi kampuszunkban minden di\u00e1k megtal\u00e1lja a megfelel\u0151 lehet\u0151s\u00e9get arra, hogy \u00f3r\u00e1k vagy vizsg\u00e1k ut\u00e1n laz\u00edtson \u00e9s szabadidej\u00e9t eg\u00e9szs\u00e9gesen t\u00f6ltse el!<\/p>\n\n\n\n<p><strong>5.Oklev\u00e9l megszerz\u00e9se ut\u00e1ni tov\u00e1bb k\u00e9pezheted magad.<\/strong><\/p>\n\n\n\n<p>Diplom\u00e1s fogorvosk\u00e9nt azonnal elkezdhetitek a munk\u00e1t ak\u00e1r saj\u00e1t mag\u00e1nrendel\u0151ben is. Lehet\u0151s\u00e9g ny\u00edlik a rezidensk\u00e9pz\u00e9sre is Marosv\u00e1s\u00e1rhelyen, ugyanakkor azt is tudnotok kell, hogy az itt szerzett fogorvosi diplom\u00e1t az Eur\u00f3pai Uni\u00f3 tag\u00e1llamai elismerik.<\/p>\n\n\n\n<p class=\"has-text-align-center\">L\u00c9GY CSAPATUNK TAGJA!<\/p>\n","protected":false},"excerpt":{"rendered":"<p>Kedves Felv\u00e9teliz\u0151 Di\u00e1kok, \u00cdme \u00f6t \u00e9rv, ami\u00e9rt a MOGYTTE Fogorvostudom\u00e1nyi Kar\u00e1nak oktat\u00f3kb\u00f3l \u00e9s di\u00e1kokb\u00f3l \u00e1ll\u00f3 csapata v\u00e1rja jelentkez\u00e9seteket: 1.Anyanyelven hallgathatj\u00e1tok az el\u0151ad\u00e1sokat. Egyetem\u00fcnk \u00e9s karunk az egyed\u00fcli olyan int\u00e9zm\u00e9ny Rom\u00e1ni\u00e1ban, ahol fogorvosnak tanul\u00f3 fiataljaink a Rom\u00e1niai Fels\u0151oktat\u00e1s Min\u0151s\u00e9g\u00e9t Biztos\u00edt\u00f3 \u00dcgyn\u00f6ks\u00e9g &nbsp;(ARACIS) \u00e1ltal akkredit\u00e1lt, magyar nyelv\u0171 k\u00e9pz\u00e9sben r\u00e9szes\u00fclnek. 2.Egyetemistak\u00e9nt m\u00e1r klinikai gyakorlatra tehettek szert. Az Integr\u00e1lt&hellip; <br \/> <a class=\"read-more\" href=\"https:\/\/adminfo.umfst.ro\/hu\/md-dc\/\">Read more<\/a><\/p>\n","protected":false},"author":1,"featured_media":0,"parent":0,"menu_order":0,"comment_status":"closed","ping_status":"closed","template":"","meta":{"_exactmetrics_skip_tracking":false,"_exactmetrics_sitenote_active":false,"_exactmetrics_sitenote_note":"","_exactmetrics_sitenote_category":0,"_monsterinsights_skip_tracking":false,"_monsterinsights_sitenote_active":false,"_monsterinsights_sitenote_note":"","_monsterinsights_sitenote_category":0,"footnotes":""},"class_list":["post-1779","page","type-page","status-publish","hentry"],"_links":{"self":[{"href":"https:\/\/adminfo.umfst.ro\/hu\/wp-json\/wp\/v2\/pages\/1779","targetHints":{"allow":["GET"]}}],"collection":[{"href":"https:\/\/adminfo.umfst.ro\/hu\/wp-json\/wp\/v2\/pages"}],"about":[{"href":"https:\/\/adminfo.umfst.ro\/hu\/wp-json\/wp\/v2\/types\/page"}],"author":[{"embeddable":true,"href":"https:\/\/adminfo.umfst.ro\/hu\/wp-json\/wp\/v2\/users\/1"}],"replies":[{"embeddable":true,"href":"https:\/\/adminfo.umfst.ro\/hu\/wp-json\/wp\/v2\/comments?post=1779"}],"version-history":[{"count":4,"href":"https:\/\/adminfo.umfst.ro\/hu\/wp-json\/wp\/v2\/pages\/1779\/revisions"}],"predecessor-version":[{"id":2373,"href":"https:\/\/adminfo.umfst.ro\/hu\/wp-json\/wp\/v2\/pages\/1779\/revisions\/2373"}],"wp:attachment":[{"href":"https:\/\/adminfo.umfst.ro\/hu\/wp-json\/wp\/v2\/media?parent=1779"}],"curies":[{"name":"wp","href":"https:\/\/api.w.org\/{rel}","templated":true}]}}