{"id":1775,"date":"2019-04-27T07:50:23","date_gmt":"2019-04-27T07:50:23","guid":{"rendered":"https:\/\/adminfo.umfst.ro\/md-oe\/"},"modified":"2024-06-06T07:40:35","modified_gmt":"2024-06-06T07:40:35","slug":"md-oe","status":"publish","type":"page","link":"https:\/\/adminfo.umfst.ro\/hu\/md-oe\/","title":{"rendered":"Ofert\u0103 educa\u021bional\u0103"},"content":{"rendered":"\n<p>Tisztelt \u00e9rdekl\u0151d\u0151k!&nbsp;<\/p>\n\n\n\n<p>Kedves Felv\u00e9teliz\u0151 Di\u00e1kok!&nbsp;<\/p>\n\n\n\n<p>A Marosv\u00e1s\u00e1rhelyi \u201cGeorge Emil Palade\u201d Orvosi, Gy\u00f3gyszer\u00e9szeti, Tudom\u00e1ny \u00e9s Technol\u00f3gia Egyetem (MOGYTTE) Fogorvostudom\u00e1nyi Kara (FOK) Erd\u00e9ly egyed\u00fcli, magyar nyelven t\u00f6rt\u00e9n\u0151 fogorvos k\u00e9pz\u00e9st biztos\u00edt\u00f3 m\u0171helye.&nbsp;<\/p>\n\n\n\n<p>A fogorvosk\u00e9pz\u00e9s hat\u00e9ves, az elm\u00e9leti oktat\u00e1s rom\u00e1n \u00e9s angol nyelv mellett, magyar nyelven is t\u00f6rt\u00e9nik. Hat \u00e9v ut\u00e1n, sikeres licensz vizsga eredm\u00e9nyek\u00e9nt, a jel\u00f6ltek fogorvosi oklevelet kapnak. Ezen diploma megszerz\u00e9se ut\u00e1n fiatal kolleg\u00e1ink&nbsp;<\/p>\n\n\n\n<ul class=\"wp-block-list\"><li><em>\u00f6n\u00e1ll\u00f3<\/em>&nbsp;fogorvosi tev\u00e9kenys\u00e9get folytathatnak<\/li><li>r\u00e9szt vehetnek egyetem ut\u00e1ni gradu\u00e1lis&nbsp;<em>szakorvos&nbsp;<\/em>(rezidens)<em>&nbsp;k\u00e9pz\u00e9s<\/em>ben&nbsp;<\/li><li><em>doktori (PhD) \u00e9s mesteri tanulm\u00e1ny<\/em>aikat is elkezdhetik egyetem\u00fcnk\u00f6n<\/li><\/ul>\n\n\n\n<p>A fogorvosi gradu\u00e1lis (rezidens) k\u00e9pz\u00e9s Rom\u00e1nia ter\u00fclet\u00e9n sz\u00e1jseb\u00e9szet, fogp\u00f3tl\u00e1stan, konzerv\u00e1l\u00f3 fog\u00e1szat, fogszab\u00e1lyoz\u00e1s, gyerekfog\u00e1szat \u00e9s parodontol\u00f3gia ter\u00fclet\u00e9n lehets\u00e9ges, ezen szak\u00e1gak mindegyik\u00e9ben Marosv\u00e1s\u00e1rhelyen l\u00e9tezik szakorvosi k\u00e9pz\u00e9s. A MOGYTTE Doktori Iskol\u00e1j\u00e1nak k\u00f6tel\u00e9k\u00e9ben doktori (PhD) tanulm\u00e1nyok elv\u00e9gz\u00e9s\u00e9re, \u00edgy teh\u00e1t a doktori c\u00edm elnyer\u00e9s\u00e9re is lehet\u0151s\u00e9g van. Fogorvosi oklev\u00e9l megszerz\u00e9se ut\u00e1n, a mesteri k\u00e9pz\u00e9s adta tov\u00e1bbtanul\u00e1si lehet\u0151s\u00e9g is v\u00e1laszthat\u00f3.<\/p>\n\n\n\n<p>A h\u00e1rom\u00e9ves fogtechnikus k\u00e9pz\u00e9s licenszvizsg\u00e1val z\u00e1rul, az \u00edgy szerzett fogtechnikusi oklev\u00e9llel a jel\u00f6lt mag\u00e1nszf\u00e9r\u00e1ban elkezdheti munk\u00e1j\u00e1t.&nbsp;<\/p>\n\n\n\n<p>Karunk a k\u00f6vetkez\u0151, a Rom\u00e1niai Fels\u0151oktat\u00e1s Min\u0151s\u00e9g\u00e9t Biztos\u00edt\u00f3 \u00dcgyn\u00f6ks\u00e9g (ARACIS) \u00e1ltal akkredit\u00e1lt illetve ideiglenesen enged\u00e9lyezett k\u00e9pz\u00e9si lehet\u0151s\u00e9geket biztos\u00edtja:<\/p>\n\n\n\n<figure class=\"wp-block-table\"><table><tbody><tr><td><strong>K\u00e9pz\u00e9s besorol\u00e1sa<\/strong><\/td><td><strong>K\u00e9pz\u00e9s t\u00edpusa<\/strong><\/td><td><strong>K\u00e9pz\u00e9s tartama\/kredit\u00e9rt\u00e9k<\/strong><\/td><td><strong>Oktat\u00e1s nyelve<\/strong><\/td><td><strong>Megh\u00edrdetett&nbsp;<\/strong><strong>helyek sz\u00e1ma<\/strong><\/td><td><strong>Oklev\u00e9lben szerepl\u0151 szakk\u00e9pzetts\u00e9g megnevez\u00e9se<\/strong><\/td><\/tr><tr><td><strong>Egyetemi k\u00e9pz\u00e9s<\/strong><\/td><td>Fogorvos k\u00e9pz\u00e9s<\/td><td>6 \u00e9v \/ 360 ECTS kredit\u00e9rt\u00e9k<\/td><td>Rom\u00e1n&nbsp;&nbsp;Magyar<\/td><td>503020*<\/td><td>Fogorvos (Doctor medic stomatolog)<\/td><\/tr><tr><td>Angol nyelv\u0171 fogorvos k\u00e9pz\u00e9s<\/td><td>6 \u00e9v \/ 360 ECTS kredit\u00e9rt\u00e9k<\/td><td>Angol<\/td><td>30*<\/td><\/tr><tr><td>Fogtechnikus k\u00e9pz\u00e9s<\/td><td>3 \u00e9v \/ 180 ECTS kredit\u00e9rt\u00e9k<\/td><td>Rom\u00e1n<\/td><td>30+15*<\/td><td>Fogtechnikus (Licen\u021biat \u00een tehnic\u0103 dentar\u0103)&nbsp;<\/td><\/tr><tr><td><strong>&nbsp;<\/strong><\/td><td>Fogtechnikus k\u00e9pz\u00e9s &#8211; Beszterce<\/td><td>3 \u00e9v \/ 180 ECTS kredit\u00e9rt\u00e9k<\/td><td>Rom\u00e1n<\/td><td>20+10*<\/td><td>Fogtechnikus (Licen\u021biat \u00een tehnic\u0103 dentar\u0103)<\/td><\/tr><tr><td><strong>Egyetem ut\u00e1ni k\u00e9pz\u00e9s<\/strong><\/td><td>Mesterk\u00e9pz\u00e9s<\/td><td>1 \u00e9v \/ 60 ECTS kredit\u00e9rt\u00e9k<\/td><td>Rom\u00e1n<\/td><td>10 + 10*<\/td><td>Eszt\u00e9tikai or\u00e1lis rehabilit\u00e1ci\u00f3 mestere (Specialist \u00een reabilitare oral\u0103 estetic\u0103)<\/td><\/tr><\/tbody><\/table><\/figure>\n\n\n\n<p>*Tand\u00edjas helyek<\/p>\n","protected":false},"excerpt":{"rendered":"<p>Tisztelt \u00e9rdekl\u0151d\u0151k!&nbsp; Kedves Felv\u00e9teliz\u0151 Di\u00e1kok!&nbsp; A Marosv\u00e1s\u00e1rhelyi \u201cGeorge Emil Palade\u201d Orvosi, Gy\u00f3gyszer\u00e9szeti, Tudom\u00e1ny \u00e9s Technol\u00f3gia Egyetem (MOGYTTE) Fogorvostudom\u00e1nyi Kara (FOK) Erd\u00e9ly egyed\u00fcli, magyar nyelven t\u00f6rt\u00e9n\u0151 fogorvos k\u00e9pz\u00e9st biztos\u00edt\u00f3 m\u0171helye.&nbsp; A fogorvosk\u00e9pz\u00e9s hat\u00e9ves, az elm\u00e9leti oktat\u00e1s rom\u00e1n \u00e9s angol nyelv mellett, magyar nyelven is t\u00f6rt\u00e9nik. Hat \u00e9v ut\u00e1n, sikeres licensz vizsga eredm\u00e9nyek\u00e9nt, a jel\u00f6ltek fogorvosi oklevelet&hellip; <br \/> <a class=\"read-more\" href=\"https:\/\/adminfo.umfst.ro\/hu\/md-oe\/\">Read more<\/a><\/p>\n","protected":false},"author":1,"featured_media":0,"parent":0,"menu_order":0,"comment_status":"closed","ping_status":"closed","template":"","meta":{"_exactmetrics_skip_tracking":false,"_exactmetrics_sitenote_active":false,"_exactmetrics_sitenote_note":"","_exactmetrics_sitenote_category":0,"_monsterinsights_skip_tracking":false,"_monsterinsights_sitenote_active":false,"_monsterinsights_sitenote_note":"","_monsterinsights_sitenote_category":0,"footnotes":""},"class_list":["post-1775","page","type-page","status-publish","hentry"],"_links":{"self":[{"href":"https:\/\/adminfo.umfst.ro\/hu\/wp-json\/wp\/v2\/pages\/1775","targetHints":{"allow":["GET"]}}],"collection":[{"href":"https:\/\/adminfo.umfst.ro\/hu\/wp-json\/wp\/v2\/pages"}],"about":[{"href":"https:\/\/adminfo.umfst.ro\/hu\/wp-json\/wp\/v2\/types\/page"}],"author":[{"embeddable":true,"href":"https:\/\/adminfo.umfst.ro\/hu\/wp-json\/wp\/v2\/users\/1"}],"replies":[{"embeddable":true,"href":"https:\/\/adminfo.umfst.ro\/hu\/wp-json\/wp\/v2\/comments?post=1775"}],"version-history":[{"count":5,"href":"https:\/\/adminfo.umfst.ro\/hu\/wp-json\/wp\/v2\/pages\/1775\/revisions"}],"predecessor-version":[{"id":8032,"href":"https:\/\/adminfo.umfst.ro\/hu\/wp-json\/wp\/v2\/pages\/1775\/revisions\/8032"}],"wp:attachment":[{"href":"https:\/\/adminfo.umfst.ro\/hu\/wp-json\/wp\/v2\/media?parent=1775"}],"curies":[{"name":"wp","href":"https:\/\/api.w.org\/{rel}","templated":true}]}}