{"id":1767,"date":"2019-04-27T08:41:02","date_gmt":"2019-04-27T08:41:02","guid":{"rendered":"https:\/\/adminfo.umfst.ro\/m-dc\/"},"modified":"2020-06-30T07:03:42","modified_gmt":"2020-06-30T07:03:42","slug":"m-dc","status":"publish","type":"page","link":"https:\/\/adminfo.umfst.ro\/hu\/m-dc\/","title":{"rendered":"Mi\u00e9rt a MOGYTTE?"},"content":{"rendered":"\t\t<div data-elementor-type=\"wp-page\" data-elementor-id=\"1767\" class=\"elementor elementor-1767 elementor-1061\" data-elementor-post-type=\"page\">\n\t\t\t\t\t\t<section class=\"elementor-section elementor-top-section elementor-element elementor-element-2e425c1f elementor-section-boxed elementor-section-height-default elementor-section-height-default\" data-id=\"2e425c1f\" data-element_type=\"section\">\n\t\t\t\t\t\t<div class=\"elementor-container elementor-column-gap-default\">\n\t\t\t\t\t<div class=\"elementor-column elementor-col-100 elementor-top-column elementor-element elementor-element-510d486e\" data-id=\"510d486e\" data-element_type=\"column\">\n\t\t\t<div class=\"elementor-widget-wrap elementor-element-populated\">\n\t\t\t\t\t\t<div class=\"elementor-element elementor-element-26cb931b elementor-widget elementor-widget-text-editor\" data-id=\"26cb931b\" data-element_type=\"widget\" data-widget_type=\"text-editor.default\">\n\t\t\t\t<div class=\"elementor-widget-container\">\n\t\t\t\t\t\t\t\t\t<p><\/p>\n<p class=\"MsoNormal\" style=\"margin-bottom: 0.0001pt; text-indent: 0.25in; line-height: 150%; text-align: left;\" align=\"center\"><b>T\u00edz \u00e9rv a marosv\u00e1s\u00e1rhelyi Orvostudom\u00e1nyi Kar v\u00e1laszt\u00e1sa mellett:<\/b><\/p>\n<ol style=\"margin-top: 0in;\" start=\"1\" type=\"1\">\n<li class=\"MsoNormal\" style=\"margin-bottom: 0.0001pt; line-height: 150%; text-align: left;\">Alap\u00edt\u00e1sa \u00f3ta a marosv\u00e1s\u00e1rhelyi orvosegyetemen folytonos a magyar nyelv\u0171 orvosk\u00e9pz\u00e9s, egy ideje eg\u00e9szs\u00e9g\u00fcgyi asszisztensk\u00e9pz\u00e9s is m\u0171k\u00f6dik. Az anyanyelven val\u00f3 tanul\u00e1s el\u0151nyei vitathatatlanok.<\/li>\n<li class=\"MsoNormal\" style=\"margin-bottom: 0.0001pt; line-height: 150%; text-align: left;\">Nemcsak a<span lang=\"HU\"> m\u00falt hagyom\u00e1nyai, hanem a jelen kih\u00edv\u00e1sai is min\u0151s\u00e9gi orvosk\u00e9pz\u00e9sre, a multikulturalit\u00e1s meg\u0151rz\u00e9s\u00e9re k\u00f6teleznek.<\/span><\/li>\n<li class=\"MsoNormal\" style=\"margin-bottom: 0.0001pt; line-height: 150%; text-align: left;\"><span lang=\"HU\" style=\"text-indent: -0.25in;\">Korszer\u0171 oktat\u00e1si \u00e9s fejlett kutat\u00e1si lehet\u0151s\u00e9gek, k\u00e9pzett oktat\u00f3i k\u00f6z\u00f6ss\u00e9g biztos\u00edtja a gyakorlati ismeretek elsaj\u00e1t\u00edt\u00e1s\u00e1t, a k\u00fclf\u00f6ld\u00f6n is elismert szaktud\u00e1st, a bels\u0151 \u00e9s k\u00fcls\u0151 nemzetk\u00f6zi jelleget.<\/span><\/li>\n<li class=\"MsoNormal\" style=\"margin-bottom: 0.0001pt; line-height: 150%; text-align: left;\">J\u00f3l felszerelt el\u0151ad\u00f3termek, <span lang=\"HU\" style=\"text-indent: -0.25in;\">laborat\u00f3riumok,<\/span><span style=\"text-indent: -0.25in;\"> kezel\u0151b\u00e1zisok, szimul\u00e1ci\u00f3s k\u00f6zpont, k\u00f6nyvt\u00e1r \u00e9s egy\u00e9b h\u00e1tt\u00e9rint\u00e9zm\u00e9nyek biztos\u00edtj\u00e1k az oktat\u00e1s sz\u00ednvonal\u00e1t ahhoz, hogy a Marosv\u00e1s\u00e1rhelyen szerzett diplom\u00e1t az Eur\u00f3pai Uni\u00f3 tag\u00e1llamai elismerj\u00e9k. <\/span><\/li>\n<li class=\"MsoNormal\" style=\"margin-bottom: 0.0001pt; line-height: 150%; text-align: left;\">Az egyetem <span style=\"text-indent: -0.25in;\">fejlett kutat\u00f3k\u00f6zponttal rendelkezik,\u00a0 felkarolja a di\u00e1kok tudom\u00e1nyos tev\u00e9kenys\u00e9g\u00e9t, lehet\u0151s\u00e9get ny\u00fajt k\u00fclf\u00f6ldi r\u00e9szv\u00e9telre, el\u0151seg\u00edti a tudom\u00e1nyos karriert.<\/span><\/li>\n<li class=\"MsoNormal\" style=\"margin-bottom: 0.0001pt; line-height: 150%; text-align: left;\">A minden \u00e9vben megrendez\u00e9sre ker\u00fcl\u0151 Tudom\u00e1nyos Di\u00e1kk\u00f6ri Konferencia\u00a0 sz\u00ednvonala \u00e9s k\u00f6z\u00f6ss\u00e9gform\u00e1l\u00f3 ereje kiemelked\u0151 helyet foglal el a magyar szaknyelv \u00e9s tudom\u00e1nyoss\u00e1g fejleszt\u00e9s\u00e9ben.<\/li>\n<li class=\"MsoNormal\" style=\"margin-bottom: 0.0001pt; line-height: 150%; text-align: left;\"><span style=\"text-indent: -0.25in;\">A di\u00e1kcsere- \u00e9s \u00f6szt\u00f6nd\u00edjprogramok, a <\/span><span lang=\"HU\" style=\"text-indent: -0.25in;\">hallgat\u00f3i p\u00e1ly\u00e1zati lehet\u0151s\u00e9gek, a fokozott mobilit\u00e1s<\/span> <span lang=\"HU\" style=\"text-indent: -0.25in;\">magyarorsz\u00e1gi \u00e9s sz\u00e1mos eur\u00f3pai egyetemen ny\u00fajtanak r\u00e9szk\u00e9pz\u00e9si, egy\u00fcttm\u0171k\u00f6d\u00e9si lehet\u0151s\u00e9get.<\/span><\/li>\n<li class=\"MsoNormal\" style=\"margin-bottom: 0.0001pt; line-height: 150%; text-align: left;\"><span lang=\"HU\" style=\"text-indent: -0.25in;\">Az egyetemet k\u00f6r\u00fclvev\u0151 egyedi z\u00f6ld k\u00f6rnyezet, a vonz\u00f3 egyetemi campus mellett sz\u00e9lesk\u00f6r\u0171 t\u00e1rsadalmi \u00e9s kultur\u00e1lis programok, az egyetemen bel\u00fcli sportol\u00e1si \u00e9s \u00f6nmegval\u00f3s\u00edt\u00f3 lehet\u0151s\u00e9gek, a v\u00e1ros vonzereje tartalmass\u00e1 \u00e9s sokoldal\u00fav\u00e1, teljess\u00e9 teszik a di\u00e1k\u00e9letet.<\/span><\/li>\n<li class=\"MsoNormal\" style=\"margin-bottom: 0.0001pt; line-height: 150%; text-align: left;\">A k\u00fcl\u00f6nb\u00f6z\u0151 k\u00e9pz\u00e9sekben r\u00e9szt vev\u0151 hallgat\u00f3kat t\u00f6m\u00f6r\u00edt\u0151 Marosv\u00e1s\u00e1rhelyi Magyar Di\u00e1ksz\u00f6vets\u00e9g szervez\u00e9s\u00e9ben <span lang=\"HU\" style=\"text-indent: -0.25in;\">lebonyol\u00edtott hagyom\u00e1nyos rendezv\u00e9nyek, esem\u00e9nyek a k\u00f6z\u00f6ss\u00e9gi szellemet er\u0151s\u00edtik \u00e9s hasznos id\u0151t\u00f6lt\u00e9st ny\u00fajtanak.<\/span><\/li>\n<li class=\"MsoNormal\" style=\"margin-bottom: 0.0001pt; line-height: 150%; text-align: left;\"><span style=\"text-indent: -0.25in;\">Az alapk\u00e9pz\u00e9st v\u00e9gzettek folytathatj\u00e1k tanulm\u00e1nyaikat k\u00fcl\u00f6nb\u00f6z\u0151 mesterk\u00e9pz\u0151 szakokon, valamint r\u00e9szt vehetnek a doktori k<\/span><span lang=\"HU\" style=\"text-indent: -0.25in;\">\u00e9pz\u00e9sben, <\/span><span style=\"text-indent: -0.25in;\">rezidensk\u00e9pz\u00e9sben, valamint az egyetem \u00e1ltal szervezett szakmai tov\u00e1bbk\u00e9pz\u0151k\u00f6n, tudom\u00e1nyos rendezv\u00e9nyeken.<\/span><\/li>\n<\/ol>\n<p><\/p>\t\t\t\t\t\t\t\t<\/div>\n\t\t\t\t<\/div>\n\t\t\t\t\t<\/div>\n\t\t<\/div>\n\t\t\t\t\t<\/div>\n\t\t<\/section>\n\t\t\t\t<\/div>\n\t\t","protected":false},"excerpt":{"rendered":"<p>T\u00edz \u00e9rv a marosv\u00e1s\u00e1rhelyi Orvostudom\u00e1nyi Kar v\u00e1laszt\u00e1sa mellett: Alap\u00edt\u00e1sa \u00f3ta a marosv\u00e1s\u00e1rhelyi orvosegyetemen folytonos a magyar nyelv\u0171 orvosk\u00e9pz\u00e9s, egy ideje eg\u00e9szs\u00e9g\u00fcgyi asszisztensk\u00e9pz\u00e9s is m\u0171k\u00f6dik. Az anyanyelven val\u00f3 tanul\u00e1s el\u0151nyei vitathatatlanok. Nemcsak a m\u00falt hagyom\u00e1nyai, hanem a jelen kih\u00edv\u00e1sai is min\u0151s\u00e9gi orvosk\u00e9pz\u00e9sre, a multikulturalit\u00e1s meg\u0151rz\u00e9s\u00e9re k\u00f6teleznek. Korszer\u0171 oktat\u00e1si \u00e9s fejlett kutat\u00e1si lehet\u0151s\u00e9gek, k\u00e9pzett oktat\u00f3i k\u00f6z\u00f6ss\u00e9g biztos\u00edtja&hellip; <br \/> <a class=\"read-more\" href=\"https:\/\/adminfo.umfst.ro\/hu\/m-dc\/\">Read more<\/a><\/p>\n","protected":false},"author":1,"featured_media":0,"parent":0,"menu_order":0,"comment_status":"closed","ping_status":"closed","template":"","meta":{"_exactmetrics_skip_tracking":false,"_exactmetrics_sitenote_active":false,"_exactmetrics_sitenote_note":"","_exactmetrics_sitenote_category":0,"_monsterinsights_skip_tracking":false,"_monsterinsights_sitenote_active":false,"_monsterinsights_sitenote_note":"","_monsterinsights_sitenote_category":0,"footnotes":""},"class_list":["post-1767","page","type-page","status-publish","hentry"],"_links":{"self":[{"href":"https:\/\/adminfo.umfst.ro\/hu\/wp-json\/wp\/v2\/pages\/1767","targetHints":{"allow":["GET"]}}],"collection":[{"href":"https:\/\/adminfo.umfst.ro\/hu\/wp-json\/wp\/v2\/pages"}],"about":[{"href":"https:\/\/adminfo.umfst.ro\/hu\/wp-json\/wp\/v2\/types\/page"}],"author":[{"embeddable":true,"href":"https:\/\/adminfo.umfst.ro\/hu\/wp-json\/wp\/v2\/users\/1"}],"replies":[{"embeddable":true,"href":"https:\/\/adminfo.umfst.ro\/hu\/wp-json\/wp\/v2\/comments?post=1767"}],"version-history":[{"count":4,"href":"https:\/\/adminfo.umfst.ro\/hu\/wp-json\/wp\/v2\/pages\/1767\/revisions"}],"predecessor-version":[{"id":2374,"href":"https:\/\/adminfo.umfst.ro\/hu\/wp-json\/wp\/v2\/pages\/1767\/revisions\/2374"}],"wp:attachment":[{"href":"https:\/\/adminfo.umfst.ro\/hu\/wp-json\/wp\/v2\/media?parent=1767"}],"curies":[{"name":"wp","href":"https:\/\/api.w.org\/{rel}","templated":true}]}}