{"id":1763,"date":"2019-04-27T08:33:00","date_gmt":"2019-04-27T08:33:00","guid":{"rendered":"https:\/\/adminfo.umfst.ro\/m-oe\/"},"modified":"2020-06-30T05:48:54","modified_gmt":"2020-06-30T05:48:54","slug":"m-oe","status":"publish","type":"page","link":"https:\/\/adminfo.umfst.ro\/hu\/m-oe\/","title":{"rendered":"K\u00e9pz\u00e9si k\u00edn\u00e1lat  MG"},"content":{"rendered":"\n<p>A Marosv\u00e1s\u00e1rhelyi Orvosi, Gy\u00f3gyszer\u00e9szeti, Tudom\u00e1ny- \u00e9s Technol\u00f3giai Egyetem (MOGYTTE) Orvostudom\u00e1nyi Kara (OK) a k\u00f6vetkez\u0151, a Rom\u00e1niai Fels\u0151oktat\u00e1s Min\u0151s\u00e9g\u00e9t Biztos\u00edt\u00f3 \u00dcgyn\u00f6ks\u00e9g&nbsp; (ARACIS) \u00e1ltal akkredit\u00e1lt k\u00e9pz\u00e9si lehet\u0151s\u00e9geket biztos\u00edtja:<\/p>\n\n\n\n<figure class=\"wp-block-table\"><table><tbody><tr><td><strong>K\u00e9pz\u00e9s besorol\u00e1sa<\/strong><\/td><td><strong>K\u00e9pz\u00e9s t\u00edpusa<\/strong><\/td><td><strong>Munkarend<\/strong><\/td><td><strong>K\u00e9pz\u00e9s tartama\/kredit\u00e9rt\u00e9k<\/strong><\/td><td><strong>Oktat\u00e1s nyelve<\/strong><\/td><td><strong>Megh\u00edrdetett<\/strong> <strong>helyek<\/strong><strong><\/strong> <strong>sz\u00e1ma<\/strong><\/td><td><strong>Oklev\u00e9lben szerepl\u0151 szakk\u00e9pzetts\u00e9g megnevez\u00e9se<\/strong><\/td><td><\/td><\/tr><tr><td><strong>Egyetemi k\u00e9pz\u00e9s<\/strong><\/td><td>\u00c1ltal\u00e1nos orvos*<strong>*<\/strong><\/td><td>Nappali<\/td><td>6 \u00e9v \/ 360 ECTS kredit\u00e9rt\u00e9k<\/td><td>Magyar Rom\u00e1n&nbsp;<\/td><td>120<br>220<\/td><td>\u00c1ltal\u00e1nos orvos (r\u00f6vid\u00edtve dr. med.)<\/td><td><\/td><\/tr><tr><td><\/td><td>\u00c1ltal\u00e1nos asszisztens<\/td><td>Nappali<\/td><td>4 \u00e9v \/ 240 ECTS kredit\u00e9rt\u00e9k<\/td><td>Magyar Rom\u00e1n<\/td><td>60<br>60<\/td><td>\u00c1ltal\u00e1nos asszisztens<\/td><\/tr><tr><td><\/td><td>T\u00e1pl\u00e1lkoz\u00e1stan \u00e9s dietetika<\/td><td>Nappali<\/td><td>3 \u00e9v \/ 180 ECTS kredit\u00e9rt\u00e9k<\/td><td>Rom\u00e1n<\/td><td>&nbsp;50<\/td><td><\/td><\/tr><tr><td><\/td><td>Balneo-fizio-kinetoter\u00e1pia \u00e9s rehabilit\u00e1ci\u00f3:<\/td><td>Nappali<\/td><td>3 \u00e9v \/ 180 ECTS kredit\u00e9rt\u00e9k<\/td><td>Rom\u00e1n<\/td><td>&nbsp;60<\/td><td><\/td><\/tr><tr><td><strong>Egyetem ut\u00e1ni k\u00e9pz\u00e9s<\/strong><\/td><td>Mesterk\u00e9pz\u00e9sek***<\/td><td>Nappali<\/td><td>1-2 \u00e9v\/ 60-120&nbsp; ECTS kredit\u00e9rt\u00e9k<\/td><td>Rom\u00e1n<\/td><td>85+165 *<\/td><td><\/td><td><\/td><\/tr><\/tbody><\/table><\/figure>\n\n\n\n<p>* Tand\u00edjas helyek<\/p>\n\n\n\n<p>** Az angol nyelv\u0171 orvosk\u00e9pz\u00e9s az Angol Orvostudom\u00e1nyi Karon t\u00f6rt\u00e9nik.<\/p>\n\n\n\n<p>Az OK katonaorvosi k\u00e9pz\u00e9st is biztos\u00edt rom\u00e1n nyelven. <\/p>\n\n\n\n<p>***Az Orvostudom\u00e1nyi Kar mesteri k\u00e9pz\u00e9st biztos\u00edt az al\u00e1bbi szakokon: Klinikai \u00e9s k\u00f6z\u00f6ss\u00e9gi t\u00e1pl\u00e1lkoz\u00e1stan, Eg\u00e9szs\u00e9g\u00fcgyi szolg\u00e1ltat\u00e1sok menedzsmentje, Klinikai Laborat\u00f3rium, Fizioter\u00e1pia \u00e9s funkcion\u00e1lis rehabilit\u00e1ci\u00f3, Az emberi szaporod\u00e1s eg\u00e9szs\u00e9gtana, Orvosi-gy\u00f3gyszer\u00e9szeti tudom\u00e1nyos kutat\u00e1s.<\/p>\n\n\n\n<p>Az alapk\u00e9pz\u00e9st k\u00f6vet\u0151en a v\u00e9gzett az adott k\u00e9pz\u00e9snek megfelel\u0151, elismert oklevet kap, amely felhatalmazza a foglalkoz\u00e1sok adatt\u00e1r\u00e1ban megadott tev\u00e9kenys\u00e9gek v\u00e9gz\u00e9s\u00e9re. Az orvosdoktori osztatlan k\u00e9pz\u00e9st szakorvosi k\u00e9pz\u00e9s k\u00f6veti, mely ut\u00e1n lehet\u0151s\u00e9g ny\u00edlik a III. ciklusban t\u00f6rt\u00e9n\u0151, tudom\u00e1nyos doktori k\u00e9pz\u00e9sre is. A t\u00f6bbi alapk\u00e9pz\u00e9s eset\u00e9n a Doktori Iskol\u00e1ba t\u00f6rt\u00e9n\u0151 felv\u00e9teli mesteri k\u00e9pz\u00e9st k\u00f6vet\u0151en lehets\u00e9ges.<\/p>\n","protected":false},"excerpt":{"rendered":"<p>A Marosv\u00e1s\u00e1rhelyi Orvosi, Gy\u00f3gyszer\u00e9szeti, Tudom\u00e1ny- \u00e9s Technol\u00f3giai Egyetem (MOGYTTE) Orvostudom\u00e1nyi Kara (OK) a k\u00f6vetkez\u0151, a Rom\u00e1niai Fels\u0151oktat\u00e1s Min\u0151s\u00e9g\u00e9t Biztos\u00edt\u00f3 \u00dcgyn\u00f6ks\u00e9g&nbsp; (ARACIS) \u00e1ltal akkredit\u00e1lt k\u00e9pz\u00e9si lehet\u0151s\u00e9geket biztos\u00edtja: K\u00e9pz\u00e9s besorol\u00e1sa K\u00e9pz\u00e9s t\u00edpusa Munkarend K\u00e9pz\u00e9s tartama\/kredit\u00e9rt\u00e9k Oktat\u00e1s nyelve Megh\u00edrdetett helyek sz\u00e1ma Oklev\u00e9lben szerepl\u0151 szakk\u00e9pzetts\u00e9g megnevez\u00e9se Egyetemi k\u00e9pz\u00e9s \u00c1ltal\u00e1nos orvos** Nappali 6 \u00e9v \/ 360 ECTS kredit\u00e9rt\u00e9k Magyar Rom\u00e1n&nbsp;&hellip; <br \/> <a class=\"read-more\" href=\"https:\/\/adminfo.umfst.ro\/hu\/m-oe\/\">Read more<\/a><\/p>\n","protected":false},"author":1,"featured_media":0,"parent":0,"menu_order":0,"comment_status":"closed","ping_status":"closed","template":"","meta":{"_exactmetrics_skip_tracking":false,"_exactmetrics_sitenote_active":false,"_exactmetrics_sitenote_note":"","_exactmetrics_sitenote_category":0,"_monsterinsights_skip_tracking":false,"_monsterinsights_sitenote_active":false,"_monsterinsights_sitenote_note":"","_monsterinsights_sitenote_category":0,"footnotes":""},"class_list":["post-1763","page","type-page","status-publish","hentry"],"_links":{"self":[{"href":"https:\/\/adminfo.umfst.ro\/hu\/wp-json\/wp\/v2\/pages\/1763","targetHints":{"allow":["GET"]}}],"collection":[{"href":"https:\/\/adminfo.umfst.ro\/hu\/wp-json\/wp\/v2\/pages"}],"about":[{"href":"https:\/\/adminfo.umfst.ro\/hu\/wp-json\/wp\/v2\/types\/page"}],"author":[{"embeddable":true,"href":"https:\/\/adminfo.umfst.ro\/hu\/wp-json\/wp\/v2\/users\/1"}],"replies":[{"embeddable":true,"href":"https:\/\/adminfo.umfst.ro\/hu\/wp-json\/wp\/v2\/comments?post=1763"}],"version-history":[{"count":5,"href":"https:\/\/adminfo.umfst.ro\/hu\/wp-json\/wp\/v2\/pages\/1763\/revisions"}],"predecessor-version":[{"id":2303,"href":"https:\/\/adminfo.umfst.ro\/hu\/wp-json\/wp\/v2\/pages\/1763\/revisions\/2303"}],"wp:attachment":[{"href":"https:\/\/adminfo.umfst.ro\/hu\/wp-json\/wp\/v2\/media?parent=1763"}],"curies":[{"name":"wp","href":"https:\/\/api.w.org\/{rel}","templated":true}]}}