{"id":1646,"date":"2018-02-26T08:51:24","date_gmt":"2018-02-26T08:51:24","guid":{"rendered":"https:\/\/adminfo.umfst.ro\/?page_id=1646"},"modified":"2020-06-29T09:41:56","modified_gmt":"2020-06-29T09:41:56","slug":"mesmerize","status":"publish","type":"page","link":"https:\/\/adminfo.umfst.ro\/hu\/","title":{"rendered":"Front Page"},"content":{"rendered":"<div  id=\"overlappable-4\" style=\"background-color: #ffffff; background-image: none;\" data-label=\"Overlappable\" data-id=\"overlappable-4\" data-export-id=\"overlappable-4\" data-category=\"overlappable\" class=\"overlappable-4 content-section content-section-spacing\" data-overlap=\"true\">\n    <div  class=\"gridContainer\">\n    <div  data-type=\"row\" class=\"row spaced-cols text-center\">\n    <div  class=\"col-xs-12 col-sm-4 col-padding\">\n    \n    <i  class=\"fa icon shadow-large-black aligncenter color1 fa-question-circle reverse round large\"> <\/i>\n    <div  data-type=\"column\" class=\"\">\n    <h5  class=\"\">DE CE UNIVERSITATEA NOASTR\u0102?<\/h5>\n    <p  class=\"\">Afl\u0103 cum te ajut\u0103m noi s\u0103 ajungi studentul nostru \u0219i cum te ajut\u0103m s\u0103 r\u0103m\u00e2i studentul nostru<\/p>\n    \n    <\/div>\n    <\/div>\n    <div  class=\"col-xs-12 col-sm-4 col-padding\">\n    \n    <i  class=\"fa icon shadow-large-black aligncenter color1 fa-soccer-ball-o reverse round large\"> <\/i>\n    <div  data-type=\"column\" class=\"\">\n    <h5  class=\"\">FACILIT\u0102\u021aI SPORTIVE UNICE<\/h5>\n    <p  class=\"\">Baza sportiv\u0103 a universit\u0103\u021bii noastre este una dintre cele mai dezvoltate din \u021bar\u0103. \n<br >Convinge-te \u0219i tu!<\/p>\n    \n    <\/div>\n    <\/div>\n    <div  class=\"col-xs-12 col-sm-4 col-padding\">\n    \n    <i  class=\"fa icon fa-magic large shadow-large-black round aligncenter reverse color1\"> <\/i>\n    <div  data-type=\"column\" class=\"\">\n    <h5  class=\"\">ACTIVIT\u0102\u021aI EXTRACURRICULARE<\/h5>\n    <p  class=\"\">At\u00e2t universitatea c\u00e2t \u0219i organiza\u021biile studen\u021be\u0219ti ofer\u0103 o gam\u0103 larg\u0103 de activit\u0103\u021bi de dezvoltare personal\u0103 \u00een afara programului.<\/p>\n    \n    <\/div>\n    <\/div>\n    <\/div>\n    <\/div>\n    <\/div><div  data-label=\"Counters\" data-id=\"counters--1\" data-export-id=\"counters-1\" data-category=\"counters\" class=\"counters-1 content-section content-section-spacing\" id=\"counters-1\" style=\"background-color: rgb(245, 250, 253);\"><div  class=\"gridContainer\"> <div  class=\"row text-center\"><div  class=\"section-title-col\" data-type=\"column\"> <h2  class=\"\">Bine de \u0219tiut<\/h2> <p  class=\"lead\">universitatea noastr\u0103 are peste 10.000 de studen\u021bi, 35 de programe de licen\u021b\u0103, peste 35 de programe de masterat, peste 150 de acorduri interna\u021bionale, peste 300.000 de c\u0103r\u021bi \u00een bibliotec\u0103, peste 1000 de specii de plante \u00een gr\u0103dina botanic\u0103, \u0219i multe alte curiozit\u0103\u021bi\u2026<\/p><\/div> <\/div> <div  class=\"row spaced-cols\" data-type=\"row\" data-fixed=\"true\"> <div  class=\"col-xs-12 col-sm-4 space-bottom-small col-padding-xs col-md-2\"> <div  class=\"circle-counter color1\"> <svg  class=\"circle-svg\" viewBox=\"0 0 100 100\"> <circle  r=\"48\" stroke-linecap=\"round\" cx=\"50\" cy=\"50\" fill=\"transparent\" stroke-dasharray=\"301.6\" stroke-dashoffset=\"301.6px\"><\/circle> <circle  class=\"circle-bar\" r=\"48\" stroke-linecap=\"round\" cx=\"50\" cy=\"50\" fill=\"transparent\" stroke-dasharray=\"301.6\" stroke-dashoffset=\"301.6px\" style=\"stroke-dashoffset: 301.593px;\"><\/circle><\/svg> <div  class=\"circle-content\"><h2  class=\"font-100\" data-min=\"0\" data-max=\"100\" data-stop=\"10\" data-prefix=\"\" data-suffix=\"k\" data-countup=\"true\" data-duration=\"2000\"><\/h2> <p >studen\u021bi<\/p><\/div> <\/div><\/div>  <div  class=\"col-xs-12 col-sm-4 space-bottom-small col-padding-xs col-md-2\"> <div  class=\"circle-counter color1\"> <svg  class=\"circle-svg\" viewBox=\"0 0 100 100\"> <circle  r=\"48\" stroke-linecap=\"round\" cx=\"50\" cy=\"50\" fill=\"transparent\" stroke-dasharray=\"301.6\" stroke-dashoffset=\"301.6px\"><\/circle> <circle  class=\"circle-bar\" r=\"48\" stroke-linecap=\"round\" cx=\"50\" cy=\"50\" fill=\"transparent\" stroke-dasharray=\"301.6\" stroke-dashoffset=\"301.6px\" style=\"stroke-dashoffset: 301.593px;\"><\/circle><\/svg> <div  class=\"circle-content\"><h2  class=\"font-100\" data-min=\"0\" data-max=\"100\" data-stop=\"300\" data-prefix=\"\" data-suffix=\"k\" data-countup=\"true\" data-duration=\"2000\"><\/h2> <p >volume<\/p><\/div> <\/div><\/div><div  class=\"col-xs-12 col-sm-4 space-bottom-small col-padding-xs col-md-2\"><div  class=\"circle-counter color2\"> <svg  class=\"circle-svg\" viewBox=\"0 0 100 100\"><circle  r=\"48\" stroke-linecap=\"round\" cx=\"50\" cy=\"50\" fill=\"transparent\" stroke-dasharray=\"301.6\" stroke-dashoffset=\"301.6px\"><\/circle> <circle  class=\"circle-bar\" r=\"48\" stroke-linecap=\"round\" cx=\"50\" cy=\"50\" fill=\"transparent\" stroke-dasharray=\"301.6\" stroke-dashoffset=\"301.6px\" style=\"stroke-dashoffset: 301.593px;\"><\/circle><\/svg> <div  class=\"circle-content\"><h2  class=\"font-100\" data-min=\"0\" data-max=\"100\" data-stop=\"35\" data-prefix=\"\" data-suffix=\"\" data-countup=\"true\" data-duration=\"2000\"><\/h2> <p >licen\u021b\u0103<\/p><\/div> <\/div><\/div><div  class=\"col-xs-12 col-sm-4 space-bottom-small col-padding-xs col-md-2\"><div  class=\"circle-counter color4\"> <svg  class=\"circle-svg\" viewBox=\"0 0 100 100\"><circle  r=\"48\" stroke-linecap=\"round\" cx=\"50\" cy=\"50\" fill=\"transparent\" stroke-dasharray=\"301.6\" stroke-dashoffset=\"301.6px\"><\/circle> <circle  class=\"circle-bar\" r=\"48\" stroke-linecap=\"round\" cx=\"50\" cy=\"50\" fill=\"transparent\" stroke-dasharray=\"301.6\" stroke-dashoffset=\"301.6px\" style=\"stroke-dashoffset: 301.593px;\"><\/circle><\/svg> <div  class=\"circle-content\"><h2  class=\"font-100\" data-min=\"0\" data-max=\"100\" data-stop=\"37\" data-prefix=\"\" data-suffix=\"\" data-countup=\"true\" data-duration=\"2000\"><\/h2> <p >masterat<\/p><\/div> <\/div><\/div> <div  class=\"col-xs-12 col-sm-4 space-bottom-small col-padding-xs col-md-2\"> <div  class=\"circle-counter color1\"> <svg  class=\"circle-svg\" viewBox=\"0 0 100 100\"> <circle  r=\"48\" stroke-linecap=\"round\" cx=\"50\" cy=\"50\" fill=\"transparent\" stroke-dasharray=\"301.6\" stroke-dashoffset=\"301.6px\"><\/circle> <circle  class=\"circle-bar\" r=\"48\" stroke-linecap=\"round\" cx=\"50\" cy=\"50\" fill=\"transparent\" stroke-dasharray=\"301.6\" stroke-dashoffset=\"301.6px\" style=\"stroke-dashoffset: 301.593px;\"><\/circle><\/svg> <div  class=\"circle-content\"><h2  class=\"font-100\" data-min=\"0\" data-max=\"100\" data-stop=\"159\" data-prefix=\"\" data-suffix=\"\" data-countup=\"true\" data-duration=\"2000\"><\/h2> <p >acorduri<\/p><\/div> <\/div><\/div><div  class=\"col-xs-12 col-sm-4 space-bottom-small col-padding-xs col-md-2\"> <div  class=\"circle-counter color1\"> <svg  class=\"circle-svg\" viewBox=\"0 0 100 100\"> <circle  r=\"48\" stroke-linecap=\"round\" cx=\"50\" cy=\"50\" fill=\"transparent\" stroke-dasharray=\"301.6\" stroke-dashoffset=\"301.6px\"><\/circle> <circle  class=\"circle-bar\" r=\"48\" stroke-linecap=\"round\" cx=\"50\" cy=\"50\" fill=\"transparent\" stroke-dasharray=\"301.6\" stroke-dashoffset=\"301.6px\" style=\"stroke-dashoffset: 301.593px;\"><\/circle><\/svg> <div  class=\"circle-content\"><h2  class=\"font-100\" data-min=\"0\" data-max=\"100\" data-stop=\"1000\" data-prefix=\"\" data-suffix=\"\" data-countup=\"true\" data-duration=\"2000\"><\/h2> <p >plante<\/p><\/div> <\/div><\/div><\/div><\/div> <\/div><div  data-label=\"Latest-news\" data-id=\"blog-section\" data-export-id=\"blog-section\" data-category=\"latest_news\" class=\"blog-section content-section content-section-spacing\" id=\"latest-news-1\" style=\"background-color: #f5fafd;\">\n    <div  class=\"gridContainer\">\n    <div  class=\"row\">\n    <div  data-type=\"column\" class=\"section-title-col\">\n    <h2  class=\"\">Ultimele anun\u021buri<\/h2>\n    <p  class=\"lead\">pentru cele mai noi anun\u021buri pute\u021bi vizita blog.umfst.ro sau sa accesa\u021bi link-urile de mai jos<\/p>\n    \n    <\/div>\n    <\/div>\n    <div  class=\"row\">\n    <div  data-type=\"row\" data-dynamic-columns=\"handled\" data-content-shortcode=\"mesmerize_latest_news\">\t\t<div class=\"row center-sm content-left-sm\">\n\t\t\t<\/div>\n\t<\/div>\n    <\/div>\n    <div  class=\"row\">\n    <div  class=\"text-center\"><a class=\"button color1\" data-attr-shortcode=\"href:mesmerize_blog_link\" href=\"https:\/\/adminfo.umfst.ro\/blog\/\" target=\"_self\" rel=\"noopener noreferrer\">VEZI \u0218I ALTE ARTICOLE<\/a><\/div>\n    <\/div>\n    <\/div>\n    <\/div>","protected":false},"excerpt":{"rendered":"<p>DE CE UNIVERSITATEA NOASTR\u0102? Afl\u0103 cum te ajut\u0103m noi s\u0103 ajungi studentul nostru \u0219i cum te ajut\u0103m s\u0103 r\u0103m\u00e2i studentul nostru FACILIT\u0102\u021aI SPORTIVE UNICE Baza sportiv\u0103 a universit\u0103\u021bii noastre este una dintre cele mai dezvoltate din \u021bar\u0103. Convinge-te \u0219i tu! ACTIVIT\u0102\u021aI EXTRACURRICULARE At\u00e2t universitatea c\u00e2t \u0219i organiza\u021biile studen\u021be\u0219ti ofer\u0103 o gam\u0103 larg\u0103 de activit\u0103\u021bi de&hellip; <br \/> <a class=\"read-more\" href=\"https:\/\/adminfo.umfst.ro\/hu\/\">Read more<\/a><\/p>\n","protected":false},"author":1,"featured_media":0,"parent":0,"menu_order":0,"comment_status":"closed","ping_status":"closed","template":"page-templates\/homepage.php","meta":{"_exactmetrics_skip_tracking":false,"_exactmetrics_sitenote_active":false,"_exactmetrics_sitenote_note":"","_exactmetrics_sitenote_category":0,"_monsterinsights_skip_tracking":false,"_monsterinsights_sitenote_active":false,"_monsterinsights_sitenote_note":"","_monsterinsights_sitenote_category":0,"footnotes":""},"class_list":["post-1646","page","type-page","status-publish","hentry"],"_links":{"self":[{"href":"https:\/\/adminfo.umfst.ro\/hu\/wp-json\/wp\/v2\/pages\/1646","targetHints":{"allow":["GET"]}}],"collection":[{"href":"https:\/\/adminfo.umfst.ro\/hu\/wp-json\/wp\/v2\/pages"}],"about":[{"href":"https:\/\/adminfo.umfst.ro\/hu\/wp-json\/wp\/v2\/types\/page"}],"author":[{"embeddable":true,"href":"https:\/\/adminfo.umfst.ro\/hu\/wp-json\/wp\/v2\/users\/1"}],"replies":[{"embeddable":true,"href":"https:\/\/adminfo.umfst.ro\/hu\/wp-json\/wp\/v2\/comments?post=1646"}],"version-history":[{"count":7,"href":"https:\/\/adminfo.umfst.ro\/hu\/wp-json\/wp\/v2\/pages\/1646\/revisions"}],"predecessor-version":[{"id":1859,"href":"https:\/\/adminfo.umfst.ro\/hu\/wp-json\/wp\/v2\/pages\/1646\/revisions\/1859"}],"wp:attachment":[{"href":"https:\/\/adminfo.umfst.ro\/hu\/wp-json\/wp\/v2\/media?parent=1646"}],"curies":[{"name":"wp","href":"https:\/\/api.w.org\/{rel}","templated":true}]}}