{"id":11803,"date":"2026-04-29T09:53:51","date_gmt":"2026-04-29T09:53:51","guid":{"rendered":"https:\/\/adminfo.umfst.ro\/?page_id=11803"},"modified":"2026-04-29T09:53:51","modified_gmt":"2026-04-29T09:53:51","slug":"a-jelentkezok-rangsorolasa-tarnaveni-2026","status":"publish","type":"page","link":"https:\/\/adminfo.umfst.ro\/hu\/a-jelentkezok-rangsorolasa-tarnaveni-2026\/","title":{"rendered":"A jelentkez\u0151k rangsorol\u00e1sa"},"content":{"rendered":"\t\t<div data-elementor-type=\"wp-page\" data-elementor-id=\"11803\" class=\"elementor elementor-11803 elementor-11792\" data-elementor-post-type=\"page\">\n\t\t\t\t\t\t<section class=\"elementor-section elementor-top-section elementor-element elementor-element-104645b elementor-section-boxed elementor-section-height-default elementor-section-height-default\" data-id=\"104645b\" data-element_type=\"section\">\n\t\t\t\t\t\t<div class=\"elementor-container elementor-column-gap-default\">\n\t\t\t\t\t<div class=\"elementor-column elementor-col-100 elementor-top-column elementor-element elementor-element-05e7249\" data-id=\"05e7249\" data-element_type=\"column\">\n\t\t\t<div class=\"elementor-widget-wrap elementor-element-populated\">\n\t\t\t\t\t\t<div class=\"elementor-element elementor-element-2d72eff elementor-widget elementor-widget-accordion\" data-id=\"2d72eff\" data-element_type=\"widget\" data-widget_type=\"accordion.default\">\n\t\t\t\t<div class=\"elementor-widget-container\">\n\t\t\t\t\t\t\t<div class=\"elementor-accordion\">\n\t\t\t\t\t\t\t<div class=\"elementor-accordion-item\">\n\t\t\t\t\t<div id=\"elementor-tab-title-4761\" class=\"elementor-tab-title\" data-tab=\"1\" role=\"button\" aria-controls=\"elementor-tab-content-4761\" aria-expanded=\"false\">\n\t\t\t\t\t\t\t\t\t\t\t\t<a class=\"elementor-accordion-title\" tabindex=\"0\">Criterii de admitere 2026<\/a>\n\t\t\t\t\t<\/div>\n\t\t\t\t\t<div id=\"elementor-tab-content-4761\" class=\"elementor-tab-content elementor-clearfix\" data-tab=\"1\" role=\"region\" aria-labelledby=\"elementor-tab-title-4761\"><p><strong>Criterii de selec\u021bie <\/strong><\/p><p><strong>\u00a0<\/strong>Pentru absolven\u021bii <span style=\"text-decoration: underline;\">cu diplom\u0103 de bacalaureat<\/span><\/p><ul><li>Media aritmetic\u0103 a claselor IX-XII sau IX-XIII, cu pondere de 70% din media de admitere.<\/li><li>Media examenului de bacalaureat, cu pondere de 30% din media de admitere.<\/li><\/ul><p><strong>\u00a0<\/strong><\/p><p>Pentru absolven\u021bii <span style=\"text-decoration: underline;\">f\u0103r\u0103 diplom\u0103 de bacalaureat<\/span><\/p><ul><li>Media aritmetic\u0103 a claselor IX-XII sau IX-XIII, cu pondere de 100% \u00een media de admitere.<\/li><\/ul><p><strong>\u00a0<\/strong><\/p><p><strong>Criteriul de departajare<\/strong><\/p><ul><li>Media aritmetic\u0103 a anilor de studii la Matematic\u0103 din clasele IX-XII sau IX-XIII.<\/li><\/ul><\/div>\n\t\t\t\t<\/div>\n\t\t\t\t\t\t\t\t<\/div>\n\t\t\t\t\t\t<\/div>\n\t\t\t\t<\/div>\n\t\t\t\t\t<\/div>\n\t\t<\/div>\n\t\t\t\t\t<\/div>\n\t\t<\/section>\n\t\t\t\t<\/div>\n\t\t","protected":false},"excerpt":{"rendered":"","protected":false},"author":1,"featured_media":0,"parent":0,"menu_order":0,"comment_status":"closed","ping_status":"closed","template":"","meta":{"_exactmetrics_skip_tracking":false,"_exactmetrics_sitenote_active":false,"_exactmetrics_sitenote_note":"","_exactmetrics_sitenote_category":0,"_monsterinsights_skip_tracking":false,"_monsterinsights_sitenote_active":false,"_monsterinsights_sitenote_note":"","_monsterinsights_sitenote_category":0,"footnotes":""},"class_list":["post-11803","page","type-page","status-publish","hentry"],"_links":{"self":[{"href":"https:\/\/adminfo.umfst.ro\/hu\/wp-json\/wp\/v2\/pages\/11803","targetHints":{"allow":["GET"]}}],"collection":[{"href":"https:\/\/adminfo.umfst.ro\/hu\/wp-json\/wp\/v2\/pages"}],"about":[{"href":"https:\/\/adminfo.umfst.ro\/hu\/wp-json\/wp\/v2\/types\/page"}],"author":[{"embeddable":true,"href":"https:\/\/adminfo.umfst.ro\/hu\/wp-json\/wp\/v2\/users\/1"}],"replies":[{"embeddable":true,"href":"https:\/\/adminfo.umfst.ro\/hu\/wp-json\/wp\/v2\/comments?post=11803"}],"version-history":[{"count":1,"href":"https:\/\/adminfo.umfst.ro\/hu\/wp-json\/wp\/v2\/pages\/11803\/revisions"}],"predecessor-version":[{"id":11804,"href":"https:\/\/adminfo.umfst.ro\/hu\/wp-json\/wp\/v2\/pages\/11803\/revisions\/11804"}],"wp:attachment":[{"href":"https:\/\/adminfo.umfst.ro\/hu\/wp-json\/wp\/v2\/media?parent=11803"}],"curies":[{"name":"wp","href":"https:\/\/api.w.org\/{rel}","templated":true}]}}