{"id":11800,"date":"2026-04-29T09:54:30","date_gmt":"2026-04-29T09:54:30","guid":{"rendered":"https:\/\/adminfo.umfst.ro\/?page_id=11800"},"modified":"2026-04-29T09:54:30","modified_gmt":"2026-04-29T09:54:30","slug":"felveteli-mogytte-foiskola","status":"publish","type":"page","link":"https:\/\/adminfo.umfst.ro\/hu\/felveteli-mogytte-foiskola\/","title":{"rendered":"Felv\u00e9teli-Mogytte F\u0151iskola"},"content":{"rendered":"\n<p><a href=\"https:\/\/adminfo.umfst.ro\/hu\/kalendarium-tarnaveni-2026\/\">Kalend\u00e1rium<\/a><\/p>\n\n\n\n<p><a href=\"https:\/\/adminfo.umfst.ro\/hu\/a-jelentkezok-rangsorolasa-tarnaveni-2026\/\">A jelentkez\u0151k rangsorol\u00e1sa<\/a><\/p>\n\n\n\n<p><a href=\"https:\/\/adminfo.umfst.ro\/wp-content\/uploads\/2026\/04\/Documente-inscriere-colegiu-tarnaveni.pdf\">Beiratkoz\u00e1shoz sz\u00fcks\u00e9ges dokumentumok<\/a><\/p>\n\n\n\n<p><\/p>\n","protected":false},"excerpt":{"rendered":"<p>Kalend\u00e1rium A jelentkez\u0151k rangsorol\u00e1sa Beiratkoz\u00e1shoz sz\u00fcks\u00e9ges dokumentumok<\/p>\n","protected":false},"author":1,"featured_media":0,"parent":0,"menu_order":0,"comment_status":"closed","ping_status":"closed","template":"","meta":{"_exactmetrics_skip_tracking":false,"_exactmetrics_sitenote_active":false,"_exactmetrics_sitenote_note":"","_exactmetrics_sitenote_category":0,"_monsterinsights_skip_tracking":false,"_monsterinsights_sitenote_active":false,"_monsterinsights_sitenote_note":"","_monsterinsights_sitenote_category":0,"footnotes":""},"class_list":["post-11800","page","type-page","status-publish","hentry"],"_links":{"self":[{"href":"https:\/\/adminfo.umfst.ro\/hu\/wp-json\/wp\/v2\/pages\/11800","targetHints":{"allow":["GET"]}}],"collection":[{"href":"https:\/\/adminfo.umfst.ro\/hu\/wp-json\/wp\/v2\/pages"}],"about":[{"href":"https:\/\/adminfo.umfst.ro\/hu\/wp-json\/wp\/v2\/types\/page"}],"author":[{"embeddable":true,"href":"https:\/\/adminfo.umfst.ro\/hu\/wp-json\/wp\/v2\/users\/1"}],"replies":[{"embeddable":true,"href":"https:\/\/adminfo.umfst.ro\/hu\/wp-json\/wp\/v2\/comments?post=11800"}],"version-history":[{"count":1,"href":"https:\/\/adminfo.umfst.ro\/hu\/wp-json\/wp\/v2\/pages\/11800\/revisions"}],"predecessor-version":[{"id":11805,"href":"https:\/\/adminfo.umfst.ro\/hu\/wp-json\/wp\/v2\/pages\/11800\/revisions\/11805"}],"wp:attachment":[{"href":"https:\/\/adminfo.umfst.ro\/hu\/wp-json\/wp\/v2\/media?parent=11800"}],"curies":[{"name":"wp","href":"https:\/\/api.w.org\/{rel}","templated":true}]}}