{"id":11744,"date":"2026-04-17T08:02:33","date_gmt":"2026-04-17T08:02:33","guid":{"rendered":"https:\/\/adminfo.umfst.ro\/?page_id=11744"},"modified":"2026-04-17T08:02:33","modified_gmt":"2026-04-17T08:02:33","slug":"elokeszito-ev-preparatory-year-2026","status":"publish","type":"page","link":"https:\/\/adminfo.umfst.ro\/hu\/elokeszito-ev-preparatory-year-2026\/","title":{"rendered":"El\u0151k\u00e9sz\u00edt\u0151 \u00e9v (Preparatory year)"},"content":{"rendered":"\n<p><a href=\"https:\/\/adminfo.umfst.ro\/wp-content\/uploads\/2026\/03\/CONTRACT-DE-STUDII-An-pregatitor-2026-2027DRAFT.pdf\">CONTRACT DE STUDII An pregatitor 2026-2027_DRAFT<\/a><\/p>\n\n\n\n<p><a href=\"https:\/\/adminfo.umfst.ro\/wp-content\/uploads\/2026\/02\/Information-about-Preparatory-Year-APLR.pdf\">Information about Preparatory Year (APLR)<\/a><\/p>\n\n\n\n<p><a href=\"https:\/\/adminfo.umfst.ro\/wp-content\/uploads\/2026\/02\/Application-form-2026-2027.pdf\">Application form 2026-2027<\/a><\/p>\n","protected":false},"excerpt":{"rendered":"<p>CONTRACT DE STUDII An pregatitor 2026-2027_DRAFT Information about Preparatory Year (APLR) Application form 2026-2027<\/p>\n","protected":false},"author":1,"featured_media":0,"parent":0,"menu_order":0,"comment_status":"closed","ping_status":"closed","template":"","meta":{"_exactmetrics_skip_tracking":false,"_exactmetrics_sitenote_active":false,"_exactmetrics_sitenote_note":"","_exactmetrics_sitenote_category":0,"_monsterinsights_skip_tracking":false,"_monsterinsights_sitenote_active":false,"_monsterinsights_sitenote_note":"","_monsterinsights_sitenote_category":0,"footnotes":""},"class_list":["post-11744","page","type-page","status-publish","hentry"],"_links":{"self":[{"href":"https:\/\/adminfo.umfst.ro\/hu\/wp-json\/wp\/v2\/pages\/11744","targetHints":{"allow":["GET"]}}],"collection":[{"href":"https:\/\/adminfo.umfst.ro\/hu\/wp-json\/wp\/v2\/pages"}],"about":[{"href":"https:\/\/adminfo.umfst.ro\/hu\/wp-json\/wp\/v2\/types\/page"}],"author":[{"embeddable":true,"href":"https:\/\/adminfo.umfst.ro\/hu\/wp-json\/wp\/v2\/users\/1"}],"replies":[{"embeddable":true,"href":"https:\/\/adminfo.umfst.ro\/hu\/wp-json\/wp\/v2\/comments?post=11744"}],"version-history":[{"count":1,"href":"https:\/\/adminfo.umfst.ro\/hu\/wp-json\/wp\/v2\/pages\/11744\/revisions"}],"predecessor-version":[{"id":11745,"href":"https:\/\/adminfo.umfst.ro\/hu\/wp-json\/wp\/v2\/pages\/11744\/revisions\/11745"}],"wp:attachment":[{"href":"https:\/\/adminfo.umfst.ro\/hu\/wp-json\/wp\/v2\/media?parent=11744"}],"curies":[{"name":"wp","href":"https:\/\/api.w.org\/{rel}","templated":true}]}}