{"id":11741,"date":"2026-04-17T07:58:59","date_gmt":"2026-04-17T07:58:59","guid":{"rendered":"https:\/\/adminfo.umfst.ro\/?page_id=11741"},"modified":"2026-04-17T08:00:12","modified_gmt":"2026-04-17T08:00:12","slug":"felveteli-testneveles-es-sportra-2026","status":"publish","type":"page","link":"https:\/\/adminfo.umfst.ro\/hu\/felveteli-testneveles-es-sportra-2026\/","title":{"rendered":"Felv\u00e9teli Testnevel\u00e9s \u00e9s sportra"},"content":{"rendered":"\n<p><a href=\"https:\/\/adminfo.umfst.ro\/wp-content\/uploads\/2026\/03\/Ghid_admitere_EFS_2026.pdf\">\u00datmutat\u00f3<\/a><\/p>\n\n\n\n<p><a href=\"https:\/\/adminfo.umfst.ro\/wp-content\/uploads\/2026\/03\/Precizari_admitere_EFS_2026_sportivi_de_performanta.pdf\">Beiratkoz\u00e1si \u00fatmutat\u00f3 a felv\u00e9teli \u00e9s sport szakra-versenysportol\u00f3k<\/a><\/p>\n","protected":false},"excerpt":{"rendered":"<p>\u00datmutat\u00f3 Beiratkoz\u00e1si \u00fatmutat\u00f3 a felv\u00e9teli \u00e9s sport szakra-versenysportol\u00f3k<\/p>\n","protected":false},"author":1,"featured_media":0,"parent":0,"menu_order":0,"comment_status":"closed","ping_status":"closed","template":"","meta":{"_exactmetrics_skip_tracking":false,"_exactmetrics_sitenote_active":false,"_exactmetrics_sitenote_note":"","_exactmetrics_sitenote_category":0,"_monsterinsights_skip_tracking":false,"_monsterinsights_sitenote_active":false,"_monsterinsights_sitenote_note":"","_monsterinsights_sitenote_category":0,"footnotes":""},"class_list":["post-11741","page","type-page","status-publish","hentry"],"_links":{"self":[{"href":"https:\/\/adminfo.umfst.ro\/hu\/wp-json\/wp\/v2\/pages\/11741","targetHints":{"allow":["GET"]}}],"collection":[{"href":"https:\/\/adminfo.umfst.ro\/hu\/wp-json\/wp\/v2\/pages"}],"about":[{"href":"https:\/\/adminfo.umfst.ro\/hu\/wp-json\/wp\/v2\/types\/page"}],"author":[{"embeddable":true,"href":"https:\/\/adminfo.umfst.ro\/hu\/wp-json\/wp\/v2\/users\/1"}],"replies":[{"embeddable":true,"href":"https:\/\/adminfo.umfst.ro\/hu\/wp-json\/wp\/v2\/comments?post=11741"}],"version-history":[{"count":1,"href":"https:\/\/adminfo.umfst.ro\/hu\/wp-json\/wp\/v2\/pages\/11741\/revisions"}],"predecessor-version":[{"id":11742,"href":"https:\/\/adminfo.umfst.ro\/hu\/wp-json\/wp\/v2\/pages\/11741\/revisions\/11742"}],"wp:attachment":[{"href":"https:\/\/adminfo.umfst.ro\/hu\/wp-json\/wp\/v2\/media?parent=11741"}],"curies":[{"name":"wp","href":"https:\/\/api.w.org\/{rel}","templated":true}]}}