{"id":11469,"date":"2026-03-04T10:56:56","date_gmt":"2026-03-04T10:56:56","guid":{"rendered":"https:\/\/adminfo.umfst.ro\/?page_id=11469"},"modified":"2026-04-15T06:27:09","modified_gmt":"2026-04-15T06:27:09","slug":"elofelveteli-kalendarium-2026","status":"publish","type":"page","link":"https:\/\/adminfo.umfst.ro\/hu\/elofelveteli-kalendarium-2026\/","title":{"rendered":"El\u0151felv\u00e9teli kalend\u00e1rium 2026"},"content":{"rendered":"\t\t<div data-elementor-type=\"wp-page\" data-elementor-id=\"11469\" class=\"elementor elementor-11469 elementor-11405\" data-elementor-post-type=\"page\">\n\t\t\t\t\t\t<section class=\"elementor-section elementor-top-section elementor-element elementor-element-2ab71d2 elementor-section-boxed elementor-section-height-default elementor-section-height-default\" data-id=\"2ab71d2\" data-element_type=\"section\">\n\t\t\t\t\t\t<div class=\"elementor-container elementor-column-gap-default\">\n\t\t\t\t\t<div class=\"elementor-column elementor-col-100 elementor-top-column elementor-element elementor-element-ba32d5b\" data-id=\"ba32d5b\" data-element_type=\"column\">\n\t\t\t<div class=\"elementor-widget-wrap elementor-element-populated\">\n\t\t\t\t\t\t<div class=\"elementor-element elementor-element-cb9b892 elementor-widget elementor-widget-text-editor\" data-id=\"cb9b892\" data-element_type=\"widget\" data-widget_type=\"text-editor.default\">\n\t\t\t\t<div class=\"elementor-widget-container\">\n\t\t\t\t\t\t\t\t\t<p><strong>Orvosi k\u00e9mia-Gy\u00f3gyszer\u00e9szeti Kar<\/strong><\/p><p><strong>M\u0171szaki Kar<\/strong><\/p><p><strong>\u201ePetru Maior\u201d B\u00f6lcs\u00e9szettudom\u00e1nyi Kar<\/strong><\/p><p><strong>K\u00f6zgazdas\u00e1g- \u00e9s Jogtudom\u00e1nyi Kar<\/strong><\/p><table style=\"width: 119.914%; height: 329px;\" width=\"684\"><tbody><tr style=\"height: 65px;\"><td style=\"height: 65px;\" colspan=\"2\" width=\"684\"><h3 style=\"text-align: center;\"><span style=\"color: #3d8dd9;\">Felv\u00e9teli 1 (El\u0151felv\u00e9teli)<\/span><\/h3><\/td><\/tr><tr style=\"height: 48px;\"><td style=\"height: 48px;\" width=\"438\">Online iratkoz\u00e1s 24\/24 az<em> admitere.umfst.ro <\/em>platformon<\/td><td style=\"height: 48px;\" width=\"246\">2026 m\u00e1rcius 02-2026 m\u00e1jus 29 (utols\u00f3 nap 12:00 \u00f3r\u00e1ig)<\/td><\/tr><tr style=\"height: 24px;\"><td style=\"height: 24px;\" width=\"438\">Felv\u00e9teli (\u201ePetru Maior\u201d B\u00f6lcs\u00e9szettudom\u00e1nyi Kar)<\/td><td style=\"height: 24px;\" width=\"246\">2026 j\u00fanius 02<\/td><\/tr><tr style=\"height: 24px;\"><td style=\"height: 24px;\" width=\"438\"><em>Eredm\u00e9nyh\u00edrdet\u00e9s<\/em><\/td><td style=\"height: 24px;\" width=\"246\">2026 j\u00fanius 03<\/td><\/tr><tr style=\"height: 24px;\"><td style=\"height: 24px;\" width=\"438\"><a href=\"mailto:admitere2@umfst.ro\">admitere2@umfst.ro<\/a>: A fellebbez\u00e9sek online beny\u00fajt\u00e1sa<\/td><td style=\"height: 24px;\" width=\"246\">2026 j\u00fanius 04 (14:00 \u00f3r\u00e1ig)<\/td><\/tr><tr style=\"height: 24px;\"><td style=\"height: 24px;\" width=\"438\">V\u00e9gleges eredm\u00e9nyh\u00edrdet\u00e9s<\/td><td style=\"height: 24px;\" width=\"246\">2026 j\u00fanius 05<\/td><\/tr><tr style=\"height: 48px;\"><td style=\"height: 48px;\" width=\"438\">\u00c9retts\u00e9gi diploma (bizony\u00edtv\u00e1ny) online felt\u00f6lt\u00e9se a beiratkoz\u00e1si platformon<\/td><td style=\"height: 48px;\" width=\"246\">2026 j\u00falius 13-16 (utols\u00f3 nap 12:00 \u00f3r\u00e1ig)<\/td><\/tr><tr style=\"height: 24px;\"><td style=\"height: 24px;\" width=\"438\">Eredm\u00e9nyh\u00edrdet\u00e9s az \u00e9retts\u00e9gi diploma felt\u00f6lt\u00e9s\u00e9t k\u00f6vet\u0151en<\/td><td style=\"height: 24px;\" width=\"246\">2026 j\u00falius 17<\/td><\/tr><tr style=\"height: 24px;\"><td style=\"height: 24px;\" width=\"438\">A hely online meger\u0151s\u00edt\u00e9se a beiratkoz\u00e1si platformon<\/td><td style=\"height: 24px;\" width=\"246\">2026 j\u00falius 18-22<\/td><\/tr><tr style=\"height: 24px;\"><td style=\"height: 24px;\" width=\"438\">A dosszi\u00e9k beny\u00fajt\u00e1sa a karok D\u00e9k\u00e1ni Hivatal\u00e1ba (on site)*<\/td><td style=\"height: 24px;\" width=\"246\">2026 j\u00falius 20-22<\/td><\/tr><\/tbody><\/table><p>* A dosszi\u00e9k beny\u00fajt\u00e1sa a karok D\u00e9k\u00e1ni Hivatal\u00e1ba 9-14 \u00f3ra k\u00f6z\u00f6tt t\u00f6rt\u00e9nik:<\/p><p>Facultatea de Farmacie: str. Gh. Marinescu nr. 38<\/p><p>Facultatea de Inginerie \u0219i Tehnologia Informa\u021biei: str. N. Iorga nr. 1<\/p><p>Facultatea de \u0218tiin\u021be \u0219i Litere \u201ePetru Maior\u201d: str. N. Iorga nr. 1<\/p><p>Facultatea de Economie \u0219i Drept: str. Livezeni nr. 69<\/p><p><strong>Befizetend\u0151 d\u00edjak:<\/strong><\/p><p>&#8211; Beiratkoz\u00e1si d\u00edj: 300 lej;<\/p><p>&#8211; Helymeger\u0151s\u00edt\u00e9si d\u00edj (\u00eenmatriculare): 200 lej.<\/p>\t\t\t\t\t\t\t\t<\/div>\n\t\t\t\t<\/div>\n\t\t\t\t\t<\/div>\n\t\t<\/div>\n\t\t\t\t\t<\/div>\n\t\t<\/section>\n\t\t\t\t<\/div>\n\t\t","protected":false},"excerpt":{"rendered":"<p>Orvosi k\u00e9mia-Gy\u00f3gyszer\u00e9szeti Kar M\u0171szaki Kar \u201ePetru Maior\u201d B\u00f6lcs\u00e9szettudom\u00e1nyi Kar K\u00f6zgazdas\u00e1g- \u00e9s Jogtudom\u00e1nyi Kar Felv\u00e9teli 1 (El\u0151felv\u00e9teli) Online iratkoz\u00e1s 24\/24 az admitere.umfst.ro platformon 2026 m\u00e1rcius 02-2026 m\u00e1jus 29 (utols\u00f3 nap 12:00 \u00f3r\u00e1ig) Felv\u00e9teli (\u201ePetru Maior\u201d B\u00f6lcs\u00e9szettudom\u00e1nyi Kar) 2026 j\u00fanius 02 Eredm\u00e9nyh\u00edrdet\u00e9s 2026 j\u00fanius 03 admitere2@umfst.ro: A fellebbez\u00e9sek online beny\u00fajt\u00e1sa 2026 j\u00fanius 04 (14:00 \u00f3r\u00e1ig) V\u00e9gleges eredm\u00e9nyh\u00edrdet\u00e9s&hellip; <br \/> <a class=\"read-more\" href=\"https:\/\/adminfo.umfst.ro\/hu\/elofelveteli-kalendarium-2026\/\">Read more<\/a><\/p>\n","protected":false},"author":1,"featured_media":0,"parent":0,"menu_order":0,"comment_status":"closed","ping_status":"closed","template":"","meta":{"_exactmetrics_skip_tracking":false,"_exactmetrics_sitenote_active":false,"_exactmetrics_sitenote_note":"","_exactmetrics_sitenote_category":0,"_monsterinsights_skip_tracking":false,"_monsterinsights_sitenote_active":false,"_monsterinsights_sitenote_note":"","_monsterinsights_sitenote_category":0,"footnotes":""},"class_list":["post-11469","page","type-page","status-publish","hentry"],"_links":{"self":[{"href":"https:\/\/adminfo.umfst.ro\/hu\/wp-json\/wp\/v2\/pages\/11469","targetHints":{"allow":["GET"]}}],"collection":[{"href":"https:\/\/adminfo.umfst.ro\/hu\/wp-json\/wp\/v2\/pages"}],"about":[{"href":"https:\/\/adminfo.umfst.ro\/hu\/wp-json\/wp\/v2\/types\/page"}],"author":[{"embeddable":true,"href":"https:\/\/adminfo.umfst.ro\/hu\/wp-json\/wp\/v2\/users\/1"}],"replies":[{"embeddable":true,"href":"https:\/\/adminfo.umfst.ro\/hu\/wp-json\/wp\/v2\/comments?post=11469"}],"version-history":[{"count":10,"href":"https:\/\/adminfo.umfst.ro\/hu\/wp-json\/wp\/v2\/pages\/11469\/revisions"}],"predecessor-version":[{"id":11698,"href":"https:\/\/adminfo.umfst.ro\/hu\/wp-json\/wp\/v2\/pages\/11469\/revisions\/11698"}],"wp:attachment":[{"href":"https:\/\/adminfo.umfst.ro\/hu\/wp-json\/wp\/v2\/media?parent=11469"}],"curies":[{"name":"wp","href":"https:\/\/api.w.org\/{rel}","templated":true}]}}