{"id":11444,"date":"2026-03-04T09:29:45","date_gmt":"2026-03-04T09:29:45","guid":{"rendered":"https:\/\/adminfo.umfst.ro\/?page_id=11444"},"modified":"2026-04-15T10:51:37","modified_gmt":"2026-04-15T10:51:37","slug":"elofelveteli-2026","status":"publish","type":"page","link":"https:\/\/adminfo.umfst.ro\/hu\/elofelveteli-2026\/","title":{"rendered":"El\u0151felv\u00e9teli 2026"},"content":{"rendered":"\n<p><a href=\"https:\/\/adminfo.umfst.ro\/wp-content\/uploads\/2026\/04\/Oferta-educationala_licenta_Preadmitere_2026-2.pdf\">K\u00e9pz\u00e9si k\u00edn\u00e1lat<\/a><\/p>\n\n\n\n<p><a href=\"https:\/\/adminfo.umfst.ro\/hu\/elofelveteli-kalendarium-2026\/\">El\u0151felv\u00e9teli kalend\u00e1rium<\/a><\/p>\n\n\n\n<p><a href=\"https:\/\/adminfo.umfst.ro\/hu\/felveteli-kovetelmenyek-elofelveteli-2026\/\">Felv\u00e9teli k\u00f6vetelm\u00e9nyek<\/a><\/p>\n\n\n\n<p><a href=\"https:\/\/adminfo.umfst.ro\/wp-content\/uploads\/2026\/03\/HU-documente-inscriere_licenta_Preadmitere.pdf\">Beiratkoz\u00e1si iratok<\/a><\/p>\n","protected":false},"excerpt":{"rendered":"<p>K\u00e9pz\u00e9si k\u00edn\u00e1lat El\u0151felv\u00e9teli kalend\u00e1rium Felv\u00e9teli k\u00f6vetelm\u00e9nyek Beiratkoz\u00e1si iratok<\/p>\n","protected":false},"author":1,"featured_media":0,"parent":0,"menu_order":0,"comment_status":"closed","ping_status":"closed","template":"","meta":{"_exactmetrics_skip_tracking":false,"_exactmetrics_sitenote_active":false,"_exactmetrics_sitenote_note":"","_exactmetrics_sitenote_category":0,"_monsterinsights_skip_tracking":false,"_monsterinsights_sitenote_active":false,"_monsterinsights_sitenote_note":"","_monsterinsights_sitenote_category":0,"footnotes":""},"class_list":["post-11444","page","type-page","status-publish","hentry"],"_links":{"self":[{"href":"https:\/\/adminfo.umfst.ro\/hu\/wp-json\/wp\/v2\/pages\/11444","targetHints":{"allow":["GET"]}}],"collection":[{"href":"https:\/\/adminfo.umfst.ro\/hu\/wp-json\/wp\/v2\/pages"}],"about":[{"href":"https:\/\/adminfo.umfst.ro\/hu\/wp-json\/wp\/v2\/types\/page"}],"author":[{"embeddable":true,"href":"https:\/\/adminfo.umfst.ro\/hu\/wp-json\/wp\/v2\/users\/1"}],"replies":[{"embeddable":true,"href":"https:\/\/adminfo.umfst.ro\/hu\/wp-json\/wp\/v2\/comments?post=11444"}],"version-history":[{"count":7,"href":"https:\/\/adminfo.umfst.ro\/hu\/wp-json\/wp\/v2\/pages\/11444\/revisions"}],"predecessor-version":[{"id":11723,"href":"https:\/\/adminfo.umfst.ro\/hu\/wp-json\/wp\/v2\/pages\/11444\/revisions\/11723"}],"wp:attachment":[{"href":"https:\/\/adminfo.umfst.ro\/hu\/wp-json\/wp\/v2\/media?parent=11444"}],"curies":[{"name":"wp","href":"https:\/\/api.w.org\/{rel}","templated":true}]}}