{"id":10760,"date":"2025-12-17T08:07:38","date_gmt":"2025-12-17T08:07:38","guid":{"rendered":"https:\/\/adminfo.umfst.ro\/?page_id=10760"},"modified":"2026-04-15T06:34:54","modified_gmt":"2026-04-15T06:34:54","slug":"felveteli-kalendarium","status":"publish","type":"page","link":"https:\/\/adminfo.umfst.ro\/hu\/felveteli-kalendarium\/","title":{"rendered":"Felv\u00e9teli kalend\u00e1rium"},"content":{"rendered":"\t\t<div data-elementor-type=\"wp-page\" data-elementor-id=\"10760\" class=\"elementor elementor-10760 elementor-10749\" data-elementor-post-type=\"page\">\n\t\t\t\t\t\t<section class=\"elementor-section elementor-top-section elementor-element elementor-element-99701ab elementor-section-boxed elementor-section-height-default elementor-section-height-default\" data-id=\"99701ab\" data-element_type=\"section\">\n\t\t\t\t\t\t<div class=\"elementor-container elementor-column-gap-default\">\n\t\t\t\t\t<div class=\"elementor-column elementor-col-100 elementor-top-column elementor-element elementor-element-febd7f2\" data-id=\"febd7f2\" data-element_type=\"column\">\n\t\t\t<div class=\"elementor-widget-wrap elementor-element-populated\">\n\t\t\t\t\t\t<div class=\"elementor-element elementor-element-49edda3 elementor-widget elementor-widget-accordion\" data-id=\"49edda3\" data-element_type=\"widget\" data-widget_type=\"accordion.default\">\n\t\t\t\t<div class=\"elementor-widget-container\">\n\t\t\t\t\t\t\t<div class=\"elementor-accordion\">\n\t\t\t\t\t\t\t<div class=\"elementor-accordion-item\">\n\t\t\t\t\t<div id=\"elementor-tab-title-7751\" class=\"elementor-tab-title\" data-tab=\"1\" role=\"button\" aria-controls=\"elementor-tab-content-7751\" aria-expanded=\"false\">\n\t\t\t\t\t\t\t\t\t\t\t\t\t<span class=\"elementor-accordion-icon elementor-accordion-icon-left\" aria-hidden=\"true\">\n\t\t\t\t\t\t\t\t\t\t\t\t\t\t\t<span class=\"elementor-accordion-icon-closed\"><i class=\"fas fa-chevron-down\"><\/i><\/span>\n\t\t\t\t\t\t\t\t<span class=\"elementor-accordion-icon-opened\"><i class=\"fas fa-chevron-up\"><\/i><\/span>\n\t\t\t\t\t\t\t\t\t\t\t\t\t\t<\/span>\n\t\t\t\t\t\t\t\t\t\t\t\t<a class=\"elementor-accordion-title\" tabindex=\"0\">Orvostudom\u00e1nyi Kar, Fogorvostudom\u00e1nyi Kar, Gy\u00f3gyszer\u00e9szeti Kar (Kiv\u00e9ve Az Orvosi K\u00e9mia K\u00e9pz\u00e9si Program)<\/a>\n\t\t\t\t\t<\/div>\n\t\t\t\t\t<div id=\"elementor-tab-content-7751\" class=\"elementor-tab-content elementor-clearfix\" data-tab=\"1\" role=\"region\" aria-labelledby=\"elementor-tab-title-7751\"><p><strong>ORVOSTUDOM\u00c1NYI KAR<\/strong><\/p><p><strong>FOGORVOSTUDOM\u00c1NYI KAR<\/strong><\/p><p><strong>GY\u00d3GYSZER\u00c9SZETI KAR (KIV\u00c9VE AZ ORVOSI K\u00c9MIA K\u00c9PZ\u00c9SI PROGRAM)<\/strong><\/p><table width=\"589\"><tbody><tr><td width=\"302\">Online iratkoz\u00e1s 24\/24<\/td><td width=\"286\">2026 j\u00falius 18, 8:00 \u00f3r\u00e1t\u00f3l-2026 j\u00falius 23, 12:00 \u00f3r\u00e1ig<\/td><\/tr><tr><td width=\"302\"><p>Felv\u00e9teli versenyvizsga<\/p><p>Csak a k\u00f6vetkez\u0151 k\u00e9pz\u00e9si programok eset\u00e9ben: <strong>\u00c1ltal\u00e1nos orvosk\u00e9pz\u00e9s, Katonaorvosk\u00e9pz\u00e9s, Fogorvos<\/strong><strong>k\u00e9pz\u00e9s, Gy\u00f3gyszer\u00e9szk\u00e9pz\u00e9s<\/strong><\/p><\/td><td width=\"286\"><strong>2026 j\u00falius 26<\/strong><\/td><\/tr><tr><td width=\"302\"><em>Eredm\u00e9nyh\u00edrdet\u00e9s<\/em><\/td><td width=\"286\">2026 j\u00falius 26<\/td><\/tr><tr><td rowspan=\"\" width=\"302\">Az \u00f3v\u00e1sok online beny\u00fajt\u00e1sa<\/td><td><p><a href=\"mailto:rectorat@umfst.ro\">rectorat@umfst.ro<\/a>\u00a0\u2013 A t\u00e9telekre vonatkoz\u00f3 \u00f3v\u00e1sokat a helyes v\u00e1laszkulcs k\u00f6zz\u00e9t\u00e9tel\u00e9t\u0151l sz\u00e1m\u00edtott els\u0151 k\u00e9t \u00f3r\u00e1ban lehet beny\u00fajtani.<\/p><p><a href=\"mailto:rectorat@umfst.ro\">rectorat@umfst.ro<\/a>\u00a0\u2013 Az elj\u00e1r\u00e1si szab\u00e1lytalans\u00e1gokra vonatkoz\u00f3 \u00f3v\u00e1sokat 2026 j\u00falius 28-\u00e1n 14:00 \u00f3r\u00e1ig lehet beny\u00fajtani.<\/p><\/td><\/tr><tr><td width=\"302\">A hely online meger\u0151s\u00edt\u00e9se a jelentkez\u00e9si platformon<\/td><td width=\"286\">2026 j\u00falius 27-28<\/td><\/tr><tr><td width=\"302\">A dosszi\u00e9k beny\u00fajt\u00e1sa a karok D\u00e9k\u00e1ni Hivatal\u00e1ba-on site (a hely meger\u0151s\u00edt\u00e9s\u00e9t k\u00f6vet\u0151en a jelentkez\u00e9si platformon)<\/td><td width=\"286\">2026 j\u00falius 27-28, 9:00-15:00 \u00f3ra k\u00f6z\u00f6tt<\/td><\/tr><tr><td width=\"302\">\u00c1tcsoportos\u00edt\u00e1si k\u00e9relmek beny\u00fajt\u00e1sa<\/td><td width=\"286\">2026 j\u00falius 27-28<\/td><\/tr><tr><td width=\"302\">A list\u00e1k k\u00f6zz\u00e9t\u00e9tele a helyek meger\u0151s\u00edt\u00e9s\u00e9t k\u00f6vet\u0151en<\/td><td width=\"286\">2026 j\u00falius 29<\/td><\/tr><tr><td width=\"302\">Az \u00f3v\u00e1sok \u00e9s az \u00e1tcsoportos\u00edt\u00e1si k\u00e9relmek eredm\u00e9nyeinek k\u00f6zz\u00e9t\u00e9tele<\/td><td width=\"286\">2026 j\u00falius 29<\/td><\/tr><tr><td width=\"302\">A helyek \u00e1tcsoportos\u00edt\u00e1s\u00e1val kapcsolatos \u00f3v\u00e1sok beny\u00fajt\u00e1sa<\/td><td width=\"286\">2026 j\u00falius 30<\/td><\/tr><tr><td width=\"302\">Az \u00e1tcsoportos\u00edt\u00e1si \u00f3v\u00e1sok elb\u00edr\u00e1l\u00e1si eredm\u00e9nyeinek k\u00f6zz\u00e9t\u00e9tele<\/td><td width=\"286\">2026\u00a0 j\u00falius 31<\/td><\/tr><\/tbody><\/table><p><strong>Befizetend\u0151 d\u00edjak:<\/strong><\/p><p>&#8211; Beiratkoz\u00e1si d\u00edj: 300 lej.<\/p><p>&#8211; Helymeger\u0151s\u00edt\u00e9si d\u00edj (\u00eenmatriculare): 200 lej.<\/p><\/div>\n\t\t\t\t<\/div>\n\t\t\t\t\t\t\t<div class=\"elementor-accordion-item\">\n\t\t\t\t\t<div id=\"elementor-tab-title-7752\" class=\"elementor-tab-title\" data-tab=\"2\" role=\"button\" aria-controls=\"elementor-tab-content-7752\" aria-expanded=\"false\">\n\t\t\t\t\t\t\t\t\t\t\t\t\t<span class=\"elementor-accordion-icon elementor-accordion-icon-left\" aria-hidden=\"true\">\n\t\t\t\t\t\t\t\t\t\t\t\t\t\t\t<span class=\"elementor-accordion-icon-closed\"><i class=\"fas fa-chevron-down\"><\/i><\/span>\n\t\t\t\t\t\t\t\t<span class=\"elementor-accordion-icon-opened\"><i class=\"fas fa-chevron-up\"><\/i><\/span>\n\t\t\t\t\t\t\t\t\t\t\t\t\t\t<\/span>\n\t\t\t\t\t\t\t\t\t\t\t\t<a class=\"elementor-accordion-title\" tabindex=\"0\">Orvosi k\u00e9mia-Gy\u00f3gyszer\u00e9szeti Kar, M\u0171szaki Kar, \u201ePetru Maior\u201d B\u00f6lcs\u00e9szettudom\u00e1nyi Kar, K\u00f6zgazdas\u00e1g- \u00e9s Jogtudom\u00e1nyi Kar <\/a>\n\t\t\t\t\t<\/div>\n\t\t\t\t\t<div id=\"elementor-tab-content-7752\" class=\"elementor-tab-content elementor-clearfix\" data-tab=\"2\" role=\"region\" aria-labelledby=\"elementor-tab-title-7752\"><strong>Orvosi k\u00e9mia-Gy\u00f3gyszer\u00e9szeti Kar<\/strong>\n\n<strong>M\u0171szaki Kar<\/strong>\n\n<strong>\u201ePetru Maior\u201d B\u00f6lcs\u00e9szettudom\u00e1nyi Kar<\/strong>\n\n<strong>K\u00f6zgazdas\u00e1g- \u00e9s Jogtudom\u00e1nyi Kar<\/strong>\n<table>\n<tbody>\n<tr>\n<td style=\"width: 678px;\" colspan=\"2\" width=\"684\">\n<h3 style=\"text-align: center;\"><span style=\"color: #3d8dd9;\">Felv\u00e9teli 2<\/span><\/h3>\n<\/td>\n<\/tr>\n<tr>\n<td style=\"width: 433px;\" width=\"438\">Online iratkoz\u00e1s 24\/24 az<em> admitere.umfst.ro <\/em>platformon<\/td>\n<td style=\"width: 245px;\" width=\"246\">2026 j\u00falius 13-20 (utols\u00f3 nap 12:00 \u00f3r\u00e1ig)\n\n2026 j\u00falius 13-19 (utols\u00f3 nap 12:00 \u00f3r\u00e1ig) \u2013 versenysportol\u00f3k, akik a Testnevel\u00e9s \u00e9s Sport k\u00e9pz\u00e9sre iratkoznak<\/td>\n<\/tr>\n<tr>\n<td style=\"width: 433px;\" width=\"438\">A Testnevel\u00e9s \u00e9s Sport k\u00e9pz\u00e9sre iratkoz\u00f3 versenysportol\u00f3k dosszi\u00e9j\u00e1nak \u00e9rt\u00e9kel\u00e9se, az eredm\u00e9nyek kif\u00fcggeszt\u00e9se<\/td>\n<td style=\"width: 245px;\" width=\"246\">2026 j\u00falius 20<\/td>\n<\/tr>\n<tr>\n<td style=\"width: 433px;\" width=\"438\">Felv\u00e9teli (\u201ePetru Maior\u201d B\u00f6lcs\u00e9szettudom\u00e1nyi Kar)<\/td>\n<td style=\"width: 245px;\" width=\"246\">2026 j\u00falius 21<\/td>\n<\/tr>\n<tr>\n<td style=\"width: 433px;\" width=\"438\">Nyelvvizsga- \u00c9p\u00edt\u00e9szet k\u00e9pz\u00e9si program (angol nyelv\u0171 k\u00e9pz\u00e9s)<\/td>\n<td style=\"width: 245px;\" width=\"246\">2026 j\u00falius 21<\/td>\n<\/tr>\n<tr>\n<td style=\"width: 433px;\" width=\"438\">Eredm\u00e9nyh\u00edrdet\u00e9s<\/td>\n<td style=\"width: 245px;\" width=\"246\">2026 j\u00falius 23<\/td>\n<\/tr>\n<tr>\n<td style=\"width: 433px;\" width=\"438\"><a href=\"mailto:admitere2@umfst.ro\">admitere2@umfst.ro<\/a>: A fellebbez\u00e9sek online beny\u00fajt\u00e1sa<\/td>\n<td style=\"width: 245px;\" width=\"246\">2026 j\u00falius 24 (14:00 \u00f3r\u00e1ig)<\/td>\n<\/tr>\n<tr>\n<td style=\"width: 433px;\" width=\"438\">V\u00e9gleges eredm\u00e9nyh\u00edrdet\u00e9s<\/td>\n<td style=\"width: 245px;\" width=\"246\">2026 j\u00falius 27<\/td>\n<\/tr>\n<tr>\n<td style=\"width: 433px;\" width=\"438\">A hely online meger\u0151s\u00edt\u00e9se a beiratkoz\u00e1si platformon \u00e9s a dosszi\u00e9k beny\u00fajt\u00e1sa a karok D\u00e9k\u00e1ni Hivatal\u00e1ba (on site)*<\/td>\n<td style=\"width: 245px;\" width=\"246\">2026\u00a0 j\u00falius 27-30<\/td>\n<\/tr>\n<tr>\n<td style=\"width: 433px;\" width=\"438\">Felv\u00e9teli vizsga \u00c9p\u00edt\u00e9szet k\u00e9pz\u00e9si program (angol nyelv\u0171 k\u00e9pz\u00e9s)<\/td>\n<td style=\"width: 245px;\" width=\"246\">2026 j\u00falius 27<\/td>\n<\/tr>\n<tr>\n<td style=\"width: 433px;\" width=\"438\">Eredm\u00e9nyh\u00edrdet\u00e9s \u00c9p\u00edt\u00e9szet k\u00e9pz\u00e9si program (angol nyelv\u0171 k\u00e9pz\u00e9s)<\/td>\n<td style=\"width: 245px;\" width=\"246\">2026 j\u00falius 28<\/td>\n<\/tr>\n<tr>\n<td style=\"width: 678px;\" colspan=\"2\" width=\"684\">\n<h3 style=\"text-align: center;\"><span style=\"color: #3d8dd9;\">Felv\u00e9teli 3<\/span><\/h3>\n<\/td>\n<\/tr>\n<tr>\n<td style=\"width: 433px;\" width=\"438\">Online iratkoz\u00e1s 24\/24 az<em> admitere.umfst.ro <\/em>platformon<\/td>\n<td style=\"width: 245px;\" width=\"246\">2026 augusztus 03-szeptember 01 (utols\u00f3 nap 12:00 \u00f3r\u00e1ig)<\/td>\n<\/tr>\n<tr>\n<td style=\"width: 433px;\" width=\"438\">Nyelvvizsga- \u00c9p\u00edt\u00e9szet k\u00e9pz\u00e9si program (angol nyelv\u0171 k\u00e9pz\u00e9s)<\/td>\n<td style=\"width: 245px;\" width=\"246\">2026 szeptember 02<\/td>\n<\/tr>\n<tr>\n<td style=\"width: 433px;\" width=\"438\">Felv\u00e9teli (\u201ePetru Maior\u201d B\u00f6lcs\u00e9szettudom\u00e1nyi Kar)<\/td>\n<td style=\"width: 245px;\" width=\"246\">2026 szeptember 03<\/td>\n<\/tr>\n<tr>\n<td style=\"width: 433px;\" width=\"438\">Felv\u00e9teli vizsga \u00c9p\u00edt\u00e9szet k\u00e9pz\u00e9si program (angol nyelv\u0171 k\u00e9pz\u00e9s)<\/td>\n<td style=\"width: 245px;\" width=\"246\">2026 szeptember 03<\/td>\n<\/tr>\n<tr>\n<td style=\"width: 433px;\" width=\"438\">Eredm\u00e9nyh\u00edrdet\u00e9s<\/td>\n<td style=\"width: 245px;\" width=\"246\">2026 szeptember 04<\/td>\n<\/tr>\n<tr>\n<td style=\"width: 433px;\" width=\"438\"><a href=\"mailto:admitere2@umfst.ro\">admitere2@umfst.ro<\/a>: A fellebbez\u00e9sek online beny\u00fajt\u00e1sa<\/td>\n<td style=\"width: 245px;\" width=\"246\">2026 szeptember 05-06<\/td>\n<\/tr>\n<tr>\n<td style=\"width: 433px;\" width=\"438\">V\u00e9gleges eredm\u00e9nyh\u00edrdet\u00e9s<\/td>\n<td style=\"width: 245px;\" width=\"246\">2026 szeptember 07<\/td>\n<\/tr>\n<tr>\n<td style=\"width: 433px;\" width=\"438\">A hely online meger\u0151s\u00edt\u00e9se a beiratkoz\u00e1si platformon \u00e9s a dosszi\u00e9k beny\u00fajt\u00e1sa a karok D\u00e9k\u00e1ni Hivatal\u00e1ba (on site)*<\/td>\n<td style=\"width: 245px;\" width=\"246\">2026\u00a0 szeptember 08-11<\/td>\n<\/tr>\n<\/tbody>\n<\/table>\n*A dosszi\u00e9k beny\u00fajt\u00e1sa a karok D\u00e9k\u00e1ni Hivatal\u00e1ba 9-14 \u00f3ra k\u00f6z\u00f6tt t\u00f6rt\u00e9nik:\n\nFacultatea de Farmacie: str. Gh. Marinescu nr. 38\n\nFacultatea de Inginerie \u0219i Tehnologia Informa\u021biei: str. N. Iorga nr. 1\n\nFacultatea de \u0218tiin\u021be \u0219i Litere \u201ePetru Maior\u201d: str. N. Iorga nr. 1\n\nFacultatea de Economie \u0219i Drept: str. Livezeni nr. 69\n\n<strong>\u00a0<\/strong>\n\n<strong>Befizetend\u0151 d\u00edjak:<\/strong>\n\n&#8211; Beiratkoz\u00e1si d\u00edj: 300 lej;\n\n&#8211; \u00c9p\u00edt\u00e9szet k\u00e9pz\u00e9si program (angol nyelv\u0171 k\u00e9pz\u00e9s) felv\u00e9teli vizsga d\u00edja: \u00a0480 lei.<\/div>\n\t\t\t\t<\/div>\n\t\t\t\t\t\t\t\t<\/div>\n\t\t\t\t\t\t<\/div>\n\t\t\t\t<\/div>\n\t\t\t\t\t<\/div>\n\t\t<\/div>\n\t\t\t\t\t<\/div>\n\t\t<\/section>\n\t\t\t\t<\/div>\n\t\t","protected":false},"excerpt":{"rendered":"<p>Orvostudom\u00e1nyi Kar, Fogorvostudom\u00e1nyi Kar, Gy\u00f3gyszer\u00e9szeti Kar (Kiv\u00e9ve Az Orvosi K\u00e9mia K\u00e9pz\u00e9si Program) ORVOSTUDOM\u00c1NYI KAR FOGORVOSTUDOM\u00c1NYI KAR GY\u00d3GYSZER\u00c9SZETI KAR (KIV\u00c9VE AZ ORVOSI K\u00c9MIA K\u00c9PZ\u00c9SI PROGRAM) Online iratkoz\u00e1s 24\/24 2026 j\u00falius 18, 8:00 \u00f3r\u00e1t\u00f3l-2026 j\u00falius 23, 12:00 \u00f3r\u00e1ig Felv\u00e9teli versenyvizsga Csak a k\u00f6vetkez\u0151 k\u00e9pz\u00e9si programok eset\u00e9ben: \u00c1ltal\u00e1nos orvosk\u00e9pz\u00e9s, Katonaorvosk\u00e9pz\u00e9s, Fogorvosk\u00e9pz\u00e9s, Gy\u00f3gyszer\u00e9szk\u00e9pz\u00e9s 2026 j\u00falius 26 Eredm\u00e9nyh\u00edrdet\u00e9s 2026 j\u00falius&hellip; <br \/> <a class=\"read-more\" href=\"https:\/\/adminfo.umfst.ro\/hu\/felveteli-kalendarium\/\">Read more<\/a><\/p>\n","protected":false},"author":1,"featured_media":0,"parent":0,"menu_order":0,"comment_status":"closed","ping_status":"closed","template":"","meta":{"_exactmetrics_skip_tracking":false,"_exactmetrics_sitenote_active":false,"_exactmetrics_sitenote_note":"","_exactmetrics_sitenote_category":0,"_monsterinsights_skip_tracking":false,"_monsterinsights_sitenote_active":false,"_monsterinsights_sitenote_note":"","_monsterinsights_sitenote_category":0,"footnotes":""},"class_list":["post-10760","page","type-page","status-publish","hentry"],"_links":{"self":[{"href":"https:\/\/adminfo.umfst.ro\/hu\/wp-json\/wp\/v2\/pages\/10760","targetHints":{"allow":["GET"]}}],"collection":[{"href":"https:\/\/adminfo.umfst.ro\/hu\/wp-json\/wp\/v2\/pages"}],"about":[{"href":"https:\/\/adminfo.umfst.ro\/hu\/wp-json\/wp\/v2\/types\/page"}],"author":[{"embeddable":true,"href":"https:\/\/adminfo.umfst.ro\/hu\/wp-json\/wp\/v2\/users\/1"}],"replies":[{"embeddable":true,"href":"https:\/\/adminfo.umfst.ro\/hu\/wp-json\/wp\/v2\/comments?post=10760"}],"version-history":[{"count":28,"href":"https:\/\/adminfo.umfst.ro\/hu\/wp-json\/wp\/v2\/pages\/10760\/revisions"}],"predecessor-version":[{"id":11704,"href":"https:\/\/adminfo.umfst.ro\/hu\/wp-json\/wp\/v2\/pages\/10760\/revisions\/11704"}],"wp:attachment":[{"href":"https:\/\/adminfo.umfst.ro\/hu\/wp-json\/wp\/v2\/media?parent=10760"}],"curies":[{"name":"wp","href":"https:\/\/api.w.org\/{rel}","templated":true}]}}